{"id":770,"date":"2012-01-20T00:00:00","date_gmt":"2012-01-19T23:00:00","guid":{"rendered":"http:\/\/www.grappa.no\/albums\/uncategorized\/karleken-livet\/"},"modified":"2016-08-15T15:18:21","modified_gmt":"2016-08-15T14:18:21","slug":"karleken-livet","status":"publish","type":"product","link":"https:\/\/grappa.no\/en\/albums\/grappa\/karleken-livet\/","title":{"rendered":"K\u00e4rleken &amp; Livet"},"content":{"rendered":"<p><\/p>\n<p>13 memorable songs by Rolf L\u00f8vland<\/p>\n<p>After the cd \u201cSpellemann\u201d (2009) \u2013 which sold to gold in Norway, about 9000 copies in Sweden and resulted in a tour and TV show with guest fiddler Alexander Rybak \u2013 the sequel is finally here. The album is called &quot;K\u00e4rleken &amp; Livet\u201d (Love &amp; Life), and is a tribute to Rolf L\u00f8vland. Rolf and his music has inspired Bettan since they first met in 1984. The two of them have had several commercial successes together, and now some of them are recorded again with a brand new twist.<\/p>\n<p>This cd contains new recordings of the three greatest songs they have done together. &quot;La det swinge&quot; has become a happy instrumental version with Orsa Spelm\u00e4n, &quot;Danse mot v\u00e5r&quot; has become a classic version including Prague Symphony Orchestra and Alexander Rybak as guest soloist, and &quot;Duett&quot; has turned into a hymn from Bettan to Jan Werner.<\/p>\n<p>The remaining songs on &quot;K\u00e4rleken &amp; Livet&quot; is a selection of Bettan\u2019s favorites from L\u00f8vlands\u2019 treasure chest. The new Swedish and Norwegian texts makes this a record with Bettans\u2019 own interpretation and charm.<\/p>\n<p><!--more--><\/p>\n<p>After the cd \u201cSpellemann\u201d (2009) &#8211; which sold to gold in Norway, about 9000 copies in Sweden and resulted in a tour and TV show with guest fiddler Alexander Rybak \u2013 the sequel is finally here.<\/p>\n<h4>Inspiring musicians<\/h4>\n<p>&quot;My last album, &quot;Spellemann&quot; was a tribute to the musicians who have inspired me and lifted my career further -here Rolf was represented. &quot;K\u00e4rleken &amp; Livet&quot; is a continuation of the inspiration and then Rolf was a natural choice &quot;- Bettan<\/p>\n<p>This cd contains new recordings of the three greatest songs they&#8217;ve done together. &quot;La det swinge&quot; has become a happy instrumental version with Orsa Spelm\u00e4n. &quot;Danse mot v\u00e5r&quot; has become a classic version including Prague Symphony Orchestra and Alexander Rybak as guest soloist.  &quot;Duett&quot; has turned into a hymn from Bettan to Jan Werner.<\/p>\n<h4>New Norwegian and Sweedish texts<\/h4>\n<p>&quot;Rolf&#8217;s melodies are a dream for singers. Melodic and beautiful music. Rolf is also a good friend and we have a long string of hits and experiences together from around the world, both with Bobbysocks and as a soloist &quot;- Bettan.<\/p>\n<p>The rest of the songs on &quot;K\u00e4rleken &amp; Livet&quot; is a selection of Bettan\u2019s favorites from L\u00f8vlands\u2019 treasure chest. The new Swedish and Norwegian texts \u2013by Rolf L\u00f8vland, Jostein Fet, \u00c5sa Jinder,Py B\u00e4ckman, Britt Wiberg and Hans Olav M\u00f8rk \u2013 makes this a record with Bettans\u2019 own interpretation and charm.<\/p>\n<h4><\/h4>\n<\/p>\n<p><\/p>","protected":false},"excerpt":{"rendered":"<p>&quot;Rolf&#8217;s melodies are a dream for singers. Melodic and beautiful music. Rolf is also a good friend and we have a long string of hits and experiences together from around the world, both with Bobbysocks and as a soloist &quot;- Bettan.<\/p>\n","protected":false},"featured_media":27033,"comment_status":"closed","ping_status":"open","template":"","meta":[],"product_brand":[],"product_cat":[6],"product_tag":[],"class_list":{"0":"post-770","1":"product","2":"type-product","3":"status-publish","4":"has-post-thumbnail","6":"product_cat-grappa","7":"product_shipping_class-cddvd-shipping","8":"uni_artist_tag-alexander-rybak","9":"uni_artist_tag-annbjorg-lien","10":"uni_artist_tag-bjorn-charles-dreyer","11":"uni_artist_tag-bjorn-ole-rasch","12":"uni_artist_tag-cathrine-iversen","13":"uni_artist_tag-chezch-national-symphony-orchestra","14":"uni_artist_tag-elisabeth-andreassen","15":"uni_artist_tag-gospelkoret-him","16":"uni_artist_tag-hans-fredrik-jacobsen","17":"uni_artist_tag-hilde-norbakken","18":"uni_artist_tag-orsa-spelman","19":"uni_artist_tag-pat-broaders","20":"uni_artist_tag-per-elias-drablos","21":"uni_artist_tag-per-hillestad","22":"uni_artist_tag-rolf-kristensen","23":"uni_artist_tag-rolf-lovland","24":"uni_main_artist_tag-elisabeth-andreassen","25":"uni_artist_genre-folk-music","26":"uni_artist_genre-pop","28":"first","29":"instock","30":"taxable","31":"shipping-taxable","32":"purchasable","33":"product-type-simple"},"_links":{"self":[{"href":"https:\/\/grappa.no\/en\/wp-json\/wp\/v2\/product\/770","targetHints":{"allow":["GET"]}}],"collection":[{"href":"https:\/\/grappa.no\/en\/wp-json\/wp\/v2\/product"}],"about":[{"href":"https:\/\/grappa.no\/en\/wp-json\/wp\/v2\/types\/product"}],"replies":[{"embeddable":true,"href":"https:\/\/grappa.no\/en\/wp-json\/wp\/v2\/comments?post=770"}],"wp:featuredmedia":[{"embeddable":true,"href":"https:\/\/grappa.no\/en\/wp-json\/wp\/v2\/media\/27033"}],"wp:attachment":[{"href":"https:\/\/grappa.no\/en\/wp-json\/wp\/v2\/media?parent=770"}],"wp:term":[{"taxonomy":"product_brand","embeddable":true,"href":"https:\/\/grappa.no\/en\/wp-json\/wp\/v2\/product_brand?post=770"},{"taxonomy":"product_cat","embeddable":true,"href":"https:\/\/grappa.no\/en\/wp-json\/wp\/v2\/product_cat?post=770"},{"taxonomy":"product_tag","embeddable":true,"href":"https:\/\/grappa.no\/en\/wp-json\/wp\/v2\/product_tag?post=770"}],"curies":[{"name":"wp","href":"https:\/\/api.w.org\/{rel}","templated":true}]}}