{"id":757,"date":"2011-05-27T00:00:00","date_gmt":"2011-05-26T23:00:00","guid":{"rendered":"http:\/\/www.grappa.no\/albums\/uncategorized\/fuggeln\/"},"modified":"2016-08-15T15:08:12","modified_gmt":"2016-08-15T14:08:12","slug":"fuggeln","status":"publish","type":"product","link":"https:\/\/grappa.no\/en\/albums\/heilo\/fuggeln\/","title":{"rendered":"Fuggel\u00b4n"},"content":{"rendered":"<p><\/p>\n<p>Ingebj\u00f8r S\u00f8rb\u00f8en\u00b4s Debut Album<\/p>\n<p>Ingebj\u00f8r S\u00f8rb\u00f8en is one of the new stars on the Norwegian folk music scene. &amp;quot;Fuggel\u00b4n&amp;quot; (The Bird)is her debut album. It was important for Ingebj\u00f8r to base this album in her own roots and traditions: She is known for her personal, musical expression, with variations in pace and tone. The album is essentially a solo album, but accomplished musicians like Arne Mosl\u00e5tten and Jo Asgeir Lie play on several of the tunes while Margit Myhr sings on three of them.<\/p>\n<p>Ingebj\u00f8r S\u00f8rb\u00f8en (Hardanger fiddle, fiddle) comes from Hallingdal in Norway, and plays material primarily from Hallingdal. Despite her young age, she has countless gigs behind her in both Norway and abroad. Ingebj\u00f8r was enrolled into the Ole Bull Academy right after high school, where she has developed her approach to her own musical traditions.<\/p>\n<p><!--more--><\/p>\n<h4><\/h4>\n<\/p>\n<h4><\/h4>\n<\/p>\n<h4><\/h4>\n<\/p>\n<p><\/p>","protected":false},"excerpt":{"rendered":"<p>Ingebj\u00f8r S\u00f8rb\u00f8en \u2013 a new star on the Norwegian folk music scene!<\/p>\n","protected":false},"featured_media":27298,"comment_status":"closed","ping_status":"open","template":"","meta":[],"product_brand":[],"product_cat":[35],"product_tag":[],"class_list":{"0":"post-757","1":"product","2":"type-product","3":"status-publish","4":"has-post-thumbnail","6":"product_cat-heilo","7":"product_shipping_class-cddvd-shipping","8":"uni_artist_tag-arne-moslatten","9":"uni_artist_tag-aslak-sandestolen","10":"uni_artist_tag-dordei-hallingstad","11":"uni_artist_tag-gunn-solvi-gausemel","12":"uni_artist_tag-gunnlaug-lien-myhr","13":"uni_artist_tag-ingebjor-sorboen","14":"uni_artist_tag-jo-asgeir-lie","15":"uni_artist_tag-margit-myhr","16":"uni_artist_tag-olav-sataslatten","17":"uni_artist_tag-trad","18":"uni_main_artist_tag-ingebjor-sorboen","19":"uni_artist_genre-folk-music","20":"uni_artist_genre-traditional","22":"first","23":"instock","24":"taxable","25":"shipping-taxable","26":"purchasable","27":"product-type-simple"},"_links":{"self":[{"href":"https:\/\/grappa.no\/en\/wp-json\/wp\/v2\/product\/757","targetHints":{"allow":["GET"]}}],"collection":[{"href":"https:\/\/grappa.no\/en\/wp-json\/wp\/v2\/product"}],"about":[{"href":"https:\/\/grappa.no\/en\/wp-json\/wp\/v2\/types\/product"}],"replies":[{"embeddable":true,"href":"https:\/\/grappa.no\/en\/wp-json\/wp\/v2\/comments?post=757"}],"wp:featuredmedia":[{"embeddable":true,"href":"https:\/\/grappa.no\/en\/wp-json\/wp\/v2\/media\/27298"}],"wp:attachment":[{"href":"https:\/\/grappa.no\/en\/wp-json\/wp\/v2\/media?parent=757"}],"wp:term":[{"taxonomy":"product_brand","embeddable":true,"href":"https:\/\/grappa.no\/en\/wp-json\/wp\/v2\/product_brand?post=757"},{"taxonomy":"product_cat","embeddable":true,"href":"https:\/\/grappa.no\/en\/wp-json\/wp\/v2\/product_cat?post=757"},{"taxonomy":"product_tag","embeddable":true,"href":"https:\/\/grappa.no\/en\/wp-json\/wp\/v2\/product_tag?post=757"}],"curies":[{"name":"wp","href":"https:\/\/api.w.org\/{rel}","templated":true}]}}