{"id":713,"date":"2011-02-07T00:00:00","date_gmt":"2011-02-06T23:00:00","guid":{"rendered":"http:\/\/www.grappa.no\/albums\/uncategorized\/sigbjorn-apeland-glossolalia\/"},"modified":"2018-10-12T06:39:30","modified_gmt":"2018-10-12T05:39:30","slug":"glossolalia","status":"publish","type":"product","link":"https:\/\/grappa.no\/en\/albums\/hubro\/glossolalia\/","title":{"rendered":"Glossolalia"},"content":{"rendered":"<p><\/p>\n<p>To speak in tounges<\/p>\n<p> \u201cGlossolalia\u201d is the first-ever solo album by the innovative musician Sigbj\u00f8rn Apeland, a courageous and challenging recording of improvised music for the harmonium.<\/p>\n<p>The term \u2018glossolalia\u2019 comes from the Greek \u2018glossa\u2019 meaning \u2018tongue\u2019, and \u2018lalia\u2019, meaning \u2018to speak\u2019. To speak in tongues is to talk in unintelligible sounds in a state of religious ecstasy. The title of the album is a play on the instrument\u2019s association with low-church traditions, that the music \u2018came to\u2019 Apeland in an inspired moment, and that the harmonium, unlike the church organ, has metal tongues instead of pipes.<\/p>\n<p>The harmonium had its heyday between 1880 and 1960; its technical limitations resist all types of virtuosic performance. \u201cMost harmoniums are old and poorly maintained, and often out of tune \u2013 and sometimes they are more or less defect,\u201d says Apeland. \u201cAlthough this is a problem for trained musicians, I have instead attempted to exploit the potential of these defects to create a new and previously unheard kind of music.\u201d<\/p>\n<p> \u201cI grew up with the instrument, but changed to piano and organ \u2013 right up until I rediscovered the harmonium as a very versatile instrument in my collaborations with Norwegian folk musicians. I gradually began to discover the potential of the instrument in improvised and experimental music settings.\u201d Apeland describes the music on the album as his \u201cattempt to create a form of ambient acoustic music.\u201d<\/p>\n<p>Sigbj\u00f8rn Apeland (born 1966) is a Norwegian record producer, musician (organ, harmonium) and the only Norwegian to have obtained a doctorate in ethnomusicology. He is known for his distinctive mix of folk music, church music and improvised music. He works as an organist, and specialized in free jazz with the legendary British drummer John Stevens; he has contributed to numerous recordings with Nils \u00d8kland and Sigrid Moldestad, folk singers \u00c5sne Valland Nordli, Berit Opheim Versto and Agnes Buen Garn\u00e5s, jazz musicians \u00d8yvind<\/p>\n<p><!--more--><\/p>\n<p>\u201cGlossolalia\u201d is the first-ever solo album by the innovative musician Sigbj\u00f8rn Apeland, a courageous and challenging recording of improvised music for the harmonium.<\/p>\n<h4>Harmonium heyday<\/h4>\n<p>The harmonium had its heyday between 1880 and 1960; its technical limitations resist all types of virtuosic performance. \u201cMost harmoniums are old and poorly maintained, and often out of tune \u2013 and sometimes they are more or less defect,\u201d says Apeland. \u201cAlthough this is a problem for trained musicians, I have instead attempted to exploit the potential of these defects to create a new and previously unheard kind of music.\u201d<\/p>\n<p> \u201cI grew up with the instrument, but changed to piano and organ \u2013 right up until I rediscovered the harmonium as a very versatile instrument in my collaborations with Norwegian folk musicians. I gradually began to discover the potential of the instrument in improvised and experimental music settings.\u201d Apeland describes the music on the album as his \u201cattempt to create a form of ambient acoustic music.\u201d<\/p>\n<h4>Sigbj\u00f8rn Apeland<\/h4>\n<p>Sigbj\u00f8rn Apeland (born 1966) is a Norwegian record producer, musician (organ, harmonium) and the only Norwegian to have obtained a doctorate in ethnomusicology. He is known for his distinctive mix of folk music, church music and improvised music. He works as an organist, and specialized in free jazz with the legendary British drummer John Stevens; he has contributed to numerous recordings with Nils \u00d8kland and Sigrid Moldestad, folk singers \u00c5sne Valland Nordli, Berit Opheim Versto and Agnes Buen Garn\u00e5s, jazz musicians \u00d8yvind Skarb\u00f8, Per J\u00f8rgensen and Bj\u00f8rn Kjellemyr, electronica innovators Alog and noise duo Golden Serenades, in addition to many others.<\/p>\n<h4><\/h4>\n<\/p>\n<p><\/p>","protected":false},"excerpt":{"rendered":"<p>\u201cGlossolalia\u201d is the first-ever solo album by the innovative musician Sigbj\u00f8rn Apeland, a courageous and challenging recording of improvised music for the harmonium.<\/p>\n","protected":false},"featured_media":27344,"comment_status":"closed","ping_status":"open","template":"","meta":[],"product_brand":[],"product_cat":[36],"product_tag":[],"class_list":{"0":"post-713","1":"product","2":"type-product","3":"status-publish","4":"has-post-thumbnail","6":"product_cat-hubro","7":"product_shipping_class-cddvd-shipping","8":"uni_artist_tag-andreas-risanger-meland","9":"uni_artist_tag-sigbjorn-apeland","10":"uni_main_artist_tag-sigbjorn-apeland","11":"uni_artist_genre-improvised-music","12":"uni_artist_genre-instrumental","14":"first","15":"instock","16":"taxable","17":"shipping-taxable","18":"purchasable","19":"product-type-simple"},"_links":{"self":[{"href":"https:\/\/grappa.no\/en\/wp-json\/wp\/v2\/product\/713","targetHints":{"allow":["GET"]}}],"collection":[{"href":"https:\/\/grappa.no\/en\/wp-json\/wp\/v2\/product"}],"about":[{"href":"https:\/\/grappa.no\/en\/wp-json\/wp\/v2\/types\/product"}],"replies":[{"embeddable":true,"href":"https:\/\/grappa.no\/en\/wp-json\/wp\/v2\/comments?post=713"}],"wp:featuredmedia":[{"embeddable":true,"href":"https:\/\/grappa.no\/en\/wp-json\/wp\/v2\/media\/27344"}],"wp:attachment":[{"href":"https:\/\/grappa.no\/en\/wp-json\/wp\/v2\/media?parent=713"}],"wp:term":[{"taxonomy":"product_brand","embeddable":true,"href":"https:\/\/grappa.no\/en\/wp-json\/wp\/v2\/product_brand?post=713"},{"taxonomy":"product_cat","embeddable":true,"href":"https:\/\/grappa.no\/en\/wp-json\/wp\/v2\/product_cat?post=713"},{"taxonomy":"product_tag","embeddable":true,"href":"https:\/\/grappa.no\/en\/wp-json\/wp\/v2\/product_tag?post=713"}],"curies":[{"name":"wp","href":"https:\/\/api.w.org\/{rel}","templated":true}]}}