{"id":707,"date":"2010-09-20T00:00:00","date_gmt":"2010-09-19T23:00:00","guid":{"rendered":"http:\/\/www.grappa.no\/albums\/uncategorized\/sputer-og-drev-munnharpe-i-100\/"},"modified":"2016-11-18T16:36:00","modified_gmt":"2016-11-18T15:36:00","slug":"sputer-og-drev-munnharpe-i-100","status":"publish","type":"product","link":"https:\/\/grappa.no\/en\/albums\/heilo\/sputer-og-drev-munnharpe-i-100\/","title":{"rendered":"Sputer og drev &#8211; Munnharpe i 100"},"content":{"rendered":"<p><\/p>\n<p>New Album From Norway\u00b4s top Jew\u00b4s Harp Players<\/p>\n<p>Eirik R\u00f8ine has played the Jew\u00b4s harp for 55 years, Hallgrim Berg for 45. They celebrate their 100 year anniversary with a new album. With the desire to do a production full of rhythm and pulse, they release the album Sputer og drev \u2013 Munnharpe i 100. R\u00f8ine and Berg want to show the potential of the Jew&#8217;s Harp as an instrument, offering a rich variety of tunes, rhythms and sounds that mark the Norwegian Jew&#8217;s harp tradition today. They want to praise the development in the Jew\u00b4s harp community the last fifty years. Until 1980\/1990, the two gentlemen were mainly alone on stage, but with several good instrument makers and numerous new talents, the future is bright. This time \u2013 in experimental interaction \u2013 they are accompanied by a number of Norway\u00b4s most acknowledged folk musicians, including Knut and Ole Aastad Br\u00e5ten, Roar Vangen, Jo Asgeir Lie, Kirsten Br\u00e5ten Berg, Torill Kvalv\u00e5gnes as well as &quot;historical jams&quot; with guitarist Robert Normann and techno group Ari Thunda.<\/p>\n<p><!--more--><\/p>\n<h4><\/h4>\n<\/p>\n<h4><\/h4>\n<\/p>\n<h4><\/h4>\n<\/p>\n<p><\/p>","protected":false},"excerpt":{"rendered":"<p>R\u00f8ine and Berg want to show the potential of the Jew&#8217;s Harp as an instrument, offering a rich variety of tunes, rhythms and sounds that mark the Norwegian Jew&#8217;s harp tradition today.<\/p>\n","protected":false},"featured_media":27290,"comment_status":"closed","ping_status":"open","template":"","meta":[],"product_brand":[],"product_cat":[35],"product_tag":[],"class_list":{"0":"post-707","1":"product","2":"type-product","3":"status-publish","4":"has-post-thumbnail","6":"product_cat-heilo","7":"product_shipping_class-cddvd-shipping","8":"uni_artist_tag-ari-thunda","9":"uni_artist_tag-erik-roine","10":"uni_artist_tag-hallgrim-berg","11":"uni_artist_tag-jo-asgeir-lie","12":"uni_artist_tag-kirsten-braten-berg","13":"uni_artist_tag-knut-aastad-braten","14":"uni_artist_tag-ole-aastad-braten","15":"uni_artist_tag-roar-vangen","16":"uni_artist_tag-robert-normann","17":"uni_artist_tag-tor-magne-hallibakken","18":"uni_artist_tag-torill-kvalvagnes","19":"uni_artist_tag-trad","20":"uni_main_artist_tag-hallgrim-berg","21":"uni_artist_genre-folk-music","22":"uni_artist_genre-norwegian","23":"uni_artist_genre-traditional","25":"first","26":"outofstock","27":"taxable","28":"shipping-taxable","29":"product-type-simple"},"_links":{"self":[{"href":"https:\/\/grappa.no\/en\/wp-json\/wp\/v2\/product\/707","targetHints":{"allow":["GET"]}}],"collection":[{"href":"https:\/\/grappa.no\/en\/wp-json\/wp\/v2\/product"}],"about":[{"href":"https:\/\/grappa.no\/en\/wp-json\/wp\/v2\/types\/product"}],"replies":[{"embeddable":true,"href":"https:\/\/grappa.no\/en\/wp-json\/wp\/v2\/comments?post=707"}],"wp:featuredmedia":[{"embeddable":true,"href":"https:\/\/grappa.no\/en\/wp-json\/wp\/v2\/media\/27290"}],"wp:attachment":[{"href":"https:\/\/grappa.no\/en\/wp-json\/wp\/v2\/media?parent=707"}],"wp:term":[{"taxonomy":"product_brand","embeddable":true,"href":"https:\/\/grappa.no\/en\/wp-json\/wp\/v2\/product_brand?post=707"},{"taxonomy":"product_cat","embeddable":true,"href":"https:\/\/grappa.no\/en\/wp-json\/wp\/v2\/product_cat?post=707"},{"taxonomy":"product_tag","embeddable":true,"href":"https:\/\/grappa.no\/en\/wp-json\/wp\/v2\/product_tag?post=707"}],"curies":[{"name":"wp","href":"https:\/\/api.w.org\/{rel}","templated":true}]}}