{"id":695,"date":"2004-09-15T00:00:00","date_gmt":"2004-09-14T23:00:00","guid":{"rendered":"http:\/\/www.grappa.no\/albums\/uncategorized\/song-i-himmelsalar\/"},"modified":"2025-01-15T14:56:59","modified_gmt":"2025-01-15T13:56:59","slug":"song-i-himmelsalar","status":"publish","type":"product","link":"https:\/\/grappa.no\/en\/albums\/heilo\/song-i-himmelsalar\/","title":{"rendered":"Song i himmelsalar"},"content":{"rendered":"<p><\/p>\n<p>New CD from Dvergm\u00e5l<\/p>\n<p>Dvergm\u00e5l released their first CD, Visor og kv\u00e6de fr\u00e5 Bl\u00e5berglandet, in 1996. The album was based on texts by the Norwegian poet Ivar Aasen and was nominated for a Spellemannpris (Norwegian Grammy Award). Typical of Dvergm\u00e5l\u00b4s music is the harmony vocals and the sound of the langeleik, hardanger fiddle, jew&#8217;s harp and willow pipe. The material on Song i himmelsalar consists both of old hymns and folk poems by the Norwegian poet Elias Blix (1836\u20131902), accompanied by folk tunes from various parts of the country. Hymns are an important part of the Norwegian music tradition, and Dvergm\u00e5l\u00b4s release is a vital and beautiful expression of this musical heritage. The material is mainly based on a concert at The Norwegian Folk Music Week in \u00c5l in 2002. The concert was a work commissioned for the festival to mark the 100 years that had passed since the death of Elias Blix.<\/p>\n<p><!--more--><\/p>\n<h4><\/h4>\n<h4><\/h4>\n<h4><\/h4>\n<p><\/p>","protected":false},"excerpt":{"rendered":"<p>Typical of Dvergm\u00e5l\u00b4s music is the harmony vocals and the sound of the langeleik, hardanger fiddle, jew&#8217;s harp and willow pipe. The material on Song i himmelsalar consists both of old hymns and folk poems by the Norwegian poet Elias Blix (1836\u20131902), accompanied by folk tunes from various parts of the country.<\/p>\n","protected":false},"featured_media":27244,"comment_status":"closed","ping_status":"closed","template":"","meta":[],"product_brand":[],"product_cat":[35],"product_tag":[],"class_list":{"0":"post-695","1":"product","2":"type-product","3":"status-publish","4":"has-post-thumbnail","6":"product_cat-heilo","7":"product_shipping_class-cddvd-shipping","8":"uni_artist_tag-dvergmal","9":"uni_artist_tag-jon-anders-halvorsen","10":"uni_artist_tag-leiv-solberg","11":"uni_artist_tag-marit-mattisberg-karlberg","12":"uni_artist_tag-oyonn-groven-myhren","13":"uni_artist_tag-trad","14":"uni_artist_tag-turid-spildo","15":"uni_main_artist_tag-dvergmal","16":"uni_artist_genre-folk-music","17":"uni_artist_genre-norwegian","18":"uni_artist_genre-traditional","20":"first","21":"outofstock","22":"taxable","23":"shipping-taxable","24":"purchasable","25":"product-type-simple"},"_links":{"self":[{"href":"https:\/\/grappa.no\/en\/wp-json\/wp\/v2\/product\/695","targetHints":{"allow":["GET"]}}],"collection":[{"href":"https:\/\/grappa.no\/en\/wp-json\/wp\/v2\/product"}],"about":[{"href":"https:\/\/grappa.no\/en\/wp-json\/wp\/v2\/types\/product"}],"replies":[{"embeddable":true,"href":"https:\/\/grappa.no\/en\/wp-json\/wp\/v2\/comments?post=695"}],"wp:featuredmedia":[{"embeddable":true,"href":"https:\/\/grappa.no\/en\/wp-json\/wp\/v2\/media\/27244"}],"wp:attachment":[{"href":"https:\/\/grappa.no\/en\/wp-json\/wp\/v2\/media?parent=695"}],"wp:term":[{"taxonomy":"product_brand","embeddable":true,"href":"https:\/\/grappa.no\/en\/wp-json\/wp\/v2\/product_brand?post=695"},{"taxonomy":"product_cat","embeddable":true,"href":"https:\/\/grappa.no\/en\/wp-json\/wp\/v2\/product_cat?post=695"},{"taxonomy":"product_tag","embeddable":true,"href":"https:\/\/grappa.no\/en\/wp-json\/wp\/v2\/product_tag?post=695"}],"curies":[{"name":"wp","href":"https:\/\/api.w.org\/{rel}","templated":true}]}}