{"id":682,"date":"2009-03-02T00:00:00","date_gmt":"2009-03-01T23:00:00","guid":{"rendered":"http:\/\/www.grappa.no\/albums\/uncategorized\/peace-will-come\/"},"modified":"2016-12-15T11:48:12","modified_gmt":"2016-12-15T10:48:12","slug":"peace-will-come","status":"publish","type":"product","link":"https:\/\/grappa.no\/en\/albums\/blue-mood-records\/peace-will-come\/","title":{"rendered":"Peace Will Come"},"content":{"rendered":"<p><\/p>\n<p>Harding Hank and Friends<\/p>\n<p>Hallvard T. Bj\u00f8rgum, here playing under the alias Harding Hank, has received a lot of praise for his personal and original approach to music. Peace Will Come is no exception: the release is a wonderful example of how musical collaboration and playfulness create new musical expressions. Bj\u00f8rgum is considered one of the leading fiddle players in Norway, and is one of the key figures in Norwegian folk music. However, on this release he pays tribute to the country music of his own youth, with special tribute to Hank Williams. But the roots from folk music are still present, and Harding Hank lets his fiddle lead the way through a mix of country, folk, rock and traditional music, accompanied by a number of world famous artists from different musical backgrounds.<\/p>\n<p><!--more--><\/p>\n<p>Peace Will Come: New album from Hallvard T. Bj\u00f8rgum and friends!<\/p>\n<h4>Tribute to Country Music<\/h4>\n<p>Hallvard T. Bj\u00f8rgum is considered one of the leading fiddle players in Norway, and is highly respected for his contribution to Norwegian folk music. At Peace Will Come, he plays under the alias Harding Hank, paying tribute to the country music of his youth \u2013 especially to the legendary Hank Williams, who wrote the title track &quot;(I&#8217;m Praying for The Day That) Peace Will Come&quot;, in addition to several songs on the release.<\/p>\n<h4>Dream Team<\/h4>\n<p>Peace Will Come is a strong production that in its mixture of country, folk songs, rock and folk music is free from narrow-minded genre limitations. Bj\u00f8rgum has also been joined by a range of world-famous musicians and artists. The release features the likes of Garth Hudson from The Band, Rick Danko, Eric Andersen, Blondie Chaplin, Lisa Fischer (both back up vocals for The Rolling Stones) and Ed Kaercher as well as Lillebj\u00f8rn Nilsen, Kirsten Br\u00e5ten Berg, Jonas Fjeld, Paolo Vinaccia and Bj\u00f8rgulv Straume.<\/p>\n<h4>Groundbreaking Music<\/h4>\n<p>The project is characterized by a fearless fusion of different genres, songs, musicians and instruments, held together by Bj\u00f8rgum\u00b4s fiddle play. The album opens with two Williams songs and ends with &quot;Myllarguten&quot;. Between these musical extremes are a varied repertoire, including Robbie Robertson&#8217;s &quot;Twilight&quot; and &quot;Nils, Jens &amp; Jeidaug&quot;, a modern folk song with folk musicians Kirsten Br\u00e5ten Berg and rock veteran Blondie Chaplin. We also find several of Bj\u00f8rgum\u00b4s own compositions. The release ends with five bonus tracks recorded in the home of the late Rick Danko in Woodstock in 1994, here released on CD for the first time. The CD booklet contains photos from Bj\u00f8rgum career and thorough background information.<\/p>\n<p><\/p>","protected":false},"excerpt":{"rendered":"<p>Peace Will Come is a strong production that in its mixture of country, folk songs, rock and folk music is free from narrow-minded genre limitations. Bj\u00f8rgum has also been joined by a range of world-famous musicians and artists.<\/p>\n","protected":false},"featured_media":26884,"comment_status":"closed","ping_status":"open","template":"","meta":[],"product_brand":[],"product_cat":[51],"product_tag":[],"class_list":{"0":"post-682","1":"product","2":"type-product","3":"status-publish","4":"has-post-thumbnail","6":"product_cat-blue-mood-records","7":"product_shipping_class-cddvd-shipping","8":"uni_artist_tag-bjorgulv-straume","9":"uni_artist_tag-blondie-chaplin","10":"uni_artist_tag-daniel-sanden-warg","11":"uni_artist_tag-danny-dill","12":"uni_artist_tag-danny-morrison","13":"uni_artist_tag-ed-kaercher","14":"uni_artist_tag-eric-andersen","15":"uni_artist_tag-fred-rose","16":"uni_artist_tag-garth-hudson","17":"uni_artist_tag-hallvard-t-bjorgum","18":"uni_artist_tag-hallvard-t-bjorgum-harding-hank","19":"uni_artist_tag-hank-williams","20":"uni_artist_tag-inge-bakke-nes","21":"uni_artist_tag-james-taylor","22":"uni_artist_tag-jan-lothe-eriksen","23":"uni_artist_tag-johnny-slate","24":"uni_artist_tag-jonas-fjeld","25":"uni_artist_tag-keith-lentin","26":"uni_artist_tag-kirsten-braten-berg","27":"uni_artist_tag-larry-keith","28":"uni_artist_tag-lillebjorn-nilsen","29":"uni_artist_tag-lisa-fischer","30":"uni_artist_tag-marijohn-wilkin","31":"uni_artist_tag-paolo-vinaccia","32":"uni_artist_tag-paul-kennerly","33":"uni_artist_tag-pee-wee-king","34":"uni_artist_tag-rick-danko","35":"uni_artist_tag-robbie-robertson","36":"uni_artist_tag-steve-holley","37":"uni_artist_tag-tarald-j-uppstad","38":"uni_artist_tag-trad","39":"uni_artist_tag-william-olson","40":"uni_main_artist_tag-hallvard-t-bjorgum","41":"uni_artist_genre-country","42":"uni_artist_genre-traditional","44":"first","45":"instock","46":"taxable","47":"shipping-taxable","48":"purchasable","49":"product-type-simple"},"_links":{"self":[{"href":"https:\/\/grappa.no\/en\/wp-json\/wp\/v2\/product\/682","targetHints":{"allow":["GET"]}}],"collection":[{"href":"https:\/\/grappa.no\/en\/wp-json\/wp\/v2\/product"}],"about":[{"href":"https:\/\/grappa.no\/en\/wp-json\/wp\/v2\/types\/product"}],"replies":[{"embeddable":true,"href":"https:\/\/grappa.no\/en\/wp-json\/wp\/v2\/comments?post=682"}],"wp:featuredmedia":[{"embeddable":true,"href":"https:\/\/grappa.no\/en\/wp-json\/wp\/v2\/media\/26884"}],"wp:attachment":[{"href":"https:\/\/grappa.no\/en\/wp-json\/wp\/v2\/media?parent=682"}],"wp:term":[{"taxonomy":"product_brand","embeddable":true,"href":"https:\/\/grappa.no\/en\/wp-json\/wp\/v2\/product_brand?post=682"},{"taxonomy":"product_cat","embeddable":true,"href":"https:\/\/grappa.no\/en\/wp-json\/wp\/v2\/product_cat?post=682"},{"taxonomy":"product_tag","embeddable":true,"href":"https:\/\/grappa.no\/en\/wp-json\/wp\/v2\/product_tag?post=682"}],"curies":[{"name":"wp","href":"https:\/\/api.w.org\/{rel}","templated":true}]}}