{"id":678,"date":"2008-04-28T00:00:00","date_gmt":"2008-04-27T23:00:00","guid":{"rendered":"http:\/\/www.grappa.no\/albums\/uncategorized\/wenche-myhre-in-concert\/"},"modified":"2024-11-08T12:02:48","modified_gmt":"2024-11-08T11:02:48","slug":"wenche-myhre-in-concert","status":"publish","type":"product","link":"https:\/\/grappa.no\/en\/albums\/grappa\/wenche-myhre-in-concert\/","title":{"rendered":"Wenche Myhre In Concert- SIGNERT UTGAVE!"},"content":{"rendered":"<p>SIGNERT UTGAVE- BEGRENSET OPPLAG!<\/p>\n<p>Norges st\u00f8rste entertainer er tilbake!<\/p>\n<p>En energisk og fengende hit-parade som inkluderer noen av Myhres st\u00f8rste h\u00f8ydepunkt som artist. Wenche Myhre in Concert er en forrykende konsertplate som bobler av spilleglede og godt hum\u00f8r. Norges st\u00f8rste entertainer er som alltid i storform og denne gangen samarbeider hun med selveste Kringkastingsorkesteret og dirigent og arrang\u00f8r Anders Eljas, kjent som en av Sveriges viktigste musikalske bakmenn. Repertoaret best\u00e5r av Myhres beste og mest kjente sanger gjennom en lang og suksessrik artistkarriere. Her f\u00e5r vi h\u00f8re friske og velorkestrerte versjoner av \u201cVi lever\u201d, \u201cN\u00e5r jeg blir 66\u201d,\u201c\u201dLa meg v\u00e6re ung\u201d, \u201cEn natt forbi\u201d, \u201cV\u00e5rherres klinkekule\u201d og \u201cBl\u00e5klokkevikua\u201d. Dessuten fremf\u00f8rer Myhre en herlig hit-medley samt en varm hyllest til Povel Ramel som hun hadde et n\u00e6rt, musikalsk samarbeid med.<\/p>\n<p><!--more--><\/p>\n<p>Wenche Myhre i sitt livs beste form!<\/p>\n<h4>Hitparade<\/h4>\n<p>Wenche Myhre in Concert er en hit-parade som oser av energi og hum\u00f8r. Wenche Myhre presenterer her sine aller beste og mest kjente sanger gjennom en lang og suksessrik artistkarriere. Dirigent og arrang\u00f8r er ingen ringere enn Anders Eljas, en av Sveriges mest kjente musikalske bakmenn, blant annet kjent for sitt n\u00e6re samarbeid med Abba. P\u00e5 albumet Wenche Myhre in Concert kan du h\u00f8re friske og velorkestrerte versjoner av \u201dVi lever\u201d, \u201dN\u00e5r jeg blir 66\u201d, \u201dLa meg v\u00e6re ung\u201d, \u201dEn natt forbi\u201d, \u201dV\u00e5rherres klinkekule\u201d ,\u201dBl\u00e5klokkevikua\u201d og en forrykende hitmedley samt en hyllest til Povel Ramel og det gode samarbeidet Povel og Wenche hadde sammen.<\/p>\n<h4>Suksessrik turn\u00e9<\/h4>\n<p>Konsertturneen Wenche Myhre in Concert ble en enorm suksess. Myhre og co. turnerte med Hurtigruta langt store deler av kysten og kritikere og publikum over hele landet ble tatt med storm. Aftenpostens Mona Levin beskrev showet som \u201dforrykende, ubesv\u00e6ret og uh\u00f8ytidelig\u201d og Myhres stemme var \u201dflottere enn noen gang\u201d. CD-utgivelsen er et live-opptak fra Rockefeller-konserten i 2007, og denne konserten ble ogs\u00e5 sendt som fjernsynsprogram i NRK1.<\/p>\n<h4>Hele Norges Wenche Myhre<\/h4>\n<p>Hele Norges Wenche er en av ytterst f\u00e5 nordmenn som har lyktes i \u00e5 legge Mellom-Europa for sine f\u00f8tter. Med sitt allsidige repertoar innen sang, komedie, musikaler eller som programleder fanger hun publikum gang p\u00e5 gang, \u00e5r etter \u00e5r. N\u00e5 utstr\u00e5ler hun mer energi enn noen gang!<\/p>\n","protected":false},"excerpt":{"rendered":"<p>Et tverrsnitt av Wenche Myhres fantastiske karriere!<\/p>\n","protected":false},"featured_media":41907,"comment_status":"closed","ping_status":"closed","template":"","meta":[],"product_brand":[],"product_cat":[6],"product_tag":[],"class_list":{"0":"post-678","1":"product","2":"type-product","3":"status-publish","4":"has-post-thumbnail","6":"product_cat-grappa","7":"product_shipping_class-cddvd-shipping","8":"uni_artist_tag-anders-eljas","9":"uni_artist_tag-benny-andersson","10":"uni_artist_tag-bent-fabricius-bjerre","11":"uni_artist_tag-beppe-wolgers","12":"uni_artist_tag-bjorn-ulvaeus","13":"uni_artist_tag-charles-aznavour","14":"uni_artist_tag-don-gibson","15":"uni_artist_tag-finn-ludt","16":"uni_artist_tag-geir-olav-bokestad","17":"uni_artist_tag-hans-christian-bruhn","18":"uni_artist_tag-harald-aadland","19":"uni_artist_tag-john-lennon","20":"uni_artist_tag-norwegian-radio-orchestra","21":"uni_artist_tag-paul-curtis","22":"uni_artist_tag-paul-mccartney","23":"uni_artist_tag-per-kristian-indrehus","24":"uni_artist_tag-pete-knutsen","25":"uni_artist_tag-peter-strom","26":"uni_artist_tag-povel-ramel","27":"uni_artist_tag-rudi-lindt","28":"uni_artist_tag-serge-gainsbourg","29":"uni_artist_tag-tex-atchison","30":"uni_artist_tag-tim-rice","31":"uni_artist_tag-tony-hiller","32":"uni_artist_tag-trad","33":"uni_artist_tag-udo-jurgens","34":"uni_artist_tag-wenche-myhre","35":"uni_artist_tag-william-s-cook","36":"uni_artist_tag-wolfgang-hofer","37":"uni_main_artist_tag-wenche-myhre","38":"uni_artist_genre-orchestral","39":"uni_artist_genre-pop","40":"uni_artist_genre-rock","42":"first","43":"instock","44":"taxable","45":"shipping-taxable","46":"purchasable","47":"product-type-simple"},"_links":{"self":[{"href":"https:\/\/grappa.no\/en\/wp-json\/wp\/v2\/product\/678","targetHints":{"allow":["GET"]}}],"collection":[{"href":"https:\/\/grappa.no\/en\/wp-json\/wp\/v2\/product"}],"about":[{"href":"https:\/\/grappa.no\/en\/wp-json\/wp\/v2\/types\/product"}],"replies":[{"embeddable":true,"href":"https:\/\/grappa.no\/en\/wp-json\/wp\/v2\/comments?post=678"}],"wp:featuredmedia":[{"embeddable":true,"href":"https:\/\/grappa.no\/en\/wp-json\/wp\/v2\/media\/41907"}],"wp:attachment":[{"href":"https:\/\/grappa.no\/en\/wp-json\/wp\/v2\/media?parent=678"}],"wp:term":[{"taxonomy":"product_brand","embeddable":true,"href":"https:\/\/grappa.no\/en\/wp-json\/wp\/v2\/product_brand?post=678"},{"taxonomy":"product_cat","embeddable":true,"href":"https:\/\/grappa.no\/en\/wp-json\/wp\/v2\/product_cat?post=678"},{"taxonomy":"product_tag","embeddable":true,"href":"https:\/\/grappa.no\/en\/wp-json\/wp\/v2\/product_tag?post=678"}],"curies":[{"name":"wp","href":"https:\/\/api.w.org\/{rel}","templated":true}]}}