{"id":658,"date":"2007-01-15T00:00:00","date_gmt":"2007-01-14T23:00:00","guid":{"rendered":"http:\/\/www.grappa.no\/albums\/uncategorized\/beethoven-thoresen-beethoven-vol-3\/"},"modified":"2019-02-22T16:03:42","modified_gmt":"2019-02-22T15:03:42","slug":"beethoven-thoresen-beethoven-vol-3","status":"publish","type":"product","link":"https:\/\/grappa.no\/en\/albums\/simax-classics\/beethoven-thoresen-beethoven-vol-3\/","title":{"rendered":"Beethoven + Thoresen (Beethoven+, vol. 3)"},"content":{"rendered":"<p><\/p>\n<p>Powerful conclusion of Beethoven+<\/p>\n<p>The last release in the acclaimed series Beethoven+ is ready. Grieg Trio bring this fascinating series to a powerful conclusion with Beethoven\u2019s last trio + the world premiere recording of Lasse Thoresen\u2019s piano trio no. 2. Professor and composer Lasse Thoresen has received much praise for his music all over the world, both through concerts, festivals (composer in residence 2004\u20132007 Festival Pr\u00e9sences) and recordings. His second piano trio \u201cThe Descend of Luminous Waters\u201d was premiered by Grieg Trio and has been performed in Amsterdam, Berlin and London. The Archduke is a marvellous display of melodic inspiration, instrumental vitruosity, emotional depth and formal mastery of the mature Beethoven.<\/p>\n<p><!--more--><\/p>\n<p>The last release in the acclaimed series Beethoven+ is ready. Grieg Trio bring this fascinating series to a powerful conclusion with Beethoven\u2019s last trio + the world premiere recording of Lasse Thoresen\u2019s piano trio no. 2.<\/p>\n<h4>Beethoven + Thoresen<\/h4>\n<p>The last of the contemporary composers included in Grieg Trio\u2019s Beethoven+ series is himself a devoted admirer of Beethoven\u2019s work. Professor and composer Lasse Thoresen has received much praise for his music all over the world, both through concerts, festivals (composer in residence 2004\u20132007 Festival Pr\u00e9sences) and recordings. His second piano trio \u201cThe Descend of Luminous Waters\u201d was premiered by Grieg Trio and has been performed in Amsterdam, Berlin and London.<\/p>\n<h4>Grieg Trio<\/h4>\n<p>Grieg Trio are Vebj\u00f8rn Anvik (piano), S\u00f8lve Sigerland (violin) and Ellen Margrete Flesj\u00f8 (cello). Beethoven+ is a unique project, instigated by one of the world\u2019s foremost piano trios today. All of Beethoven\u2019s piano trios are performed along side newly written works for the ensemble, both in concert and on CD. The season 2002-03 saw the series performed in Wigmore Hall and Konzerthaus Berlin in 2005. Since 2004 the Grieg Trio is Artistic Director of the Stavanger International Chamber Music Festival, and the same year they where awarded the Norwegian Grammy for the complete recording of the Dvorak trios.<\/p>\n<h4><\/h4>\n<\/p>\n<p><\/p>","protected":false},"excerpt":{"rendered":"<p>&#8211; alert, spirited performances and a program that seems to highlight Beethoven&#8217;s originality by placing it next to an inventive modern work. [Gramophone]<\/p>\n","protected":false},"featured_media":27568,"comment_status":"closed","ping_status":"open","template":"","meta":[],"product_brand":[],"product_cat":[180],"product_tag":[],"class_list":{"0":"post-658","1":"product","2":"type-product","3":"status-publish","4":"has-post-thumbnail","6":"product_cat-simax-classics","7":"product_shipping_class-cddvd-shipping","8":"uni_artist_tag-grieg-trio","9":"uni_artist_tag-krzysztof-drab","10":"uni_artist_tag-lasse-thoresen","11":"uni_artist_tag-ludwig-van-beethoven","12":"uni_main_artist_tag-grieg-trio","13":"uni_artist_genre-chamber-music","15":"first","16":"instock","17":"taxable","18":"shipping-taxable","19":"purchasable","20":"product-type-simple"},"_links":{"self":[{"href":"https:\/\/grappa.no\/en\/wp-json\/wp\/v2\/product\/658","targetHints":{"allow":["GET"]}}],"collection":[{"href":"https:\/\/grappa.no\/en\/wp-json\/wp\/v2\/product"}],"about":[{"href":"https:\/\/grappa.no\/en\/wp-json\/wp\/v2\/types\/product"}],"replies":[{"embeddable":true,"href":"https:\/\/grappa.no\/en\/wp-json\/wp\/v2\/comments?post=658"}],"wp:featuredmedia":[{"embeddable":true,"href":"https:\/\/grappa.no\/en\/wp-json\/wp\/v2\/media\/27568"}],"wp:attachment":[{"href":"https:\/\/grappa.no\/en\/wp-json\/wp\/v2\/media?parent=658"}],"wp:term":[{"taxonomy":"product_brand","embeddable":true,"href":"https:\/\/grappa.no\/en\/wp-json\/wp\/v2\/product_brand?post=658"},{"taxonomy":"product_cat","embeddable":true,"href":"https:\/\/grappa.no\/en\/wp-json\/wp\/v2\/product_cat?post=658"},{"taxonomy":"product_tag","embeddable":true,"href":"https:\/\/grappa.no\/en\/wp-json\/wp\/v2\/product_tag?post=658"}],"curies":[{"name":"wp","href":"https:\/\/api.w.org\/{rel}","templated":true}]}}