{"id":657,"date":"2012-06-01T00:00:00","date_gmt":"2012-05-31T23:00:00","guid":{"rendered":"http:\/\/www.grappa.no\/albums\/uncategorized\/perspectives-6942-north-1900-east\/"},"modified":"2019-02-22T16:03:38","modified_gmt":"2019-02-22T15:03:38","slug":"perspectives-6942-north-1900-east","status":"publish","type":"product","link":"https:\/\/grappa.no\/en\/albums\/simax-classics\/perspectives-6942-north-1900-east\/","title":{"rendered":"Perspectives (69\u00b042&#8242;, North | 19\u00b000&#8242; East)"},"content":{"rendered":"<p><\/p>\n<p>Debut from Troms\u00f8 Chamber Orchestra: Webern, P\u00e4rt, Kurt\u00e1g, H\u00f6gberg and Lutos\u0142awski<\/p>\n<p>The works on this recording embrace ninety-nine years of European music history and are balanced by paradoxical opposites; the programme is dominated by moods of the long, arctic winter night \u2013 grief, longing, absence \u2013 and the midnight sun\u2019s unceasing orgy of light and life. Kolbj\u00f8rn Holthe and his inspired orchestra display both playful virtuosity and extreme serenity in their interpretations of this repertoire.<\/p>\n<p>The first three works definitely belong in the darkness of the polar night. Webern&#8217;s F\u00fcnf S\u00e4tze is his first atonal work, originally written for string quartet. The Cantus in Memoriam Benjamin Britten by P\u00e4rt is a mourning piece over the death of Britten in 1977. Kurt\u00e1gs captivating Aus der Ferne III from 1991 closes the section. Offering the greatest contrast to the rest of the repertoire is the world premiere recording prize-winning Swedish composer Fredrik H\u00f6gberg\u2019s double bass concerto Hitting the First Base, with soloist Dan Styffe. Lutos\u0142awski considered Musique fun\u00e8bre to be a turning point in his career even as early as the first performance in 1958.<\/p>\n<p><!--more--><\/p>\n<p>The base and identity of the orchestra are given in the coordinates for the town of Troms\u00f8 (69\u00b042\u2019 north | 19\u00b000\u2019 east). It is from this vantage point their perspective on five European composers is applied; five composers who in turn exist in mutual contrast and perspective.<\/p>\n<h4>The polar night<\/h4>\n<p>The first three works definitely belong in the darkness of the polar night. Webern&#8217;s F\u00fcnf S\u00e4tze is his first atonal work, originally written for string quartet. The Cantus in Memoriam Benjamin Britten by P\u00e4rt is a mourning piece over the death of Britten in 1977. The work is one of the earliest examples of P\u00e4rt&#8217;s tintinnabulation-style where minimalism embraces the extreme, much like the perspectives in the polar landscapes. Kurt\u00e1gs captivating Aus der Ferne III from 1991 closes the section.<\/p>\n<h4>The midnight sun storm<\/h4>\n<p>With Kurt\u00e1g\u2019s work the arctic night is definitively behind us, and offering the greatest contrast to the rest of the repertoire is the prize-winning Swedish composer Fredrik H\u00f6gberg\u2019s double bass concerto Hitting the First Base (2008). It does just what the double meaning of the title\u2019s baseball metaphor promises: it hits our senses in a postmodern explosion of audible photons, a rhythmic, lively midnight sun storm of vibrant musicianship. The work was composed for and is dedicated to double bass player Dan Styffe who also assisted the composer in shaping the highly virtuosic, physically demanding and dynamic solo part.<\/p>\n<p>Lutos\u0142awski considered Musique fun\u00e8bre to be a turning point in his career even as early as the first performance in 1958, the beginning of a new period of self-found freedom to move around the musical twelve-note terrain, emancipated both from tonality and from more rigid versions of dodecaphony. Musique fun\u00e8bre was \u201cthe first, and most certainly not the last word I will utter in what to me is a new language,\u201d wrote Lutos\u0142awski.<\/p>\n<h4>Troms\u00f8 Chamber Orchestra<\/h4>\n<p>Troms\u00f8 Chamber Orchestra is the only full-time professional chamber orchestra in Norway. The orchestra has become well-known as a modern and versatile ensemble of high international standard. The orchestra gives weekly concerts in Troms\u00f8, and the musicians also serve regularly as a part of the Arctic Philharmonic Orchestra, through the organisation NOSO AS.<\/p>\n<p>The orchestra presents some of the most sought after soloists and artistic leaders from all over the world. Musically their range is from chamber ensembles and chamber orchestra to bigger symphonic productions. In addition to this, the orchestra has a high reputation in crossover repertory, through several co-productions with some of Norway&#8217;s most demanded pop- and jazz-artists. Kolbj\u00f8rn Holthe has been the artistic leader since 2006, and under his leadership the orchestra has evolved into an ensemble that inspires and engages both the audience and the musicians passionately. Henning Kraggerud will follow Mr. Holthe as artistic leader from autumn 2012.<\/p>\n<p><\/p>","protected":false},"excerpt":{"rendered":"<p>Seminal works from the orchestra of Arctic Troms\u00f8. [Gramophone]<\/p>\n","protected":false},"featured_media":27713,"comment_status":"closed","ping_status":"open","template":"","meta":[],"product_brand":[],"product_cat":[180],"product_tag":[],"class_list":{"0":"post-657","1":"product","2":"type-product","3":"status-publish","4":"has-post-thumbnail","6":"product_cat-simax-classics","7":"product_shipping_class-cddvd-shipping","8":"uni_artist_tag-anton-webern","9":"uni_artist_tag-arvo-part","10":"uni_artist_tag-dan-styffe","11":"uni_artist_tag-francois-eckert","12":"uni_artist_tag-fredrik-hogberg","13":"uni_artist_tag-gyorgy-kurtag","14":"uni_artist_tag-kolbjorn-holthe","15":"uni_artist_tag-tromso-chamber-orchestra","16":"uni_artist_tag-witold-lutoslawski","17":"uni_main_artist_tag-tromso-chamber-orchestra","18":"uni_artist_genre-chamber-music","19":"uni_artist_genre-contemporary-music","20":"uni_artist_genre-strings","21":"uni_artist_genre-world-premiere-recording","23":"first","24":"instock","25":"taxable","26":"shipping-taxable","27":"purchasable","28":"product-type-simple"},"_links":{"self":[{"href":"https:\/\/grappa.no\/en\/wp-json\/wp\/v2\/product\/657","targetHints":{"allow":["GET"]}}],"collection":[{"href":"https:\/\/grappa.no\/en\/wp-json\/wp\/v2\/product"}],"about":[{"href":"https:\/\/grappa.no\/en\/wp-json\/wp\/v2\/types\/product"}],"replies":[{"embeddable":true,"href":"https:\/\/grappa.no\/en\/wp-json\/wp\/v2\/comments?post=657"}],"wp:featuredmedia":[{"embeddable":true,"href":"https:\/\/grappa.no\/en\/wp-json\/wp\/v2\/media\/27713"}],"wp:attachment":[{"href":"https:\/\/grappa.no\/en\/wp-json\/wp\/v2\/media?parent=657"}],"wp:term":[{"taxonomy":"product_brand","embeddable":true,"href":"https:\/\/grappa.no\/en\/wp-json\/wp\/v2\/product_brand?post=657"},{"taxonomy":"product_cat","embeddable":true,"href":"https:\/\/grappa.no\/en\/wp-json\/wp\/v2\/product_cat?post=657"},{"taxonomy":"product_tag","embeddable":true,"href":"https:\/\/grappa.no\/en\/wp-json\/wp\/v2\/product_tag?post=657"}],"curies":[{"name":"wp","href":"https:\/\/api.w.org\/{rel}","templated":true}]}}