{"id":650,"date":"2009-02-09T00:00:00","date_gmt":"2009-02-08T23:00:00","guid":{"rendered":"http:\/\/www.grappa.no\/albums\/uncategorized\/spellemann\/"},"modified":"2016-11-18T16:35:04","modified_gmt":"2016-11-18T15:35:04","slug":"spellemann","status":"publish","type":"product","link":"https:\/\/grappa.no\/en\/albums\/grappa\/spellemann\/","title":{"rendered":"Spellemann"},"content":{"rendered":"<p><\/p>\n<p>Folk Music from Norway and Sweden<\/p>\n<p>Elisabeth Andreassen is a popular and versatile artist with experience from several projects and music genres. With the release Spellemann she shows her love for Norwegian and Swedish folk music. The record consists of the artist&#8217;s own favorites and is a very personal release. Andreassen sings in Swedish, Norwegian and Nynorsk and she honours the Swedish and Norwegian folk musical heritage. The release opens with &quot;Klinga mina klockor&quot;, where she has been joined by Annbj\u00f8rg Lien and Orsa Spelm\u00e4n. Both Lien and Orsa Spelm\u00e4n contributes on several tracks. Of the other talented contributors to this publication, we can mention Sven Nordin and Bjarte Hjelmeland. Andreassen and her daughter Nora sings also duet on the beautiful song &quot;Sommerfugl&quot; with lyrics by Henrik Wergeland. There is also Rolf L\u00f8vland &quot;Bryllupssang&quot; by Irish Pat Broadbent. Spellemann presents new aspects of Andreassen\u00b4s musical career as an artist and makes it clear why she is among Scandinavia\u00b4s best and most renowned artists.<\/p>\n<p><!--more--><\/p>\n<p>Elisabeth Andreassen with new CD. Folk music from Norway and Sweden.<\/p>\n<h4>Folk Music<\/h4>\n<p>Elisabeth &quot;Bettan&quot; Andreassen is one of Scandinavia&#8217;s most versatile artists and has sold more than 1 million records. After a period in the country music genre, she moves on to folk music. \u2013 Spellemann is a musical dream I have had for a long time, says Bettan. \u2013 I have collected several of my favorite tunes from Sweden and Norway. There are both traditional songs that go way back and new tunes. Ll of them are dressed in tones and instruments that we know from folk music, beautifully presented in Bj\u00f8rn Ole Rasch\u00b4s production. \u2013 This is my 50th birthday, and Spellemann is a present to myself, Bettan smiles.<\/p>\n<h4>Personal favorites<\/h4>\n<p>Bettan has also picked three gems by Benny Andersson and Bj\u00f8rn Ulvaeus \u2013 written after the ABBA era and which have previously been performed by the BOA (Benny Andersson&#8217;s Orchestra). All three are key songs on the CD, among them &quot;Klinga my klockor&quot;. Orsa Sp\u00e4lman (originated by the BOA) also guests on these songs. Annbj\u00f8rg Lien and producer Bj\u00f8rn Ole Rasch helps with newly written tunes, and have set music to Henrik Wergeland\u00b4s &quot;Sommerfugl&quot; (a duet with Elisabeth&#8217;s daughter, Nora). Lien and Rasch also has collaborated on a folk tune from Sykkylven where Bettan\u00b4s mother comes from. Rolf L\u00f8vland\u00b4s &quot;Bryllupssang&quot; \u2013 the composer&#8217;s wedding gift for Bettan and her husband Tor \u2013 is included on the CD.<\/p>\n<h4>Bj\u00f8rn Ole Rasch<\/h4>\n<p>Most of producer Bj\u00f8rn Ole Rasch\u00b4s productions are in the landscapes of Norwegian folk music and world music. He has worked with artists such as Secret Garden, Annbj\u00f8rg Lien and Sissel Kyrkjeb\u00f8. He is also member of the folk ensemble Tre bukkene bruse. Rasch has worked with many international artists including Sin\u00e9ad O&#8217;Connor, The Chieftains, Hanne Boel and Jose Carreras.<\/p>\n<p><\/p>","protected":false},"excerpt":{"rendered":"<p>One of Elisabeth Andreassen\u00b4s most personal albums.<\/p>\n","protected":false},"featured_media":27018,"comment_status":"closed","ping_status":"open","template":"","meta":[],"product_brand":[],"product_cat":[6],"product_tag":[],"class_list":{"0":"post-650","1":"product","2":"type-product","3":"status-publish","4":"has-post-thumbnail","6":"product_cat-grappa","7":"product_shipping_class-cddvd-shipping","8":"uni_artist_tag-annbjorg-lien","9":"uni_artist_tag-arne-paasche-aasen","10":"uni_artist_tag-benny-andersson","11":"uni_artist_tag-bjarte-hjelmeland","12":"uni_artist_tag-bjorn-ulvaeus","13":"uni_artist_tag-bjorn-ole-rasch","14":"uni_artist_tag-claudia-scott","15":"uni_artist_tag-elisabeth-andreassen","16":"uni_artist_tag-fredrik-sahlander","17":"uni_artist_tag-gunnar-wennerberg","18":"uni_artist_tag-guri-schanke","19":"uni_artist_tag-henrik-engebretsen","20":"uni_artist_tag-ingrid-bjornov","21":"uni_artist_tag-ingrid-wangsvik","22":"uni_artist_tag-jenny-jenssen","23":"uni_artist_tag-kari-gjaerum","24":"uni_artist_tag-kari-iveland","25":"uni_artist_tag-kari-svendsen","26":"uni_artist_tag-kenneth-gardestad","27":"uni_artist_tag-kristiansand-kindergarten-choir-2008","28":"uni_artist_tag-kristiansand-symphony-orchestra","29":"uni_artist_tag-kurt-foss","30":"uni_artist_tag-larsake-leksell","31":"uni_artist_tag-leif-goras","32":"uni_artist_tag-maj-britt-andersen","33":"uni_artist_tag-marian-aas-hansen","34":"uni_artist_tag-monica-hjelle","35":"uni_artist_tag-nils-tore-brunvatne","36":"uni_artist_tag-nils-erik-nicke-gothe","37":"uni_artist_tag-nora-andreassen","38":"uni_artist_tag-olle-moraeus","39":"uni_artist_tag-pat-broaders","40":"uni_artist_tag-per-elias-drablos","41":"uni_artist_tag-per-hillestad","42":"uni_artist_tag-per-erik-perra-moraeus","43":"uni_artist_tag-petter-wettre","44":"uni_artist_tag-reidar-boe","45":"uni_artist_tag-rolf-kristensen","46":"uni_artist_tag-rolf-lovland","47":"uni_artist_tag-stefan-nilsson","48":"uni_artist_tag-sven-nordin","49":"uni_artist_tag-ted-gardestad","50":"uni_artist_tag-tore-braathen","51":"uni_artist_tag-trad","52":"uni_artist_tag-trine-rein","53":"uni_artist_tag-trond-engebretsen","54":"uni_artist_tag-tuva-livsdatter-syvertsen","55":"uni_artist_tag-vidar-lovbrette","56":"uni_main_artist_tag-elisabeth-andreassen","57":"uni_artist_genre-folk-music","58":"uni_artist_genre-pop","59":"uni_artist_genre-singersongwriter","61":"first","62":"instock","63":"taxable","64":"shipping-taxable","65":"purchasable","66":"product-type-simple"},"_links":{"self":[{"href":"https:\/\/grappa.no\/en\/wp-json\/wp\/v2\/product\/650","targetHints":{"allow":["GET"]}}],"collection":[{"href":"https:\/\/grappa.no\/en\/wp-json\/wp\/v2\/product"}],"about":[{"href":"https:\/\/grappa.no\/en\/wp-json\/wp\/v2\/types\/product"}],"replies":[{"embeddable":true,"href":"https:\/\/grappa.no\/en\/wp-json\/wp\/v2\/comments?post=650"}],"wp:featuredmedia":[{"embeddable":true,"href":"https:\/\/grappa.no\/en\/wp-json\/wp\/v2\/media\/27018"}],"wp:attachment":[{"href":"https:\/\/grappa.no\/en\/wp-json\/wp\/v2\/media?parent=650"}],"wp:term":[{"taxonomy":"product_brand","embeddable":true,"href":"https:\/\/grappa.no\/en\/wp-json\/wp\/v2\/product_brand?post=650"},{"taxonomy":"product_cat","embeddable":true,"href":"https:\/\/grappa.no\/en\/wp-json\/wp\/v2\/product_cat?post=650"},{"taxonomy":"product_tag","embeddable":true,"href":"https:\/\/grappa.no\/en\/wp-json\/wp\/v2\/product_tag?post=650"}],"curies":[{"name":"wp","href":"https:\/\/api.w.org\/{rel}","templated":true}]}}