{"id":636,"date":"2009-10-12T00:00:00","date_gmt":"2009-10-11T23:00:00","guid":{"rendered":"http:\/\/www.grappa.no\/albums\/uncategorized\/visiting-grieg\/"},"modified":"2023-07-21T08:35:30","modified_gmt":"2023-07-21T07:35:30","slug":"visiting-grieg","status":"publish","type":"product","link":"https:\/\/grappa.no\/en\/albums\/simax-classics\/visiting-grieg\/","title":{"rendered":"Visiting Grieg"},"content":{"rendered":"<p><\/p>\n<p>The solo debut of a star in the making<\/p>\n<p>Johannes Weisser is among the foremost young baritones on European stages today, and also celebrated for his Don Giovanni recording with Ren\u00e9 Jacobs. Now he is ready with his debut solo-CD; visiting the songs of his fellow Norwegian Edvard Grieg. Weisser\u2019s insightful and strong readings sets a new standard for the Grieg songs.<\/p>\n<p>\u201cWe want to convey these songs as closely and directly as possible\u201d. Weisser and Rastogi have collaborated for a long time, aiming directly for the heart of the emotional expression of the songs, no filters applied. With his phenomenal vocal recourses and natural talent for musical communication, Weisser\u2019s Grieg songs emerge as pure art of the moment.<\/p>\n<p>Born 1980, Weisser today has an international career equalled by few other Norwegian artists of his generation. 23 years old he made his debut at the Norwegian Opera. These days he performs at Th\u00e9\u00e2tre de La Monnaie Brussels, Royal Danish Opera, Komische Oper Berlin, Salzburg Festival, with conductors like Ren\u00e9 Jacobs, Fabio Biondi, Rinaldo Alessandrini, Philippe Herreweghe both in opera productions, concerts and recordings.<\/p>\n<p><!--more--><\/p>\n<p>Johannes Weisser is among the foremost young baritones on European stages today, and also celebrated for his Don Giovanni recording with Ren\u00e9 Jacobs. Now he is ready with his debut solo-CD; visiting the songs of his fellow Norwegian Edvard Grieg. Weisser\u2019s insightful and strong readings sets a new standard for the Grieg songs.<\/p>\n<h4>Grieg and the \u201csecret intentions of the poet\u201d<\/h4>\n<p>\u201cFor me it is not about making music, but first and foremost about doing justice to the secret intentions of the poet\u201d, Grieg at one time explained. He hit bull\u2019s eye already in his first opus of songs Melodies of the Heart; including such immediate and eternal hits as I love but Thee! and Two Brown Eyes. The poetry of H.C. Andersen is undeniably somewhat rich by today\u2019s standards. Weisser and Rastogi do not repress this pathos, but rather incorporates it into a natural, impulsive musical expression.<\/p>\n<h4>The Vinje songs<\/h4>\n<p>Grieg\u2019s songs to the Norwegian poet O.A. Vinje (1818-70) are from a time of great personal and artistic troubles. In this powerful poet Grieg found a soul mate and an artistic inspiration, and many of his best known songs are from this collection. Says Weisser: \u201cThese songs combine lines requiring a broad vocal format with the very simple and immediate melodies and a transparent accompaniment. The vocal is often written so that it invites to an operatic approach, while at the same time the music and the unmistakable inspiration from the folk music invites to a very simple style of singing. I have tried to approach these songs without too much distance, so that I might retain the soreness, enthusiasm, power and longing that both Vinje\u2019s texts and Grieg\u2019s music holds.<\/p>\n<h4>Johannes Weisser<\/h4>\n<p>Born 1980, Weisser today has an international career equalled by few other Norwegian artists of his generation. 23 years old he made his debut at the Norwegian Opera. These days he performs at Th\u00e9\u00e2tre de La Monnaie Brussels, Royal Danish Opera, Komische Oper Berlin, Salzburg Festival, with conductors like Ren\u00e9 Jacobs, Fabio Biondi, Rinaldo Alessandrini, Philippe Herreweghe both in opera productions, concerts and recordings.<\/p>\n<p><\/p>","protected":false},"excerpt":{"rendered":"<p>Weisser&#8217;s recital carries the freshness of a spring breeze and the visual breadth of a mountaintop panorama [Classical FM Magazine]<\/p>\n","protected":false},"featured_media":27731,"comment_status":"closed","ping_status":"closed","template":"","meta":[],"product_brand":[],"product_cat":[180],"product_tag":[],"class_list":{"0":"post-636","1":"product","2":"type-product","3":"status-publish","4":"has-post-thumbnail","6":"product_cat-simax-classics","7":"product_shipping_class-cddvd-shipping","8":"uni_artist_tag-edvard-grieg","9":"uni_artist_tag-johannes-weisser","10":"uni_artist_tag-soren-rastogi","11":"uni_artist_tag-tony-harrison","12":"uni_main_artist_tag-johannes-weisser","13":"uni_artist_genre-chamber","14":"uni_artist_genre-classical","15":"uni_artist_genre-disc-of-the-month-classic-fm","16":"uni_artist_genre-song","17":"uni_artist_genre-young-norwegian","19":"first","20":"outofstock","21":"taxable","22":"shipping-taxable","23":"purchasable","24":"product-type-simple"},"_links":{"self":[{"href":"https:\/\/grappa.no\/en\/wp-json\/wp\/v2\/product\/636","targetHints":{"allow":["GET"]}}],"collection":[{"href":"https:\/\/grappa.no\/en\/wp-json\/wp\/v2\/product"}],"about":[{"href":"https:\/\/grappa.no\/en\/wp-json\/wp\/v2\/types\/product"}],"replies":[{"embeddable":true,"href":"https:\/\/grappa.no\/en\/wp-json\/wp\/v2\/comments?post=636"}],"wp:featuredmedia":[{"embeddable":true,"href":"https:\/\/grappa.no\/en\/wp-json\/wp\/v2\/media\/27731"}],"wp:attachment":[{"href":"https:\/\/grappa.no\/en\/wp-json\/wp\/v2\/media?parent=636"}],"wp:term":[{"taxonomy":"product_brand","embeddable":true,"href":"https:\/\/grappa.no\/en\/wp-json\/wp\/v2\/product_brand?post=636"},{"taxonomy":"product_cat","embeddable":true,"href":"https:\/\/grappa.no\/en\/wp-json\/wp\/v2\/product_cat?post=636"},{"taxonomy":"product_tag","embeddable":true,"href":"https:\/\/grappa.no\/en\/wp-json\/wp\/v2\/product_tag?post=636"}],"curies":[{"name":"wp","href":"https:\/\/api.w.org\/{rel}","templated":true}]}}