{"id":573,"date":"2007-10-15T00:00:00","date_gmt":"2007-10-14T23:00:00","guid":{"rendered":"http:\/\/www.grappa.no\/albums\/uncategorized\/hjerteknuser\/"},"modified":"2016-11-18T16:21:58","modified_gmt":"2016-11-18T15:21:58","slug":"hjerteknuser","status":"publish","type":"product","link":"https:\/\/grappa.no\/en\/albums\/grappa\/hjerteknuser\/","title":{"rendered":"HJERTEKNUSER"},"content":{"rendered":"<p><\/p>\n<p>Stories From the World of Jan Eggum<\/p>\n<p>With the release Hjerteknuser, Jan Eggum confirms his status as one of Norway\u00b4s premier songwriters and makes it clear why he is one of our most recognized and beloved artists. The release received great receptions and the single &quot;Frk. Hjerteknuser&quot;, a duet with Bj\u00f8rn Eidsv\u00e5g, climbed quickly to the top of the Norwegian charts. Hjerteknuser is a warm and honest album, typical of Eggum. With powerful lyrics, he takes us through a universe of different lives and destinies. He sings about solitude, love and the passage of time. In addition to his duet with Eidsv\u00e5g, Eggum has been joined by several talented artists, including fellow guitarists Lillebj\u00f8rn Nilsen, Halvdan Sivertsen and \u00d8ystein Sunde, as well as Bergen Philharmonic Orchestra, Karin Park and Thomas Dybdahl.<\/p>\n<p><!--more--><\/p>\n<p>Stories from the world of Jan Eggum.<\/p>\n<h4>A Sympathetic Glance<\/h4>\n<p>Eggum stops to dwell on key moments and key people in life. Chances are that Eggum is fond of all the people he describes in his songs, albeit to a variable degree. It is easy to understand his sympathy with those who have been excluded and left out. Equally strong is his compassion for the little man in the bar that no one sees, and who only seeks love (&quot;R\u00f8r meg&quot;), and his understanding that a small gray mouse choose to feel like a star (&quot;Gr\u00e5 mus&quot;).<\/p>\n<h4>The World of Eggum<\/h4>\n<p>Jan Eggum also puts words \u2013 and names \u2013 to life&#8217;s invisible conductors. The passage of time is portrayed in &quot;Tyven skal du hete&quot;, while &quot;Tilfeldigvis&quot; reminds us that most things in life are random \u2013 even love. The song is performed as a duet with Karin Park, and although the message may seem naive and simple, it is presented in a typically Eggum-way, with elegant twists and well-chosen words. And no other than Jan Eggum describes better the loss of another in such a heartfelt manner like he does in &quot;N\u00e5r du er langt herfra&quot;. Which brings us to an end, and to a song that is among the very best written by Eggum: &quot;N\u00e5r pappa kommer hjem&quot; \u2013 every father\u00b4s bad conscience distilled into four minutes. A masterful story, set to music by the master himself.<\/p>\n<h4><\/h4>\n<\/p>\n<p><\/p>","protected":false},"excerpt":{"rendered":"<p>Masterly from the master himself, Jan Eggum.<\/p>\n","protected":false},"featured_media":27010,"comment_status":"closed","ping_status":"open","template":"","meta":[],"product_brand":[],"product_cat":[6],"product_tag":[],"class_list":{"0":"post-573","1":"product","2":"type-product","3":"status-publish","4":"has-post-thumbnail","6":"product_cat-grappa","7":"product_shipping_class-cddvd-shipping","8":"uni_artist_tag-aja-humm","9":"uni_artist_tag-allan-withington","10":"uni_artist_tag-andreas-fliflet","11":"uni_artist_tag-anita-skorgan","12":"uni_artist_tag-atle-nymo","13":"uni_artist_tag-bergen-philharmonic-orchestra","14":"uni_artist_tag-bjorn-eidsvag","15":"uni_artist_tag-borge-are-halvorsen","16":"uni_artist_tag-frode-nymo","17":"uni_artist_tag-frode-ostang-mangen","18":"uni_artist_tag-gaute-storaas","19":"uni_artist_tag-georg-wadenius","20":"uni_artist_tag-gunnar-hauge","21":"uni_artist_tag-halvdan-sivertsen","22":"uni_artist_tag-hans-petter-hp-gundersen","23":"uni_artist_tag-heine-totland","24":"uni_artist_tag-jan-eggum","25":"uni_artist_tag-jan-reed-larsen","26":"uni_artist_tag-john-arild-suther","27":"uni_artist_tag-jonny-sjo","28":"uni_artist_tag-jorgen-gjerde","29":"uni_artist_tag-jorn-pedersen","30":"uni_artist_tag-kare-sandvik","31":"uni_artist_tag-kari-iveland","32":"uni_artist_tag-karin-park","33":"uni_artist_tag-kim-ofstad","34":"uni_artist_tag-lars-erik-gudim","35":"uni_artist_tag-leif-johansen","36":"uni_artist_tag-lillebjorn-nilsen","37":"uni_artist_tag-lina-marie-arnes","38":"uni_artist_tag-mari-giske","39":"uni_artist_tag-mari-persen","40":"uni_artist_tag-marius-haltli","41":"uni_artist_tag-nova-chamber-choir","42":"uni_artist_tag-oystein-sunde","43":"uni_artist_tag-tarald-tvedten","44":"uni_artist_tag-thomas-dybdahl","45":"uni_artist_tag-tommy-haltbakk","46":"uni_artist_tag-tore-brunborg","47":"uni_artist_tag-torodd-wigum","48":"uni_main_artist_tag-jan-eggum","49":"uni_artist_genre-norwegian","50":"uni_artist_genre-pop","51":"uni_artist_genre-rock","52":"uni_artist_genre-singersongwriter","54":"first","55":"instock","56":"taxable","57":"shipping-taxable","58":"purchasable","59":"product-type-simple"},"_links":{"self":[{"href":"https:\/\/grappa.no\/en\/wp-json\/wp\/v2\/product\/573","targetHints":{"allow":["GET"]}}],"collection":[{"href":"https:\/\/grappa.no\/en\/wp-json\/wp\/v2\/product"}],"about":[{"href":"https:\/\/grappa.no\/en\/wp-json\/wp\/v2\/types\/product"}],"replies":[{"embeddable":true,"href":"https:\/\/grappa.no\/en\/wp-json\/wp\/v2\/comments?post=573"}],"wp:featuredmedia":[{"embeddable":true,"href":"https:\/\/grappa.no\/en\/wp-json\/wp\/v2\/media\/27010"}],"wp:attachment":[{"href":"https:\/\/grappa.no\/en\/wp-json\/wp\/v2\/media?parent=573"}],"wp:term":[{"taxonomy":"product_brand","embeddable":true,"href":"https:\/\/grappa.no\/en\/wp-json\/wp\/v2\/product_brand?post=573"},{"taxonomy":"product_cat","embeddable":true,"href":"https:\/\/grappa.no\/en\/wp-json\/wp\/v2\/product_cat?post=573"},{"taxonomy":"product_tag","embeddable":true,"href":"https:\/\/grappa.no\/en\/wp-json\/wp\/v2\/product_tag?post=573"}],"curies":[{"name":"wp","href":"https:\/\/api.w.org\/{rel}","templated":true}]}}