{"id":553,"date":"2004-09-06T00:00:00","date_gmt":"2004-09-05T23:00:00","guid":{"rendered":"http:\/\/www.grappa.no\/albums\/uncategorized\/lillebjorns-gitartime\/"},"modified":"2024-01-10T10:26:48","modified_gmt":"2024-01-10T09:26:48","slug":"lillebjorns-gitartime","status":"publish","type":"product","link":"https:\/\/grappa.no\/en\/albums\/grappa\/lillebjorns-gitartime\/","title":{"rendered":"LILLEBJ\u00d8RNS GITARTIME"},"content":{"rendered":"<p>Lillebj\u00f8rns gitartime<\/p>\n<p>Lillebj\u00f8rns gitarbok (1973) er blitt en klassiker og har v\u00e6rt viktig for mange gitarspillere. Boken er utkommet i et samlet opplag p\u00e5 mer enn 170 000 eksemplarer \u2013 det h\u00f8yeste opplag for en musikkpedagogisk l\u00e6rebok i Norge noensinne! I 2004 kom nyutgivelse p\u00e5 CD og DVD med musikkeksempler til gitarboken og utf\u00f8rlig gjennomgang av grep og forskjellige teknikker. Nyutgivelsene har medf\u00f8rt betraktelig bedre kvalitet p\u00e5 lyd og bilde og de tekniske fordelene ved CD og DVD har gjort det langt enklere \u00e5 man\u00f8vrere seg mellom spor og sekvenser. CD- og DVD-utgivelsen utgj\u00f8r i kombinasjon med boken et sv\u00e6rt l\u00e6rerikt og pedagogisk program. Her motiveres man av rask fremgang, og grep og teknikker gj\u00f8res relevante ved at de settes sammen med melodier. Opplegget kan benyttes av alle, b\u00e5de av nybegynneren og av den som har spilt en del. Opplegget passer b\u00e5de til selvstudium og i skolesammenheng.<\/p>\n<p><!--more--><\/p>\n<h4><\/h4>\n<\/p>\n<h4><\/h4>\n<p><h4><\/h4><\/p>\n","protected":false},"excerpt":{"rendered":"<p>Norges mestselgende gitarl\u00e6rebok!<\/p>\n","protected":false},"featured_media":26987,"comment_status":"closed","ping_status":"closed","template":"","meta":[],"product_brand":[],"product_cat":[6],"product_tag":[],"class_list":{"0":"post-553","1":"product","2":"type-product","3":"status-publish","4":"has-post-thumbnail","6":"product_cat-grappa","7":"product_shipping_class-cddvd-shipping","8":"uni_artist_tag-lillebjorn-nilsen","9":"uni_artist_tag-shari-gerber","10":"uni_main_artist_tag-lillebjorn-nilsen","11":"uni_artist_genre-musical-instruction","12":"uni_artist_genre-singersongwriter","14":"first","15":"outofstock","16":"taxable","17":"shipping-taxable","18":"purchasable","19":"product-type-simple"},"_links":{"self":[{"href":"https:\/\/grappa.no\/en\/wp-json\/wp\/v2\/product\/553","targetHints":{"allow":["GET"]}}],"collection":[{"href":"https:\/\/grappa.no\/en\/wp-json\/wp\/v2\/product"}],"about":[{"href":"https:\/\/grappa.no\/en\/wp-json\/wp\/v2\/types\/product"}],"replies":[{"embeddable":true,"href":"https:\/\/grappa.no\/en\/wp-json\/wp\/v2\/comments?post=553"}],"wp:featuredmedia":[{"embeddable":true,"href":"https:\/\/grappa.no\/en\/wp-json\/wp\/v2\/media\/26987"}],"wp:attachment":[{"href":"https:\/\/grappa.no\/en\/wp-json\/wp\/v2\/media?parent=553"}],"wp:term":[{"taxonomy":"product_brand","embeddable":true,"href":"https:\/\/grappa.no\/en\/wp-json\/wp\/v2\/product_brand?post=553"},{"taxonomy":"product_cat","embeddable":true,"href":"https:\/\/grappa.no\/en\/wp-json\/wp\/v2\/product_cat?post=553"},{"taxonomy":"product_tag","embeddable":true,"href":"https:\/\/grappa.no\/en\/wp-json\/wp\/v2\/product_tag?post=553"}],"curies":[{"name":"wp","href":"https:\/\/api.w.org\/{rel}","templated":true}]}}