{"id":552,"date":"2004-12-01T00:00:00","date_gmt":"2004-11-30T23:00:00","guid":{"rendered":"http:\/\/www.grappa.no\/albums\/uncategorized\/mine-salmer\/"},"modified":"2022-02-28T12:21:21","modified_gmt":"2022-02-28T11:21:21","slug":"mine-salmer","status":"publish","type":"product","link":"https:\/\/grappa.no\/en\/albums\/grappa\/mine-salmer\/","title":{"rendered":"MINE SALMER"},"content":{"rendered":"<p><\/p>\n<p>Bj\u00f8ro H\u00e5land sings hymns<\/p>\n<p>Bj\u00f8ro H\u00e5land have taken the step from country music to the hymn, and shows another side of themselves than we have previously seen. Church music is not something new for H\u00e5land: he has had a close relationship to this music throughout his life and has used American gospel song on his previous releases. With energy and presence in the performances of these hymn, H\u00e5land strengthened his position as a gifted singer and as a skilled interpreter of different materias. The recording took place in the autumn 2004 in Grindheim church. The album was dedicated to his mother, Anna H\u00e5land, who had long wanted him to record a CD of Norwegian hymns. The 14 selected hymns all have special meaning for H\u00e5land. Here we find, among others, Per Sivle and Lars S\u00f8r\u00e5s&#8217; &#8220;Den fyrste song eg h\u00f8yra fekk&#8221;. More &#8220;typically&#8221; H\u00e5landsk is David Sankey &#8220;Et ungdomsliv&#8221; before he returns to more traditional hymns, such as Petter Dass&#8217; &#8220;Herre Gud ditt dyre navn og \u00e6re&#8221;.<\/p>\n<p><!--more--><\/p>\n<p>Bj\u00f8ro H\u00e5land is one of Norway\u00b4s most beloved and best-selling artists. December 1st, he releases the album Mine salmer where he sings his dearest hymns.<\/p>\n<h4>Homesickness And A Longing for Heaven<\/h4>\n<p>Country music has much in common with hymns.<br \/>\n\u2013 Many times I have included gospel song on my recordings. There is a certain kinship between country music and hymns. While country music songs are characterized by a melancholic longing for home, it&#8217;s more a matter of longig for heaven in hymns, and the longing that exists in the hymn texts have touched me, says H\u00e5land.<br \/>\nMine salmer was recorded in autumn 2004 in Grindheim church, in H\u00e5land\u00b4s childhood church in Audnedal. The CD is dedicated to his 90-year-old mother, Anna, who long wanted him to record a Norwegian hymn CD. His childhood home was filled with hymns and worship songs, and heis father Arne often sang hymns when young Bj\u00f8ro was with him at work in the truck.<\/p>\n<h4>Different Moods<\/h4>\n<p>The 14 hymns Bj\u00f8ro H\u00e5land has, all mean something special to him. Hymns have different moods and musical expressions. &#8211; &#8220;Den fyrste song eg h\u00f8yra fekk&#8221; was the first song my mother sang to me, says H\u00e5land. With text by Per Sivle and music by Lars S\u00f8r\u00e5s, it is close to a singer\/songwriter tune. Bernt Rune Stray and Jon Kleveland has arranged the Norwegian folk tune &#8220;Eg veit i himmelrik ei borg&#8221;, focusing on soreness and tenderness. And good, old H\u00e5land, as we know him, is to b found in David Sankey\u00b4s &#8220;Et ungdomsliv&#8221; with text by Hallvard Gunnleiksen Heggtveit. The hymns &#8220;Blott en dag&#8221; and &#8220;Leid milde ljos&#8221;, is beautifully and tenderly performed, accompanied by Per Kolstad on organ, Fredrik Sahlander on bass, Bernt Rune Stray on guitar and Karl Oluf Wennerberg on percussion. Finally, another hymn worth metioning is Petter Dass&#8217; &#8220;Herre Gud ditt dyre navn og \u00e6re&#8221;, a mighty hymn where Dag Wolf contributes with a fairytale-like, but transparent sound. Mine salmer is produced by Jon Kleveland.<\/p>\n<h4><\/h4>\n<p><\/p>","protected":false},"excerpt":{"rendered":"<p>Norway&#8217;s king of country music singing hymns.<\/p>\n","protected":false},"featured_media":26989,"comment_status":"closed","ping_status":"closed","template":"","meta":[],"product_brand":[],"product_cat":[6],"product_tag":[],"class_list":{"0":"post-552","1":"product","2":"type-product","3":"status-publish","4":"has-post-thumbnail","6":"product_cat-grappa","7":"product_shipping_class-cddvd-shipping","8":"uni_artist_tag-anne-joreid-frigstad","9":"uni_artist_tag-bente-ringoen-hegen","10":"uni_artist_tag-bernt-rune-stray","11":"uni_artist_tag-bjoro-haland","12":"uni_artist_tag-bodil-kvernenes-norsett","13":"uni_artist_tag-charles-henry-purday","14":"uni_artist_tag-christian-heinrich-rinck","15":"uni_artist_tag-dag-wolf","16":"uni_artist_tag-david-sankey","17":"uni_artist_tag-fredrik-sahlander","18":"uni_artist_tag-havard-gryting","19":"uni_artist_tag-hildegunn-s-stromme","20":"uni_artist_tag-john-r-sweney","21":"uni_artist_tag-jon-kleveland","22":"uni_artist_tag-kai-kjall","23":"uni_artist_tag-karl-oluf-wennerberg","24":"uni_artist_tag-kjetil-damsgard","25":"uni_artist_tag-kristian-sodal","26":"uni_artist_tag-kristin-folkvord-pedersen","27":"uni_artist_tag-lars-soraas-d-y","28":"uni_artist_tag-marit-ovensen-frustol","29":"uni_artist_tag-mosie-lister","30":"uni_artist_tag-oscar-ahnfelt","31":"uni_artist_tag-per-kolstad","32":"uni_artist_tag-runar-norsett","33":"uni_artist_tag-signe-anette-sodal","34":"uni_artist_tag-sigurd-lunde","35":"uni_artist_tag-thomas-hasting","36":"uni_artist_tag-tone-marie-s-aasheim","37":"uni_artist_tag-tor-espen-bergan","38":"uni_artist_tag-tore-andersen","39":"uni_artist_tag-torstein-kjall","40":"uni_artist_tag-trad","41":"uni_main_artist_tag-bjoro-haland","42":"uni_artist_genre-norwegian","43":"uni_artist_genre-religious","44":"uni_artist_genre-traditional","46":"first","47":"outofstock","48":"taxable","49":"shipping-taxable","50":"purchasable","51":"product-type-simple"},"_links":{"self":[{"href":"https:\/\/grappa.no\/en\/wp-json\/wp\/v2\/product\/552","targetHints":{"allow":["GET"]}}],"collection":[{"href":"https:\/\/grappa.no\/en\/wp-json\/wp\/v2\/product"}],"about":[{"href":"https:\/\/grappa.no\/en\/wp-json\/wp\/v2\/types\/product"}],"replies":[{"embeddable":true,"href":"https:\/\/grappa.no\/en\/wp-json\/wp\/v2\/comments?post=552"}],"wp:featuredmedia":[{"embeddable":true,"href":"https:\/\/grappa.no\/en\/wp-json\/wp\/v2\/media\/26989"}],"wp:attachment":[{"href":"https:\/\/grappa.no\/en\/wp-json\/wp\/v2\/media?parent=552"}],"wp:term":[{"taxonomy":"product_brand","embeddable":true,"href":"https:\/\/grappa.no\/en\/wp-json\/wp\/v2\/product_brand?post=552"},{"taxonomy":"product_cat","embeddable":true,"href":"https:\/\/grappa.no\/en\/wp-json\/wp\/v2\/product_cat?post=552"},{"taxonomy":"product_tag","embeddable":true,"href":"https:\/\/grappa.no\/en\/wp-json\/wp\/v2\/product_tag?post=552"}],"curies":[{"name":"wp","href":"https:\/\/api.w.org\/{rel}","templated":true}]}}