{"id":551,"date":"2004-11-15T00:00:00","date_gmt":"2004-11-14T23:00:00","guid":{"rendered":"http:\/\/www.grappa.no\/albums\/uncategorized\/dorstokken-heme\/"},"modified":"2016-11-18T16:21:51","modified_gmt":"2016-11-18T15:21:51","slug":"dorstokken-heme","status":"publish","type":"product","link":"https:\/\/grappa.no\/en\/albums\/grappa\/dorstokken-heme\/","title":{"rendered":"D\u00d8RSTOKKEN HEME"},"content":{"rendered":"<p><\/p>\n<p>Alf Pr\u00f8ysen classics<\/p>\n<p>D\u00f8rstokken heme gives new life to the classics of Alf Pr\u00f8ysen. Maj Britt Andersen and Geir Holmsen honor the Pr\u00f8yssen tradition at the same time as they give this material new and refreshing expressions. As a result, they have created one of the best Pr\u00f8ysen interpretations ever made. D\u00f8rstokken heme is Andersen&#8217;s second Pr\u00f8ysen release and as with the foregoing album, Kj\u00e6rtegn (1992), the album has been greeted with great acclaim. While Kj\u00e6rtegn introduced us to a number of lesser-known songs by Pr\u00f8ysen, D\u00f8rstokken heme consists of interpretations of the most beloved classics. Andersen has a close relationship with Pr\u00f8ysen\u00b4s poetry and she treats the texts with respect and appreciation. Geir Holmsen\u00b4s vital music reflects this approach, mixing elements from the singer-songwriter tradition with more modern expression.<\/p>\n<p><!--more--><\/p>\n<h4><\/h4>\n<\/p>\n<h4><\/h4>\n<\/p>\n<h4><\/h4>\n<\/p>\n<p><\/p>","protected":false},"excerpt":{"rendered":"<p>A beautiful tribute to the classics of Alf Pr\u00f8ysen.<\/p>\n","protected":false},"featured_media":26988,"comment_status":"closed","ping_status":"open","template":"","meta":[],"product_brand":[],"product_cat":[6],"product_tag":[],"class_list":{"0":"post-551","1":"product","2":"type-product","3":"status-publish","4":"has-post-thumbnail","6":"product_cat-grappa","7":"product_shipping_class-cddvd-shipping","8":"uni_artist_tag-alfred-janson","9":"uni_artist_tag-berit-vaernes-cardas","10":"uni_artist_tag-bjarne-amdahl","11":"uni_artist_tag-bjorn-charles-dreyer","12":"uni_artist_tag-egil-monn-iversen","13":"uni_artist_tag-eldar-vagan","14":"uni_artist_tag-emery-cardas","15":"uni_artist_tag-finn-ludt","16":"uni_artist_tag-frode-larsen","17":"uni_artist_tag-geir-holmsen","18":"uni_artist_tag-gjermund-larsen","19":"uni_artist_tag-gjermund-silset","20":"uni_artist_tag-henninge-landaas","21":"uni_artist_tag-ivar-anton-waagaard","22":"uni_artist_tag-maj-britt-andersen","23":"uni_artist_tag-otto-nielsen","24":"uni_artist_tag-paolo-vinaccia","25":"uni_artist_tag-trad","26":"uni_main_artist_tag-maj-britt-andersen","27":"uni_artist_genre-norwegian","28":"uni_artist_genre-singersongwriter","30":"first","31":"instock","32":"taxable","33":"shipping-taxable","34":"purchasable","35":"product-type-simple"},"_links":{"self":[{"href":"https:\/\/grappa.no\/en\/wp-json\/wp\/v2\/product\/551","targetHints":{"allow":["GET"]}}],"collection":[{"href":"https:\/\/grappa.no\/en\/wp-json\/wp\/v2\/product"}],"about":[{"href":"https:\/\/grappa.no\/en\/wp-json\/wp\/v2\/types\/product"}],"replies":[{"embeddable":true,"href":"https:\/\/grappa.no\/en\/wp-json\/wp\/v2\/comments?post=551"}],"wp:featuredmedia":[{"embeddable":true,"href":"https:\/\/grappa.no\/en\/wp-json\/wp\/v2\/media\/26988"}],"wp:attachment":[{"href":"https:\/\/grappa.no\/en\/wp-json\/wp\/v2\/media?parent=551"}],"wp:term":[{"taxonomy":"product_brand","embeddable":true,"href":"https:\/\/grappa.no\/en\/wp-json\/wp\/v2\/product_brand?post=551"},{"taxonomy":"product_cat","embeddable":true,"href":"https:\/\/grappa.no\/en\/wp-json\/wp\/v2\/product_cat?post=551"},{"taxonomy":"product_tag","embeddable":true,"href":"https:\/\/grappa.no\/en\/wp-json\/wp\/v2\/product_tag?post=551"}],"curies":[{"name":"wp","href":"https:\/\/api.w.org\/{rel}","templated":true}]}}