{"id":544,"date":"2003-07-07T00:00:00","date_gmt":"2003-07-06T23:00:00","guid":{"rendered":"http:\/\/www.grappa.no\/albums\/uncategorized\/byen-med-det-store-hjertet\/"},"modified":"2021-01-03T16:51:38","modified_gmt":"2021-01-03T15:51:38","slug":"byen-med-det-store-hjertet","status":"publish","type":"product","link":"https:\/\/grappa.no\/en\/albums\/grappa\/byen-med-det-store-hjertet\/","title":{"rendered":"BYEN MED DET STORE HJERTET"},"content":{"rendered":"<p><\/p>\n<p>Unique re-release<\/p>\n<p>The re-release of Byen med det store hjertet on CD gives a rare insight into the original recording. This is actually the first disc where the original master tapes are preserved! The album has elements from Norwegian and international folk music, and includes Lillebj\u00f8rn Nilsen&#8217;s own songs as well as translated tunes. On this release, we find the first song Nilsen ever wrote, &#8220;Danse ikke gr\u00e5te n\u00e5&#8221;, and one of his personal favorites, &#8220;Gagnl\u00f8ysa&#8221;, with text by Ivar Aasen. Byen med det store hjertet, produced by \u00d8ystein Sunde, is modest and direct in it\u00b4s sound \u2013 a perfect setting for Nilsen&#8217;s songs. The same year Byen med det store hjertet was re-released, two of Nilsen&#8217;s other albums were reissued on CD: Tilbake (1971) and Portrett (1973). The three albums were digitally processed and greatly improved, and added 5 extra tracks each that were not included on the original LP releases.<\/p>\n<p><!--more--><\/p>\n<h4><\/h4>\n<h4><\/h4>\n<h4><\/h4>\n<p><\/p>","protected":false},"excerpt":{"rendered":"<p>Unique re-release of Nilsen-classic \u2013 added 5 extra tracks each that were not included on the original LP releases.<\/p>\n","protected":false},"featured_media":26920,"comment_status":"closed","ping_status":"closed","template":"","meta":[],"product_brand":[],"product_cat":[6],"product_tag":[],"class_list":{"0":"post-544","1":"product","2":"type-product","3":"status-publish","4":"has-post-thumbnail","6":"product_cat-grappa","7":"product_shipping_class-cddvd-shipping","8":"uni_artist_tag-andy-sundstrom","9":"uni_artist_tag-arild-andersen","10":"uni_artist_tag-brynjulf-blix","11":"uni_artist_tag-carl-morten-iversen","12":"uni_artist_tag-carl-soeborg","13":"uni_artist_tag-ellen-heiberg","14":"uni_artist_tag-erland-lyngve","15":"uni_artist_tag-espen-rud","16":"uni_artist_tag-ewan-mccoll","17":"uni_artist_tag-frode-hoff","18":"uni_artist_tag-kari-svendsen","19":"uni_artist_tag-knut-riisnaes","20":"uni_artist_tag-lillebjorn-nilsen","21":"uni_artist_tag-malvina-reynolds","22":"uni_artist_tag-oystein-sunde","23":"uni_artist_tag-pete-seeger","24":"uni_artist_tag-ragnar-nybro","25":"uni_artist_tag-ragnhild-ekholm","26":"uni_artist_tag-steinar-ofsdal","27":"uni_artist_tag-sverre-jensen","28":"uni_artist_tag-tom-grimsrud","29":"uni_artist_tag-tony-shehan","30":"uni_artist_tag-tove-halbakken","31":"uni_artist_tag-trad","32":"uni_artist_tag-trond-villa","33":"uni_main_artist_tag-lillebjorn-nilsen","34":"uni_artist_genre-folk-music","35":"uni_artist_genre-singersongwriter","37":"first","38":"outofstock","39":"taxable","40":"shipping-taxable","41":"purchasable","42":"product-type-simple"},"_links":{"self":[{"href":"https:\/\/grappa.no\/en\/wp-json\/wp\/v2\/product\/544","targetHints":{"allow":["GET"]}}],"collection":[{"href":"https:\/\/grappa.no\/en\/wp-json\/wp\/v2\/product"}],"about":[{"href":"https:\/\/grappa.no\/en\/wp-json\/wp\/v2\/types\/product"}],"replies":[{"embeddable":true,"href":"https:\/\/grappa.no\/en\/wp-json\/wp\/v2\/comments?post=544"}],"wp:featuredmedia":[{"embeddable":true,"href":"https:\/\/grappa.no\/en\/wp-json\/wp\/v2\/media\/26920"}],"wp:attachment":[{"href":"https:\/\/grappa.no\/en\/wp-json\/wp\/v2\/media?parent=544"}],"wp:term":[{"taxonomy":"product_brand","embeddable":true,"href":"https:\/\/grappa.no\/en\/wp-json\/wp\/v2\/product_brand?post=544"},{"taxonomy":"product_cat","embeddable":true,"href":"https:\/\/grappa.no\/en\/wp-json\/wp\/v2\/product_cat?post=544"},{"taxonomy":"product_tag","embeddable":true,"href":"https:\/\/grappa.no\/en\/wp-json\/wp\/v2\/product_tag?post=544"}],"curies":[{"name":"wp","href":"https:\/\/api.w.org\/{rel}","templated":true}]}}