{"id":539,"date":"2001-08-20T00:00:00","date_gmt":"2001-08-19T23:00:00","guid":{"rendered":"http:\/\/www.grappa.no\/albums\/uncategorized\/dollies-beste\/"},"modified":"2016-11-18T16:21:46","modified_gmt":"2016-11-18T15:21:46","slug":"dollies-beste","status":"publish","type":"product","link":"https:\/\/grappa.no\/en\/albums\/grappa\/dollies-beste\/","title":{"rendered":"DOLLIE&#8217;S BESTE"},"content":{"rendered":"<p><\/p>\n<p>Finally the best of Dollie collected<\/p>\n<p>Available for the first time. 21 years of exiting pop music from the fascinating duo of Dollie.<\/p>\n<p><!--more--><\/p>\n<h4><\/h4>\n<\/p>\n<h4><\/h4>\n<\/p>\n<h4><\/h4>\n<\/p>\n<p><\/p>","protected":false},"excerpt":{"rendered":"<p class=\"qtranxs-available-languages-message qtranxs-available-languages-message-en\">Sorry, this entry is only available in <a href=\"https:\/\/grappa.no\/no\/wp-json\/wp\/v2\/product\/539\" class=\"qtranxs-available-language-link qtranxs-available-language-link-no\" title=\"Norsk\">Norsk<\/a>.<\/p>\n<p>Popmusikk er poengtert dramaturgi, fengende refrenger og musikalsk tekst i l\u00f8pet av et treminuttersverk \u2013 intet mindre. S\u00e5 lett og s\u00e5 vanskelig. Dollies beste er 17 glimrende eksempler p\u00e5 arten. Ikke bare blant Dollies beste, men blant de beste.<\/p>\n","protected":false},"featured_media":26962,"comment_status":"closed","ping_status":"open","template":"","meta":[],"product_brand":[],"product_cat":[6],"product_tag":[],"class_list":{"0":"post-539","1":"product","2":"type-product","3":"status-publish","4":"has-post-thumbnail","6":"product_cat-grappa","7":"product_shipping_class-cddvd-shipping","8":"uni_artist_tag-dollie-de-luxe","9":"uni_main_artist_tag-dollie-de-luxe","10":"uni_artist_genre-norwegian","11":"uni_artist_genre-pop","13":"first","14":"instock","15":"taxable","16":"shipping-taxable","17":"purchasable","18":"product-type-simple"},"_links":{"self":[{"href":"https:\/\/grappa.no\/en\/wp-json\/wp\/v2\/product\/539","targetHints":{"allow":["GET"]}}],"collection":[{"href":"https:\/\/grappa.no\/en\/wp-json\/wp\/v2\/product"}],"about":[{"href":"https:\/\/grappa.no\/en\/wp-json\/wp\/v2\/types\/product"}],"replies":[{"embeddable":true,"href":"https:\/\/grappa.no\/en\/wp-json\/wp\/v2\/comments?post=539"}],"wp:featuredmedia":[{"embeddable":true,"href":"https:\/\/grappa.no\/en\/wp-json\/wp\/v2\/media\/26962"}],"wp:attachment":[{"href":"https:\/\/grappa.no\/en\/wp-json\/wp\/v2\/media?parent=539"}],"wp:term":[{"taxonomy":"product_brand","embeddable":true,"href":"https:\/\/grappa.no\/en\/wp-json\/wp\/v2\/product_brand?post=539"},{"taxonomy":"product_cat","embeddable":true,"href":"https:\/\/grappa.no\/en\/wp-json\/wp\/v2\/product_cat?post=539"},{"taxonomy":"product_tag","embeddable":true,"href":"https:\/\/grappa.no\/en\/wp-json\/wp\/v2\/product_tag?post=539"}],"curies":[{"name":"wp","href":"https:\/\/api.w.org\/{rel}","templated":true}]}}