{"id":538,"date":"2002-09-02T00:00:00","date_gmt":"2002-09-01T23:00:00","guid":{"rendered":"http:\/\/www.grappa.no\/albums\/uncategorized\/president\/"},"modified":"2016-11-18T16:21:46","modified_gmt":"2016-11-18T15:21:46","slug":"president","status":"publish","type":"product","link":"https:\/\/grappa.no\/en\/albums\/grappa\/president\/","title":{"rendered":"PRESIDENT"},"content":{"rendered":"<p><\/p>\n<p>Eggum for president?<\/p>\n<p>Jan Eggum has proudly claimed that his release President is one of his best records ever. Several critics and listeners nodded approvingly to his claim, in spite of the difficulty of choosing just one favorite among his numerous musical highlights. Produced by Geir Luedy and Mats Gr\u00f8nner and with talented musicians such as Audun Kleive, Bj\u00f8rn Kjellemyr, Jan Gunnar Hoff, and Erik F\u00e6restrand, the release has a fresh and vital character that fits Eggum melodies. The combination of jazz, pop and folk songs provides a thrilling soundstage with the use of rhythm details and samples, while Bergen based group Ephemera\u00b4s vocal contributions harmonize beautifully with Eggum distinctive voice. Tracks like the title track, &quot;President&quot;, &quot;H\u00f8rt det f\u00f8r&quot; and the powerful ballad &quot;Et kort sekund&quot; (from the musical Antons Villfaring) confirms this artist&#8217;s ability to deliver strong and credible song material.<\/p>\n<p><!--more--><\/p>\n<p>There is every reason to suspect Jan Eggum to be right when he claims that this is the best disc he has ever made.<\/p>\n<h4>Experienced Artist<\/h4>\n<p>Jan Eggum made\u200bhis debut in 1975. Since then there have been numerous recordings under his own name and with the success group Gitarkameratene, a large number of show performances and song books, and an unbelievable amount of concerts. In other words, Eggums does not lack experience, and it is therefore every reason to note his statement that President is his best release ever.<\/p>\n<h4>Vital Eggum<\/h4>\n<p>12 new songs have been included on President, recorded in Bergen with Geir Luedy at the controls and Audun Kleive, Bj\u00f8rn Kjellemyr, Jan Gunnar Hoff and Morten F\u00e6restrand as musicians. The album also features vocal contributions from Ephemera. It sounds unmistakably Eggum-like, but young, fresh and modern. Loose jacket during the recordings and tightened discipline during editing and mixing has resulted in a vital and vibrant yet stringent sound. This is jazz, pop and folk in perfect harmony, with high quality texts as we know them. Tracks such as &quot;President&quot;, &quot;H\u00f8rt det f\u00f8r&quot; and &quot;Et kort sekund&quot; has all the substance to become future Eggum classics. And the song &quot;Tommy&quot; has already become a concert classic.<\/p>\n<h4><\/h4>\n<\/p>\n<p><\/p>","protected":false},"excerpt":{"rendered":"<p>The combination of jazz, pop and folk songs provides a thrilling soundstage with the use of rhythm details and samples, while Bergen based group Ephemera\u00b4s vocal contributions harmonize beautifully with Eggum distinctive voice.<\/p>\n","protected":false},"featured_media":26977,"comment_status":"closed","ping_status":"open","template":"","meta":[],"product_brand":[],"product_cat":[6],"product_tag":[],"class_list":{"0":"post-538","1":"product","2":"type-product","3":"status-publish","4":"has-post-thumbnail","6":"product_cat-grappa","7":"product_shipping_class-cddvd-shipping","8":"uni_artist_tag-audun-kleive","9":"uni_artist_tag-bjorn-kjellemyr","10":"uni_artist_tag-ephemera","11":"uni_artist_tag-geir-luedy","12":"uni_artist_tag-jan-eggum","13":"uni_artist_tag-jan-gunnar-hoff","14":"uni_artist_tag-jorn-haarr-eriksson","15":"uni_artist_tag-mats-egil-gronner","16":"uni_artist_tag-morten-faerestrand","17":"uni_artist_tag-tor-bjarne-bjelland","18":"uni_main_artist_tag-jan-eggum","19":"uni_artist_genre-norwegian","20":"uni_artist_genre-pop","21":"uni_artist_genre-rock","22":"uni_artist_genre-singersongwriter","24":"first","25":"instock","26":"taxable","27":"shipping-taxable","28":"purchasable","29":"product-type-simple"},"_links":{"self":[{"href":"https:\/\/grappa.no\/en\/wp-json\/wp\/v2\/product\/538","targetHints":{"allow":["GET"]}}],"collection":[{"href":"https:\/\/grappa.no\/en\/wp-json\/wp\/v2\/product"}],"about":[{"href":"https:\/\/grappa.no\/en\/wp-json\/wp\/v2\/types\/product"}],"replies":[{"embeddable":true,"href":"https:\/\/grappa.no\/en\/wp-json\/wp\/v2\/comments?post=538"}],"wp:featuredmedia":[{"embeddable":true,"href":"https:\/\/grappa.no\/en\/wp-json\/wp\/v2\/media\/26977"}],"wp:attachment":[{"href":"https:\/\/grappa.no\/en\/wp-json\/wp\/v2\/media?parent=538"}],"wp:term":[{"taxonomy":"product_brand","embeddable":true,"href":"https:\/\/grappa.no\/en\/wp-json\/wp\/v2\/product_brand?post=538"},{"taxonomy":"product_cat","embeddable":true,"href":"https:\/\/grappa.no\/en\/wp-json\/wp\/v2\/product_cat?post=538"},{"taxonomy":"product_tag","embeddable":true,"href":"https:\/\/grappa.no\/en\/wp-json\/wp\/v2\/product_tag?post=538"}],"curies":[{"name":"wp","href":"https:\/\/api.w.org\/{rel}","templated":true}]}}