{"id":536,"date":"2002-03-18T00:00:00","date_gmt":"2002-03-17T23:00:00","guid":{"rendered":"http:\/\/www.grappa.no\/albums\/uncategorized\/spor-sorland\/"},"modified":"2016-11-18T16:21:45","modified_gmt":"2016-11-18T15:21:45","slug":"spor-sorland","status":"publish","type":"product","link":"https:\/\/grappa.no\/en\/albums\/grappa\/spor-sorland\/","title":{"rendered":"SPOR.S\u00d8RLAND"},"content":{"rendered":"<p><\/p>\n<p>New Perspectives On the South<\/p>\n<p>Spor.S\u00f8rland features Southern Norway&#8217;s leading artists, performing texts by author\/poet Olav Mosd\u00f8l and journalist\/poet Johan-Chr. Sandvand. This unusual release presents unconventional musical traditions from the southern parts of Norway. The release is part of the project &quot;S\u00f8rland i 100&quot;, and the texts by Mosd\u00f8l and Sandvand portray a diverse and varied South, ranging from inland valleys to coast line communities: Mosd\u00f8l, with roots in Setesdal, look to the coast, while Sandvand, born in Kristiansand, focuses om the inland areas. The album is recorded in the Southern part of Norway, with musicians from the Arendal area and Sigbj\u00f8rn Nedland as producer.<\/p>\n<p><!--more--><\/p>\n<h4><\/h4>\n<\/p>\n<h4><\/h4>\n<\/p>\n<h4><\/h4>\n<\/p>\n<p><\/p>","protected":false},"excerpt":{"rendered":"<p>Spor.S\u00f8rland features Southern Norway&#8217;s leading artists, performing texts by author\/poet Olav Mosd\u00f8l and journalist\/poet Johan-Chr. Sandvand.<\/p>\n","protected":false},"featured_media":26972,"comment_status":"closed","ping_status":"open","template":"","meta":[],"product_brand":[],"product_cat":[6],"product_tag":[],"class_list":{"0":"post-536","1":"product","2":"type-product","3":"status-publish","4":"has-post-thumbnail","6":"product_cat-grappa","7":"product_shipping_class-cddvd-shipping","8":"uni_artist_tag-anne-marie-almedal","9":"uni_artist_tag-arne-olav-lunde-hageberg","10":"uni_artist_tag-bentein-baardson","11":"uni_artist_tag-bjarne-stolen","12":"uni_artist_tag-espen-skeie","13":"uni_artist_tag-geir-knutson","14":"uni_artist_tag-hilde-hefte","15":"uni_artist_tag-ivar-boksle","16":"uni_artist_tag-jon-hinna","17":"uni_artist_tag-kirsten-braten-berg","18":"uni_artist_tag-ole-kristian-kvamme","19":"uni_artist_tag-per-kolstad","20":"uni_artist_tag-sigbjorn-nedland","21":"uni_artist_tag-sigvald-tveit","22":"uni_artist_tag-sondre-bratland","23":"uni_artist_tag-steinar-gregertsen","24":"uni_artist_tag-svetlana-orlova","25":"uni_artist_tag-tom-rudi-torjussen","26":"uni_artist_tag-vidar-ersfjord","27":"uni_main_artist_tag-kirsten-braten-berg","28":"uni_artist_genre-folk-music","29":"uni_artist_genre-norwegian","30":"uni_artist_genre-singersongwriter","32":"first","33":"instock","34":"taxable","35":"shipping-taxable","36":"purchasable","37":"product-type-simple"},"_links":{"self":[{"href":"https:\/\/grappa.no\/en\/wp-json\/wp\/v2\/product\/536","targetHints":{"allow":["GET"]}}],"collection":[{"href":"https:\/\/grappa.no\/en\/wp-json\/wp\/v2\/product"}],"about":[{"href":"https:\/\/grappa.no\/en\/wp-json\/wp\/v2\/types\/product"}],"replies":[{"embeddable":true,"href":"https:\/\/grappa.no\/en\/wp-json\/wp\/v2\/comments?post=536"}],"wp:featuredmedia":[{"embeddable":true,"href":"https:\/\/grappa.no\/en\/wp-json\/wp\/v2\/media\/26972"}],"wp:attachment":[{"href":"https:\/\/grappa.no\/en\/wp-json\/wp\/v2\/media?parent=536"}],"wp:term":[{"taxonomy":"product_brand","embeddable":true,"href":"https:\/\/grappa.no\/en\/wp-json\/wp\/v2\/product_brand?post=536"},{"taxonomy":"product_cat","embeddable":true,"href":"https:\/\/grappa.no\/en\/wp-json\/wp\/v2\/product_cat?post=536"},{"taxonomy":"product_tag","embeddable":true,"href":"https:\/\/grappa.no\/en\/wp-json\/wp\/v2\/product_tag?post=536"}],"curies":[{"name":"wp","href":"https:\/\/api.w.org\/{rel}","templated":true}]}}