{"id":534,"date":"2001-10-25T00:00:00","date_gmt":"2001-10-24T23:00:00","guid":{"rendered":"http:\/\/www.grappa.no\/albums\/uncategorized\/syng-du-mi-rost\/"},"modified":"2016-11-18T16:21:44","modified_gmt":"2016-11-18T15:21:44","slug":"syng-du-mi-royst","status":"publish","type":"product","link":"https:\/\/grappa.no\/en\/albums\/grappa\/syng-du-mi-royst\/","title":{"rendered":"SYNG DU MI R\u00d8YST"},"content":{"rendered":"<p><\/p>\n<p>Back To the Singer\/Songwriter Roots<\/p>\n<p>Syng du mi r\u00f8yst was met with great reviews and baffled both the critics and fans, and Kirsten Br\u00e5ten Berg was nominated for the Norwegian Grammy Award for this album. This is Br\u00e5ten Berg&#8217;s third solo album, released 13 years after her last solo release, the Norwegian Grammy Award winner Min kvedarlund (1988). In the years between these solo projects, Br\u00e5ten Berg was involved in a great number of differenet musical projects within various genres, with focus on Norwegian folk music. However, on this release she explores the singer\/songwriter genre, thus returning to the starting point of her artistic career. The repertoire is selected by Br\u00e5ten Berg herself, and consists mainly of newer songs as well as four traditional tunes. Br\u00e5ten Berg&#8217;s distinctive vocal fits wonderfully into the pure and simple arrangments, characterized by a jazz-like interaction between Br\u00e5ten Berg and a handful of Norway\u00b4s best musicians, such as Arild Andersen and Bugge Wesseltoft.<\/p>\n<p><!--more--><\/p>\n<h4><\/h4>\n<\/p>\n<h4><\/h4>\n<\/p>\n<h4><\/h4>\n<\/p>\n<p><\/p>","protected":false},"excerpt":{"rendered":"<p>Br\u00e5ten Berg&#8217;s distinctive vocal fits wonderfully into the pure and simple arrangments, characterized by a jazz-like interaction between Br\u00e5ten Berg and a handful of Norway\u00b4s best musicians, such as Arild Andersen and Bugge Wesseltoft.<\/p>\n","protected":false},"featured_media":26973,"comment_status":"closed","ping_status":"open","template":"","meta":[],"product_brand":[],"product_cat":[6],"product_tag":[],"class_list":{"0":"post-534","1":"product","2":"type-product","3":"status-publish","4":"has-post-thumbnail","6":"product_cat-grappa","7":"product_shipping_class-cddvd-shipping","8":"uni_artist_tag-alf-cranner","9":"uni_artist_tag-arild-andersen","10":"uni_artist_tag-bugge-wesseltoft","11":"uni_artist_tag-johan-oian","12":"uni_artist_tag-ketil-bjornstad","13":"uni_artist_tag-kirsten-braten-berg","14":"uni_artist_tag-kjetil-saunes","15":"uni_artist_tag-lillebjorn-nilsen","16":"uni_artist_tag-liv-greni","17":"uni_artist_tag-nils-okland","18":"uni_artist_tag-oyvind-staveland","19":"uni_artist_tag-paolo-vinaccia","20":"uni_artist_tag-per-h-indrehus","21":"uni_artist_tag-torbjorn-okland","22":"uni_artist_tag-tore-brunborg","23":"uni_artist_tag-trad","24":"uni_main_artist_tag-kirsten-braten-berg","25":"uni_artist_genre-folk-music","26":"uni_artist_genre-traditional","28":"first","29":"instock","30":"taxable","31":"shipping-taxable","32":"purchasable","33":"product-type-simple"},"_links":{"self":[{"href":"https:\/\/grappa.no\/en\/wp-json\/wp\/v2\/product\/534","targetHints":{"allow":["GET"]}}],"collection":[{"href":"https:\/\/grappa.no\/en\/wp-json\/wp\/v2\/product"}],"about":[{"href":"https:\/\/grappa.no\/en\/wp-json\/wp\/v2\/types\/product"}],"replies":[{"embeddable":true,"href":"https:\/\/grappa.no\/en\/wp-json\/wp\/v2\/comments?post=534"}],"wp:featuredmedia":[{"embeddable":true,"href":"https:\/\/grappa.no\/en\/wp-json\/wp\/v2\/media\/26973"}],"wp:attachment":[{"href":"https:\/\/grappa.no\/en\/wp-json\/wp\/v2\/media?parent=534"}],"wp:term":[{"taxonomy":"product_brand","embeddable":true,"href":"https:\/\/grappa.no\/en\/wp-json\/wp\/v2\/product_brand?post=534"},{"taxonomy":"product_cat","embeddable":true,"href":"https:\/\/grappa.no\/en\/wp-json\/wp\/v2\/product_cat?post=534"},{"taxonomy":"product_tag","embeddable":true,"href":"https:\/\/grappa.no\/en\/wp-json\/wp\/v2\/product_tag?post=534"}],"curies":[{"name":"wp","href":"https:\/\/api.w.org\/{rel}","templated":true}]}}