{"id":529,"date":"1996-05-20T00:00:00","date_gmt":"1996-05-19T23:00:00","guid":{"rendered":"http:\/\/www.grappa.no\/albums\/uncategorized\/40-spor-2-cd\/"},"modified":"2025-06-03T12:54:46","modified_gmt":"2025-06-03T11:54:46","slug":"40-spor-2cd","status":"publish","type":"product","link":"https:\/\/grappa.no\/en\/albums\/grappa\/40-spor-2cd\/","title":{"rendered":"40 Spor [2CD]"},"content":{"rendered":"<p><\/p>\n<p>40 Tracks From Lillebj\u00f8rn Nilsen<\/p>\n<p>The double compilation 40 spor takes us on a journey through 30 years of Lillebj\u00f8rn Nilsen&#8217;s extensive solo career. The collection fortified Nilsen&#8217;s unique position in Norwegian music as national troubadour and as a leading figure in Nordic singer\/songwriting. 40 recordings from the years 1971\u201393 are collected here, from Nilsen&#8217;s first song, &quot;Danse ikke gr\u00e5te n\u00e5&quot;, as well as well-known songs from later years. Here are the classics everyone knows: &quot;Tanta til Beate&quot;, &quot;Fort gjort \u00e5 glemme&quot;, &quot;Stilleste gutt p\u00e5 sovesal 1&quot;, &quot;Alle duene&quot;, &quot;Se altid lyst p\u00e5 livet&quot;, &quot;Haba Haba&quot;, &quot;Barn av regnbuen&quot;, and many, many more Nilsen hit songs. The CD booklets introduce each and every  song with texts and commentaries written by Nilsen, sharing memories and experiences from his long career as an artist. 40 tracks is a fabulous summary of Nilsen&#8217;s life and work in public as a dear and well-known artist.<\/p>\n<p><!--more--><\/p>\n<h4><\/h4>\n<\/p>\n<h4><\/h4>\n<\/p>\n<h4><\/h4>\n<\/p>\n<p><\/p>","protected":false},"excerpt":{"rendered":"<p>40 highlights from Lillebj\u00f8rn Nilsen&#8217;s career.<\/p>\n","protected":false},"featured_media":26934,"comment_status":"closed","ping_status":"closed","template":"","meta":[],"product_brand":[],"product_cat":[6],"product_tag":[7969,7970],"class_list":{"0":"post-529","1":"product","2":"type-product","3":"status-publish","4":"has-post-thumbnail","6":"product_cat-grappa","7":"product_tag-40-spor","8":"product_tag-lillebjorn-nilsen","9":"product_shipping_class-cddvd-shipping","10":"uni_artist_tag-anne-elisenberg","11":"uni_artist_tag-anne-marie-siebke","12":"uni_artist_tag-annette-borsum","13":"uni_artist_tag-arild-andersen","14":"uni_artist_tag-arne-schulze","15":"uni_artist_tag-bent-ostebo-johansen","16":"uni_artist_tag-bjorn-jacobsen","17":"uni_artist_tag-bjorn-kjellemyr","18":"uni_artist_tag-brynjar-hoff","19":"uni_artist_tag-brynjulf-blix","20":"uni_artist_tag-carl-morten-iversen","21":"uni_artist_tag-david-chocron","22":"uni_artist_tag-eigil-berg","23":"uni_artist_tag-eivind-aarset","24":"uni_artist_tag-eivind-boksle","25":"uni_artist_tag-elisabeth-siebke","26":"uni_artist_tag-espen-rud","27":"uni_artist_tag-finn-kalvik","28":"uni_artist_tag-fred-noddelund","29":"uni_artist_tag-freddy-lindquist","30":"uni_artist_tag-frode-alnaes","31":"uni_artist_tag-frode-thingnaes","32":"uni_artist_tag-geir-sundstol","33":"uni_artist_tag-gunnar-aas","34":"uni_artist_tag-hakon-iversen","35":"uni_artist_tag-halvdan-sivertsen","36":"uni_artist_tag-hege-tunaal","37":"uni_artist_tag-hot-club-de-norvege","38":"uni_artist_tag-jan-eggum","39":"uni_artist_tag-jan-erik-kongshaug","40":"uni_artist_tag-jens-petter-antonsen","41":"uni_artist_tag-jens-wendelboe","42":"uni_artist_tag-johnny-sareussen","43":"uni_artist_tag-jon-christensen","44":"uni_artist_tag-jon-larsen","45":"uni_artist_tag-jonas-fjeld","46":"uni_artist_tag-kari-svendsen","47":"uni_artist_tag-kjellake-carlanius","48":"uni_artist_tag-knut-riisnaes","49":"uni_artist_tag-kristian-lindeman","50":"uni_artist_tag-kristin-hexeberg","51":"uni_artist_tag-lakis-karnesis","52":"uni_artist_tag-lars-lillo-stenberg","53":"uni_artist_tag-lasse-hafreager","54":"uni_artist_tag-lillebjorn-nilsen","55":"uni_artist_tag-marsha-falchenberg","56":"uni_artist_tag-morten-halle","57":"uni_artist_tag-nazir-ahmed","58":"uni_artist_tag-nils-petter-nyren","59":"uni_artist_tag-oystein-sunde","60":"uni_artist_tag-paolo-vinaccia","61":"uni_artist_tag-per-ivar-johansen","62":"uni_artist_tag-per-oystein-sorensen","63":"uni_artist_tag-pete-seeger","64":"uni_artist_tag-petter-kateraas","65":"uni_artist_tag-samina-farooqui","66":"uni_artist_tag-sanna-thommesen","67":"uni_artist_tag-shari-gerber","68":"uni_artist_tag-stein-erik-tafjord","69":"uni_artist_tag-steinar-ofsdal","70":"uni_artist_tag-svein-gundersen","71":"uni_artist_tag-sverre-erik-henriksen","72":"uni_artist_tag-sverre-jensen","73":"uni_artist_tag-tahmina-farooqui","74":"uni_artist_tag-terje-venaas","75":"uni_artist_tag-thor-andreassen","76":"uni_artist_tag-torbjorn-okland","77":"uni_artist_tag-torbjorn-sunde","78":"uni_artist_tag-trad","79":"uni_artist_tag-trond-villa","80":"uni_artist_tag-willy-kraus","81":"uni_main_artist_tag-lillebjorn-nilsen","82":"uni_artist_genre-folk-music","83":"uni_artist_genre-norwegian","84":"uni_artist_genre-singersongwriter","86":"first","87":"instock","88":"taxable","89":"shipping-taxable","90":"purchasable","91":"product-type-simple"},"_links":{"self":[{"href":"https:\/\/grappa.no\/en\/wp-json\/wp\/v2\/product\/529","targetHints":{"allow":["GET"]}}],"collection":[{"href":"https:\/\/grappa.no\/en\/wp-json\/wp\/v2\/product"}],"about":[{"href":"https:\/\/grappa.no\/en\/wp-json\/wp\/v2\/types\/product"}],"replies":[{"embeddable":true,"href":"https:\/\/grappa.no\/en\/wp-json\/wp\/v2\/comments?post=529"}],"wp:featuredmedia":[{"embeddable":true,"href":"https:\/\/grappa.no\/en\/wp-json\/wp\/v2\/media\/26934"}],"wp:attachment":[{"href":"https:\/\/grappa.no\/en\/wp-json\/wp\/v2\/media?parent=529"}],"wp:term":[{"taxonomy":"product_brand","embeddable":true,"href":"https:\/\/grappa.no\/en\/wp-json\/wp\/v2\/product_brand?post=529"},{"taxonomy":"product_cat","embeddable":true,"href":"https:\/\/grappa.no\/en\/wp-json\/wp\/v2\/product_cat?post=529"},{"taxonomy":"product_tag","embeddable":true,"href":"https:\/\/grappa.no\/en\/wp-json\/wp\/v2\/product_tag?post=529"}],"curies":[{"name":"wp","href":"https:\/\/api.w.org\/{rel}","templated":true}]}}