{"id":523,"date":"1999-09-13T00:00:00","date_gmt":"1999-09-12T23:00:00","guid":{"rendered":"http:\/\/www.grappa.no\/albums\/uncategorized\/deilig\/"},"modified":"2016-11-18T16:21:39","modified_gmt":"2016-11-18T15:21:39","slug":"deilig","status":"publish","type":"product","link":"https:\/\/grappa.no\/en\/albums\/grappa\/deilig\/","title":{"rendered":"DEILIG"},"content":{"rendered":"<p><\/p>\n<p>Vital and exuberant<\/p>\n<p>Jan Eggum\u00b4s latest album release before the millennium is an energetic and swinging affair. The album, which gave Eggum his third Norwegian Grammy (Spellemannprisen) as a solo artist, is vital and exuberant, and less melancholy than Eggum\u00b4s previous releases. His lyrics, however, are still ironic: Eggum\u00b4s sharp observations are as strong and compelling as ever. Deilig is a shining example of Eggum&#8217;s ability to renew himself, without losing his uniqueness as an artist. Producer Bugge Wesseltoft, along with musical virtuosos such as Rune Arnesen, Marius Reksj\u00f8, B\u00f8rge Pettersen \u00d8verleir and Georg Wadenius, add to Jan Eggum\u00b4s songs a funky touch.<\/p>\n<p><!--more--><\/p>\n<h4><\/h4>\n<\/p>\n<h4><\/h4>\n<\/p>\n<h4><\/h4>\n<\/p>\n<p><\/p>","protected":false},"excerpt":{"rendered":"<p>Energetic rythms from Jan Eggum.<\/p>\n","protected":false},"featured_media":26968,"comment_status":"closed","ping_status":"open","template":"","meta":[],"product_brand":[],"product_cat":[6],"product_tag":[],"class_list":{"0":"post-523","1":"product","2":"type-product","3":"status-publish","4":"has-post-thumbnail","6":"product_cat-grappa","7":"product_shipping_class-cddvd-shipping","8":"uni_artist_tag-angelica-karsrud","9":"uni_artist_tag-borge-pettersen-overleir","10":"uni_artist_tag-bugge-wesseltoft","11":"uni_artist_tag-celio-de-carvalho","12":"uni_artist_tag-dorthe-dreier","13":"uni_artist_tag-finn-hauge","14":"uni_artist_tag-gaute-storaas","15":"uni_artist_tag-georg-wadenius","16":"uni_artist_tag-hakon-iversen","17":"uni_artist_tag-hans-josef-groh","18":"uni_artist_tag-jan-eggum","19":"uni_artist_tag-jens-petter-antonsen","20":"uni_artist_tag-marius-reksjo","21":"uni_artist_tag-miki-ndoye","22":"uni_artist_tag-morten-halle","23":"uni_artist_tag-per-oystein-sorensen","24":"uni_artist_tag-rune-arnesen","25":"uni_artist_tag-sasha-mandy","26":"uni_artist_tag-torbjorn-sunde","27":"uni_artist_tag-vegard-johnsen","28":"uni_artist_tag-wayne-stewart","29":"uni_main_artist_tag-jan-eggum","30":"uni_artist_genre-norwegian","31":"uni_artist_genre-pop","32":"uni_artist_genre-rock","33":"uni_artist_genre-singersongwriter","35":"first","36":"instock","37":"taxable","38":"shipping-taxable","39":"purchasable","40":"product-type-simple"},"_links":{"self":[{"href":"https:\/\/grappa.no\/en\/wp-json\/wp\/v2\/product\/523","targetHints":{"allow":["GET"]}}],"collection":[{"href":"https:\/\/grappa.no\/en\/wp-json\/wp\/v2\/product"}],"about":[{"href":"https:\/\/grappa.no\/en\/wp-json\/wp\/v2\/types\/product"}],"replies":[{"embeddable":true,"href":"https:\/\/grappa.no\/en\/wp-json\/wp\/v2\/comments?post=523"}],"wp:featuredmedia":[{"embeddable":true,"href":"https:\/\/grappa.no\/en\/wp-json\/wp\/v2\/media\/26968"}],"wp:attachment":[{"href":"https:\/\/grappa.no\/en\/wp-json\/wp\/v2\/media?parent=523"}],"wp:term":[{"taxonomy":"product_brand","embeddable":true,"href":"https:\/\/grappa.no\/en\/wp-json\/wp\/v2\/product_brand?post=523"},{"taxonomy":"product_cat","embeddable":true,"href":"https:\/\/grappa.no\/en\/wp-json\/wp\/v2\/product_cat?post=523"},{"taxonomy":"product_tag","embeddable":true,"href":"https:\/\/grappa.no\/en\/wp-json\/wp\/v2\/product_tag?post=523"}],"curies":[{"name":"wp","href":"https:\/\/api.w.org\/{rel}","templated":true}]}}