{"id":520,"date":"1997-08-11T00:00:00","date_gmt":"1997-08-10T23:00:00","guid":{"rendered":"http:\/\/www.grappa.no\/albums\/uncategorized\/sinikka-langeland-strengen-var-af-rode-guld\/"},"modified":"2016-11-18T16:21:37","modified_gmt":"2016-11-18T15:21:37","slug":"sinikka-langeland-strengen-var-af-rode-guld","status":"publish","type":"product","link":"https:\/\/grappa.no\/en\/albums\/grappa\/sinikka-langeland-strengen-var-af-rode-guld\/","title":{"rendered":"Sinikka Langeland &#8211; Strengen var af r\u00f8de guld"},"content":{"rendered":"<p><\/p>\n<p>Sinikka presents a purely vocal recording<\/p>\n<p>When Sinikka Langeland came to breathe life into the old ballads, she found a way of singing with roots in the district around Gustav K\u00e5terud from V\u00e5ler in Sol\u00f8r. She has also gained experience from working with well-known ballad singers from other parts of the country. With personal renditions and her own vocal arrangements, she presents a purely vocal recording. It contains 23 ballads that were written down by folk music collector Ludvig Mathias Lindeman and have been hidden and forgotten in the music archives until Sinikka Langeland, in co-operation with others, started the work of unearthing them in 1991. <\/p>\n<p>The CD is also part of the book with the same name, &quot;The String was of Red Gold&quot; (Aschenhoug \/ Norwegian Folkeminnelag NFL 142), in which Lindeman&#8217;s records are presented with articles about the sources, about Sol\u00f8r as a area of tradition and Lindeman&#8217;s trip to Sol\u00f8r.<\/p>\n<p><!--more--><\/p>\n<h4><\/h4>\n<\/p>\n<h4><\/h4>\n<\/p>\n<h4><\/h4>\n<\/p>\n<p><\/p>","protected":false},"excerpt":{"rendered":"<p>With personal renditions and her own vocal arrangements, Sinikka presents a purely vocal recording.<\/p>\n","protected":false},"featured_media":26948,"comment_status":"closed","ping_status":"open","template":"","meta":[],"product_brand":[],"product_cat":[6],"product_tag":[],"class_list":{"0":"post-520","1":"product","2":"type-product","3":"status-publish","4":"has-post-thumbnail","6":"product_cat-grappa","7":"product_shipping_class-cddvd-shipping","8":"uni_artist_tag-sinikka-langeland","9":"uni_artist_tag-trad","10":"uni_main_artist_tag-sinikka-langeland","11":"uni_artist_genre-folk-music","12":"uni_artist_genre-norwegian","13":"uni_artist_genre-traditional","15":"first","16":"outofstock","17":"taxable","18":"shipping-taxable","19":"product-type-simple"},"_links":{"self":[{"href":"https:\/\/grappa.no\/en\/wp-json\/wp\/v2\/product\/520","targetHints":{"allow":["GET"]}}],"collection":[{"href":"https:\/\/grappa.no\/en\/wp-json\/wp\/v2\/product"}],"about":[{"href":"https:\/\/grappa.no\/en\/wp-json\/wp\/v2\/types\/product"}],"replies":[{"embeddable":true,"href":"https:\/\/grappa.no\/en\/wp-json\/wp\/v2\/comments?post=520"}],"wp:featuredmedia":[{"embeddable":true,"href":"https:\/\/grappa.no\/en\/wp-json\/wp\/v2\/media\/26948"}],"wp:attachment":[{"href":"https:\/\/grappa.no\/en\/wp-json\/wp\/v2\/media?parent=520"}],"wp:term":[{"taxonomy":"product_brand","embeddable":true,"href":"https:\/\/grappa.no\/en\/wp-json\/wp\/v2\/product_brand?post=520"},{"taxonomy":"product_cat","embeddable":true,"href":"https:\/\/grappa.no\/en\/wp-json\/wp\/v2\/product_cat?post=520"},{"taxonomy":"product_tag","embeddable":true,"href":"https:\/\/grappa.no\/en\/wp-json\/wp\/v2\/product_tag?post=520"}],"curies":[{"name":"wp","href":"https:\/\/api.w.org\/{rel}","templated":true}]}}