{"id":513,"date":"1997-09-22T00:00:00","date_gmt":"1997-09-21T23:00:00","guid":{"rendered":"http:\/\/www.grappa.no\/albums\/uncategorized\/vinterkropp\/"},"modified":"2016-11-18T16:21:33","modified_gmt":"2016-11-18T15:21:33","slug":"vinterkropp","status":"publish","type":"product","link":"https:\/\/grappa.no\/en\/albums\/grappa\/vinterkropp\/","title":{"rendered":"VINTERKROPP"},"content":{"rendered":"<p><\/p>\n<p>Warm and Engaging from Maj Britt Andersen<\/p>\n<p>Vinterkropp is Maj Britt Andersen&#8217;s second release intended for adult listeners. This time, she performs the texts of the poet Ove R\u00f8sbak. Andersen and R\u00f8sbak have both worked extensively with the work of the famous poet Alf Pr\u00f8ysen. The lyrics on the album are written by R\u00f8sbak especially for Andersen and composer Geir Holmsen. His texts are full of feeling and range from the romantic and sometimes erotic, to the hurt and wistful. Andersen renders these moods in a credible way, helped by Holmsen\u00b4s beautiful melodies. The combination of Anderson&#8217;s vocals, Holmsen\u00b4s compositions and R\u00f8sbak\u00b4s original texts have given a fresh result. The release oozes musical quality and artistic integrity, making Vinterkropp a warm and engaging experience.<\/p>\n<p><!--more--><\/p>\n<h4><\/h4>\n<\/p>\n<h4><\/h4>\n<\/p>\n<h4><\/h4>\n<\/p>\n<p><\/p>","protected":false},"excerpt":{"rendered":"<p>Maj Britt Andersen sings texts by Ove R\u00f8sbak.<\/p>\n","protected":false},"featured_media":26947,"comment_status":"closed","ping_status":"open","template":"","meta":[],"product_brand":[],"product_cat":[6],"product_tag":[],"class_list":{"0":"post-513","1":"product","2":"type-product","3":"status-publish","4":"has-post-thumbnail","6":"product_cat-grappa","7":"product_shipping_class-cddvd-shipping","8":"uni_artist_tag-alfred-janson","9":"uni_artist_tag-anneli-m-drecker","10":"uni_artist_tag-eivind-aarset","11":"uni_artist_tag-geir-holmsen","12":"uni_artist_tag-ingeborg-mohn","13":"uni_artist_tag-ivar-anton-waagaard","14":"uni_artist_tag-jon-balke","15":"uni_artist_tag-maj-britt-andersen","16":"uni_artist_tag-minda-mohn","17":"uni_artist_tag-paolo-vinaccia","18":"uni_artist_tag-rune-arnesen","19":"uni_artist_tag-truls-mork","20":"uni_main_artist_tag-maj-britt-andersen","21":"uni_artist_genre-norwegian","22":"uni_artist_genre-singersongwriter","24":"first","25":"instock","26":"taxable","27":"shipping-taxable","28":"purchasable","29":"product-type-simple"},"_links":{"self":[{"href":"https:\/\/grappa.no\/en\/wp-json\/wp\/v2\/product\/513","targetHints":{"allow":["GET"]}}],"collection":[{"href":"https:\/\/grappa.no\/en\/wp-json\/wp\/v2\/product"}],"about":[{"href":"https:\/\/grappa.no\/en\/wp-json\/wp\/v2\/types\/product"}],"replies":[{"embeddable":true,"href":"https:\/\/grappa.no\/en\/wp-json\/wp\/v2\/comments?post=513"}],"wp:featuredmedia":[{"embeddable":true,"href":"https:\/\/grappa.no\/en\/wp-json\/wp\/v2\/media\/26947"}],"wp:attachment":[{"href":"https:\/\/grappa.no\/en\/wp-json\/wp\/v2\/media?parent=513"}],"wp:term":[{"taxonomy":"product_brand","embeddable":true,"href":"https:\/\/grappa.no\/en\/wp-json\/wp\/v2\/product_brand?post=513"},{"taxonomy":"product_cat","embeddable":true,"href":"https:\/\/grappa.no\/en\/wp-json\/wp\/v2\/product_cat?post=513"},{"taxonomy":"product_tag","embeddable":true,"href":"https:\/\/grappa.no\/en\/wp-json\/wp\/v2\/product_tag?post=513"}],"curies":[{"name":"wp","href":"https:\/\/api.w.org\/{rel}","templated":true}]}}