{"id":505,"date":"1990-11-19T00:00:00","date_gmt":"1990-11-18T23:00:00","guid":{"rendered":"http:\/\/www.grappa.no\/albums\/uncategorized\/typisk-norsk\/"},"modified":"2024-01-30T10:12:40","modified_gmt":"2024-01-30T09:12:40","slug":"typisk-norsk","status":"publish","type":"product","link":"https:\/\/grappa.no\/en\/albums\/grappa\/typisk-norsk\/","title":{"rendered":"TYPISK NORSK"},"content":{"rendered":"<p>Klassikere fra Gitarkameratene<\/p>\n<p>Typisk norsk var Gitarkameratenes andre plateutgivelse og inneholdt en rekke nye l\u00e5ter som raskt skulle f\u00e5 klassikerstempel. Utgivelsen ble en enorm suksess med over 70 000 solgte eksemplarer og supergruppen ble tildelt Spellemannprisen for beste viseplate og ble k\u00e5ret til \u00c5rets Spellemann. Typisk norsk inneholder tolv slagere skrevet av de fire gitarkameratene. Flere av disse har siden blitt viktige i repertoaret til de fire artistenes soloopptredener, slik som \u201dRyktet forteller\u201d (Jan Eggum), \u201dAnna p\u00e5 Gran Canaria\u201d (Lillebj\u00f8rn Nilsen), \u201dVenner\u201d (Halvdan Sivertsen) og \u201dGammal Amazon\u201d (\u00d8ystein Sunde). Albumet klarte \u00e5 formidle spillegleden og spontaniteten artistene imellom som var s\u00e5 tydelig til stede under konsertopptredener. Samme \u00e5r la Gitarkameratene ut p\u00e5 turn\u00e9 og spilte for fulle hus over hele Norge, blant annet med 24 utsolgte oppsetninger p\u00e5 Dizzie Showteater i Oslo!<\/p>\n<p><!--more--><\/p>\n<h4><\/h4>\n<\/p>\n<h4><\/h4>\n<p><h4><\/h4><\/p>\n","protected":false},"excerpt":{"rendered":"<p>Typisk talentfulle Gitarkamerater!<\/p>\n","protected":false},"featured_media":26910,"comment_status":"closed","ping_status":"closed","template":"","meta":[],"product_brand":[],"product_cat":[6],"product_tag":[],"class_list":{"0":"post-505","1":"product","2":"type-product","3":"status-publish","4":"has-post-thumbnail","6":"product_cat-grappa","7":"product_shipping_class-cddvd-shipping","8":"uni_artist_tag-bjorn-kjellemyr","9":"uni_artist_tag-gitarkameratene","10":"uni_artist_tag-halvdan-sivertsen","11":"uni_artist_tag-holly-odell","12":"uni_artist_tag-jan-eggum","13":"uni_artist_tag-johnny-sareussen","14":"uni_artist_tag-laila-myrseth","15":"uni_artist_tag-lillebjorn-nilsen","16":"uni_artist_tag-oystein-sunde","17":"uni_artist_tag-paolo-vinaccia","18":"uni_main_artist_tag-gitarkameratene","19":"uni_artist_genre-norwegian","20":"uni_artist_genre-pop","21":"uni_artist_genre-rock","22":"uni_artist_genre-singersongwriter","24":"first","25":"outofstock","26":"taxable","27":"shipping-taxable","28":"purchasable","29":"product-type-simple"},"_links":{"self":[{"href":"https:\/\/grappa.no\/en\/wp-json\/wp\/v2\/product\/505","targetHints":{"allow":["GET"]}}],"collection":[{"href":"https:\/\/grappa.no\/en\/wp-json\/wp\/v2\/product"}],"about":[{"href":"https:\/\/grappa.no\/en\/wp-json\/wp\/v2\/types\/product"}],"replies":[{"embeddable":true,"href":"https:\/\/grappa.no\/en\/wp-json\/wp\/v2\/comments?post=505"}],"wp:featuredmedia":[{"embeddable":true,"href":"https:\/\/grappa.no\/en\/wp-json\/wp\/v2\/media\/26910"}],"wp:attachment":[{"href":"https:\/\/grappa.no\/en\/wp-json\/wp\/v2\/media?parent=505"}],"wp:term":[{"taxonomy":"product_brand","embeddable":true,"href":"https:\/\/grappa.no\/en\/wp-json\/wp\/v2\/product_brand?post=505"},{"taxonomy":"product_cat","embeddable":true,"href":"https:\/\/grappa.no\/en\/wp-json\/wp\/v2\/product_cat?post=505"},{"taxonomy":"product_tag","embeddable":true,"href":"https:\/\/grappa.no\/en\/wp-json\/wp\/v2\/product_tag?post=505"}],"curies":[{"name":"wp","href":"https:\/\/api.w.org\/{rel}","templated":true}]}}