{"id":493,"date":"1995-09-18T00:00:00","date_gmt":"1995-09-17T23:00:00","guid":{"rendered":"http:\/\/www.grappa.no\/albums\/uncategorized\/ridin-on-the-blinds\/"},"modified":"2016-11-18T16:21:24","modified_gmt":"2016-11-18T15:21:24","slug":"ridin-on-the-blinds","status":"publish","type":"product","link":"https:\/\/grappa.no\/en\/albums\/grappa\/ridin-on-the-blinds\/","title":{"rendered":"RIDIN&#8217; ON THE BLINDS"},"content":{"rendered":"<p><\/p>\n<p>A marvel of an album<\/p>\n<p>Ridin&#8217; on the Blinds is the trio Danko\/Fjeld\/Andersen&#8217;s second release together, and the album was quickly given the status as a classic. The super group collects the best of Norwegian and American music and welds it into a musical experience like no other. The American Roots genre, represented by guest artists such as Garth Hudson, is accompanied by Norwegian Folk tunes, performed by folk musicians Hallvard T. Bj\u00f8rgum, Kirsten Braten Berg and Tone Hulb\u00e6mo as well as Norwegian artists such as Knut Reiersrud, Lillebj\u00f8rn Nilsen, Bugge Wesseltoft and Rune Arnesen. The material is of skyhigh quality and proves that Danko\/Fjeld\/Andersen are not only talented musicians, but also skilled songwriters. The trio also perform lovely versions of well known and beloved classics such as Robbie Robertson&#8217;s &quot;Twilight,&quot; Tom Paxton\u00b4s &quot;Bottle of Wine&quot; and Richard Thompson&#8217;s &quot;Dimming Of The Day&quot;. Ridin&#8217; on the Blinds is an authentic and curious album, full of pure musical enjoyment!<\/p>\n<p><!--more--><\/p>\n<h4><\/h4>\n<\/p>\n<h4><\/h4>\n<\/p>\n<h4><\/h4>\n<\/p>\n<p><\/p>","protected":false},"excerpt":{"rendered":"<p>Tradition and innovation from international super group.<\/p>\n","protected":false},"featured_media":26927,"comment_status":"closed","ping_status":"open","template":"","meta":[],"product_brand":[],"product_cat":[6],"product_tag":[],"class_list":{"0":"post-493","1":"product","2":"type-product","3":"status-publish","4":"has-post-thumbnail","6":"product_cat-grappa","7":"product_shipping_class-cddvd-shipping","8":"uni_artist_tag-audun-erlien","9":"uni_artist_tag-bent-bredesen","10":"uni_artist_tag-berit-lohne","11":"uni_artist_tag-bugge-wesseltoft","12":"uni_artist_tag-david-olney","13":"uni_artist_tag-ed-kaercher","14":"uni_artist_tag-eric-andersen","15":"uni_artist_tag-frode-larsen","16":"uni_artist_tag-garth-hudson","17":"uni_artist_tag-georgia-slim","18":"uni_artist_tag-gerry-w-hallom","19":"uni_artist_tag-hallvard-t-bjorgum-harding-hank","20":"uni_artist_tag-hilde-kjeldsen","21":"uni_artist_tag-ingar-helgesen","22":"uni_artist_tag-j-robbie-robertson","23":"uni_artist_tag-jim-sherraden","24":"uni_artist_tag-jonas-fjeld","25":"uni_artist_tag-jorun-bogeberg","26":"uni_artist_tag-kirsten-braten-berg","27":"uni_artist_tag-knut-reiersrud","28":"uni_artist_tag-kristin-skaare","29":"uni_artist_tag-lillebjorn-nilsen","30":"uni_artist_tag-liz-tove-vespestad","31":"uni_artist_tag-marian-lisland","32":"uni_artist_tag-marianne-berg","33":"uni_artist_tag-marianne-roise-lyngre","34":"uni_artist_tag-per-oystein-sorensen","35":"uni_artist_tag-richard-thompson","36":"uni_artist_tag-rick-danko","37":"uni_artist_tag-rune-arnesen","38":"uni_artist_tag-tom-paxton","39":"uni_artist_tag-tone-hulbaekmo","40":"uni_artist_tag-ulf-m-ingstad","41":"uni_main_artist_tag-jonas-fjeld","42":"uni_artist_genre-rock","43":"uni_artist_genre-roots","45":"first","46":"instock","47":"taxable","48":"shipping-taxable","49":"purchasable","50":"product-type-simple"},"_links":{"self":[{"href":"https:\/\/grappa.no\/en\/wp-json\/wp\/v2\/product\/493","targetHints":{"allow":["GET"]}}],"collection":[{"href":"https:\/\/grappa.no\/en\/wp-json\/wp\/v2\/product"}],"about":[{"href":"https:\/\/grappa.no\/en\/wp-json\/wp\/v2\/types\/product"}],"replies":[{"embeddable":true,"href":"https:\/\/grappa.no\/en\/wp-json\/wp\/v2\/comments?post=493"}],"wp:featuredmedia":[{"embeddable":true,"href":"https:\/\/grappa.no\/en\/wp-json\/wp\/v2\/media\/26927"}],"wp:attachment":[{"href":"https:\/\/grappa.no\/en\/wp-json\/wp\/v2\/media?parent=493"}],"wp:term":[{"taxonomy":"product_brand","embeddable":true,"href":"https:\/\/grappa.no\/en\/wp-json\/wp\/v2\/product_brand?post=493"},{"taxonomy":"product_cat","embeddable":true,"href":"https:\/\/grappa.no\/en\/wp-json\/wp\/v2\/product_cat?post=493"},{"taxonomy":"product_tag","embeddable":true,"href":"https:\/\/grappa.no\/en\/wp-json\/wp\/v2\/product_tag?post=493"}],"curies":[{"name":"wp","href":"https:\/\/api.w.org\/{rel}","templated":true}]}}