{"id":491,"date":"1985-06-10T00:00:00","date_gmt":"1985-06-09T23:00:00","guid":{"rendered":"http:\/\/www.grappa.no\/albums\/uncategorized\/hilsen-nilsen\/"},"modified":"2024-01-29T13:18:41","modified_gmt":"2024-01-29T12:18:41","slug":"hilsen-nilsen","status":"publish","type":"product","link":"https:\/\/grappa.no\/en\/albums\/grappa\/hilsen-nilsen\/","title":{"rendered":"Hilsen Nilsen"},"content":{"rendered":"<p>Musikalsk hilsen fra Nilsen<\/p>\n<p>Hilsen Nilsen \u00e5pner med en av Lillebj\u00f8rn Nilsens mest kjente sanger noensinne, \u201dAlexander Kiellands Plass\u201d, som hedrer stedet Nilsen selv vokste opp. Selv om kj\u00e6rlighetserkl\u00e6ringen til hjembyen setter startskuddet for albumet tar artisten lytteren med seg ogs\u00e5 til andre deler av verden. B\u00e5de \u201dSangen om Danmark\u201d og \u201dBl\u00e5 odyss\u00e9\u201d, der Lakis Karnesis spiller bouzouki, er eksempler p\u00e5 den reisen Nilsen foretar i l\u00f8pet av albumet. Han evner \u00e5 synge \u00f8mt og engasjert om andre steder enn bare Oslo og dette er noe av \u00e5rsaken til at han har opparbeidet seg et stort og trofast publikum utenlands, ikke minst i Danmark. Hilsen Nilsen er en sv\u00e6rt velprodusert plate som f\u00f8yer seg pent inn i rekken av Nilsens suksessrike utgivelser. \u00c5pningsslageren f\u00f8lges raskt f\u00f8lger opp av popul\u00e6re sanger som for eksempel a cappella-l\u00e5ten \u201dInni mitt hode\u201d og den humoristiske \u201dIld og vann i IV\u201d.<\/p>\n<p><!--more--><\/p>\n<h4><\/h4>\n<\/p>\n<h4><\/h4>\n<p><h4><\/h4><\/p>\n","protected":false},"excerpt":{"rendered":"<p>Kjente perler fra Lillebj\u00f8rn Nilsen.<\/p>\n","protected":false},"featured_media":26902,"comment_status":"closed","ping_status":"closed","template":"","meta":[],"product_brand":[],"product_cat":[6],"product_tag":[],"class_list":{"0":"post-491","1":"product","2":"type-product","3":"status-publish","4":"has-post-thumbnail","6":"product_cat-grappa","7":"product_shipping_class-cddvd-shipping","8":"uni_artist_tag-freddy-lindquist","9":"uni_artist_tag-hakon-iversen","10":"uni_artist_tag-jens-petter-antonsen","11":"uni_artist_tag-johnny-sareussen","12":"uni_artist_tag-jon-larsen","13":"uni_artist_tag-jonas-fjeld","14":"uni_artist_tag-knut-riisnaes","15":"uni_artist_tag-kristian-lindeman","16":"uni_artist_tag-lakis-karnesis","17":"uni_artist_tag-lasse-hafreager","18":"uni_artist_tag-lillebjorn-nilsen","19":"uni_artist_tag-morten-halle","20":"uni_artist_tag-nils-petter-nyren","21":"uni_artist_tag-oystein-sunde","22":"uni_artist_tag-per-oystein-sorensen","23":"uni_artist_tag-shari-gerber-nilsen","24":"uni_artist_tag-terje-venaas","25":"uni_artist_tag-thor-andreassen","26":"uni_artist_tag-torbjorn-sunde","27":"uni_main_artist_tag-lillebjorn-nilsen","28":"uni_artist_genre-norwegian","29":"uni_artist_genre-singersongwriter","31":"first","32":"outofstock","33":"taxable","34":"shipping-taxable","35":"purchasable","36":"product-type-simple"},"_links":{"self":[{"href":"https:\/\/grappa.no\/en\/wp-json\/wp\/v2\/product\/491","targetHints":{"allow":["GET"]}}],"collection":[{"href":"https:\/\/grappa.no\/en\/wp-json\/wp\/v2\/product"}],"about":[{"href":"https:\/\/grappa.no\/en\/wp-json\/wp\/v2\/types\/product"}],"replies":[{"embeddable":true,"href":"https:\/\/grappa.no\/en\/wp-json\/wp\/v2\/comments?post=491"}],"wp:featuredmedia":[{"embeddable":true,"href":"https:\/\/grappa.no\/en\/wp-json\/wp\/v2\/media\/26902"}],"wp:attachment":[{"href":"https:\/\/grappa.no\/en\/wp-json\/wp\/v2\/media?parent=491"}],"wp:term":[{"taxonomy":"product_brand","embeddable":true,"href":"https:\/\/grappa.no\/en\/wp-json\/wp\/v2\/product_brand?post=491"},{"taxonomy":"product_cat","embeddable":true,"href":"https:\/\/grappa.no\/en\/wp-json\/wp\/v2\/product_cat?post=491"},{"taxonomy":"product_tag","embeddable":true,"href":"https:\/\/grappa.no\/en\/wp-json\/wp\/v2\/product_tag?post=491"}],"curies":[{"name":"wp","href":"https:\/\/api.w.org\/{rel}","templated":true}]}}