{"id":490,"date":"1986-04-28T00:00:00","date_gmt":"1986-04-27T23:00:00","guid":{"rendered":"http:\/\/www.grappa.no\/albums\/uncategorized\/original-nilsen\/"},"modified":"2024-01-29T13:16:21","modified_gmt":"2024-01-29T12:16:21","slug":"original-nilsen","status":"publish","type":"product","link":"https:\/\/grappa.no\/en\/albums\/grappa\/original-nilsen\/","title":{"rendered":"ORIGINAL NILSEN"},"content":{"rendered":"<p>Originale Nilsen<\/p>\n<p>Original Nilsen er g\u00e5tt inn i norsk musikkhistorie som en av de virkelig store klassikerne. Den solgte til gullplate og ga Lillebj\u00f8rn Nilsen sin andre Spellemannspris som soloartist. Mange mener til og med at dette er Nilsens desidert beste utgivelse! Flere av l\u00e5tene p\u00e5 albumet er blant artistens mest popul\u00e6re. Ikke minst gjelder dette \u201dTanta til Beate\u201d som ble spilt inn med jazzgruppen Hot Club de Norv\u00e8ge. Original Nilsen byr p\u00e5 flere l\u00e5ter som har f\u00e5tt feste i den norske bevisstheten, deriblant \u201dFin frokost\u201d, \u201dCrescendo i g\u00e5gata\u201d, \u201dHei New York\u201d og \u201dSe alltid lyst p\u00e5 livet\u201d. Her finnes ogs\u00e5 en av Nilsens vakreste skildringer av Oslo: \u201dGod natt Oslo\u201d er ingen blind idyllisering av byen, men et realistisk portrett fylt med \u00f8mhet og glede. Med poetisk varme gir Lillebj\u00f8rn Nilsen ogs\u00e5 plass til byens skyggesider i sin kj\u00e6rlighetserkl\u00e6ring til hovedstaden.<\/p>\n<p><!--more--><\/p>\n<h4><\/h4>\n<\/p>\n<h4><\/h4>\n<p><h4><\/h4><\/p>\n","protected":false},"excerpt":{"rendered":"<p>Original visesang fra original artist.<\/p>\n","protected":false},"featured_media":26901,"comment_status":"closed","ping_status":"closed","template":"","meta":[],"product_brand":[],"product_cat":[6],"product_tag":[],"class_list":{"0":"post-490","1":"product","2":"type-product","3":"status-publish","4":"has-post-thumbnail","6":"product_cat-grappa","7":"product_shipping_class-cddvd-shipping","8":"uni_artist_tag-bent-ostebo-johansen","9":"uni_artist_tag-brynjar-hoff","10":"uni_artist_tag-brynjulf-blix","11":"uni_artist_tag-david-chocron","12":"uni_artist_tag-fred-noddelund","13":"uni_artist_tag-freddy-lindquist","14":"uni_artist_tag-gunnar-aas","15":"uni_artist_tag-hot-club-de-norvege","16":"uni_artist_tag-jens-wendelboe","17":"uni_artist_tag-johnny-sareussen","18":"uni_artist_tag-jonas-fjeld","19":"uni_artist_tag-lillebjorn-nilsen","20":"uni_artist_tag-marsha-falchenberg","21":"uni_artist_tag-paolo-vinaccia","22":"uni_artist_tag-petter-kateraas","23":"uni_artist_tag-phil-coulter","24":"uni_artist_tag-shari-gerber-nilsen","25":"uni_artist_tag-terje-venaas","26":"uni_artist_tag-trond-villa","27":"uni_main_artist_tag-lillebjorn-nilsen","28":"uni_artist_genre-singersongwriter","30":"first","31":"outofstock","32":"taxable","33":"shipping-taxable","34":"purchasable","35":"product-type-simple"},"_links":{"self":[{"href":"https:\/\/grappa.no\/en\/wp-json\/wp\/v2\/product\/490","targetHints":{"allow":["GET"]}}],"collection":[{"href":"https:\/\/grappa.no\/en\/wp-json\/wp\/v2\/product"}],"about":[{"href":"https:\/\/grappa.no\/en\/wp-json\/wp\/v2\/types\/product"}],"replies":[{"embeddable":true,"href":"https:\/\/grappa.no\/en\/wp-json\/wp\/v2\/comments?post=490"}],"wp:featuredmedia":[{"embeddable":true,"href":"https:\/\/grappa.no\/en\/wp-json\/wp\/v2\/media\/26901"}],"wp:attachment":[{"href":"https:\/\/grappa.no\/en\/wp-json\/wp\/v2\/media?parent=490"}],"wp:term":[{"taxonomy":"product_brand","embeddable":true,"href":"https:\/\/grappa.no\/en\/wp-json\/wp\/v2\/product_brand?post=490"},{"taxonomy":"product_cat","embeddable":true,"href":"https:\/\/grappa.no\/en\/wp-json\/wp\/v2\/product_cat?post=490"},{"taxonomy":"product_tag","embeddable":true,"href":"https:\/\/grappa.no\/en\/wp-json\/wp\/v2\/product_tag?post=490"}],"curies":[{"name":"wp","href":"https:\/\/api.w.org\/{rel}","templated":true}]}}