{"id":486,"date":"1995-05-15T00:00:00","date_gmt":"1995-05-14T23:00:00","guid":{"rendered":"http:\/\/www.grappa.no\/albums\/uncategorized\/haba-haba\/"},"modified":"2024-01-29T14:00:15","modified_gmt":"2024-01-29T13:00:15","slug":"haba-haba","status":"publish","type":"product","link":"https:\/\/grappa.no\/en\/albums\/grappa\/haba-haba\/","title":{"rendered":"HABA HABA!"},"content":{"rendered":"<p>Lillebj\u00f8rn Nilsens barneplate<\/p>\n<p>Haba Haba! er en leken barneplate der h\u00f8ydepunktene ligger tett i tett, full av smittende energi. Dette ble platen som for alvor gjorde Nilsen kjent ogs\u00e5 blant et yngre publikum. De fleste av sangene er tradisjonelle melodier han har satt tekst til, etter inspirasjon fra rim og regler han selv vokste opp med. Spesielt kjent er tittelsporet \u201dHaba Haba!\u201d, skrevet av Nilsen selv, som er blitt en klassiker for flere generasjoner av norske barn (og voksne). P\u00e5 Haba Haba! fremf\u00f8rer en munter Nilsen, i samklang med entusiastiske barn, mer og mindre kjente barnesanger og viser hvordan han mestrer den utfordrende kunsten det er \u00e5 synge, spille og komponere for barn. Lillebj\u00f8rn Nilsens kjente og kj\u00e6re album for barn er en gjenutgivelse av &#8230;og Fia hadde sko! som ble sv\u00e6rt popul\u00e6r og l\u00e5 lenge p\u00e5 Norsktoppen da den kom ut i 1974.<\/p>\n<p><!--more--><\/p>\n<h4><\/h4>\n<\/p>\n<h4><\/h4>\n<p><h4><\/h4><\/p>\n","protected":false},"excerpt":{"rendered":"<p>Klassiker for barn av Lillebj\u00f8rn Nilsen.<\/p>\n","protected":false},"featured_media":26899,"comment_status":"closed","ping_status":"closed","template":"","meta":[],"product_brand":[],"product_cat":[6],"product_tag":[],"class_list":{"0":"post-486","1":"product","2":"type-product","3":"status-publish","4":"has-post-thumbnail","6":"product_cat-grappa","7":"product_shipping_class-cddvd-shipping","8":"uni_artist_tag-anne-elisenberg","9":"uni_artist_tag-anne-marie-siebke","10":"uni_artist_tag-annette-borsum","11":"uni_artist_tag-arne-schulze","12":"uni_artist_tag-carl-morten-iversen","13":"uni_artist_tag-eigil-berg","14":"uni_artist_tag-elisabeth-siebke","15":"uni_artist_tag-johnny-sareussen","16":"uni_artist_tag-kari-svendsen","17":"uni_artist_tag-kristin-hexeberg","18":"uni_artist_tag-lillebjorn-nilsen","19":"uni_artist_tag-sanna-thommesen","20":"uni_artist_tag-steinar-ofsdal","21":"uni_artist_tag-thor-andreassen","22":"uni_artist_tag-trad","23":"uni_main_artist_tag-lillebjorn-nilsen","24":"uni_artist_genre-children","25":"uni_artist_genre-folk-music","27":"first","28":"outofstock","29":"taxable","30":"shipping-taxable","31":"purchasable","32":"product-type-simple"},"_links":{"self":[{"href":"https:\/\/grappa.no\/en\/wp-json\/wp\/v2\/product\/486","targetHints":{"allow":["GET"]}}],"collection":[{"href":"https:\/\/grappa.no\/en\/wp-json\/wp\/v2\/product"}],"about":[{"href":"https:\/\/grappa.no\/en\/wp-json\/wp\/v2\/types\/product"}],"replies":[{"embeddable":true,"href":"https:\/\/grappa.no\/en\/wp-json\/wp\/v2\/comments?post=486"}],"wp:featuredmedia":[{"embeddable":true,"href":"https:\/\/grappa.no\/en\/wp-json\/wp\/v2\/media\/26899"}],"wp:attachment":[{"href":"https:\/\/grappa.no\/en\/wp-json\/wp\/v2\/media?parent=486"}],"wp:term":[{"taxonomy":"product_brand","embeddable":true,"href":"https:\/\/grappa.no\/en\/wp-json\/wp\/v2\/product_brand?post=486"},{"taxonomy":"product_cat","embeddable":true,"href":"https:\/\/grappa.no\/en\/wp-json\/wp\/v2\/product_cat?post=486"},{"taxonomy":"product_tag","embeddable":true,"href":"https:\/\/grappa.no\/en\/wp-json\/wp\/v2\/product_tag?post=486"}],"curies":[{"name":"wp","href":"https:\/\/api.w.org\/{rel}","templated":true}]}}