{"id":473,"date":"2010-02-01T00:00:00","date_gmt":"2010-01-31T23:00:00","guid":{"rendered":"http:\/\/www.grappa.no\/albums\/uncategorized\/eugene-ysaye-string-trios\/"},"modified":"2019-02-22T16:02:23","modified_gmt":"2019-02-22T15:02:23","slug":"eugene-ysaye-string-trios","status":"publish","type":"product","link":"https:\/\/grappa.no\/en\/albums\/simax-classics\/eugene-ysaye-string-trios\/","title":{"rendered":"Eug\u00e8ne Ysa\u00ffe: String Trios"},"content":{"rendered":"<p><\/p>\n<p>Premiere recordings of reconstructed Ysa\u00ffe trios<\/p>\n<p>Two world premiere recordings on this release with string trios by Eug\u00e8ne Ysa\u00ffe; the most important performer and composer for the development of modern violin technique. These works have been rediscovered and reconstructed from manuscripts by the Norwegian violinist and musicologist Tor Johan B\u00f8en.<\/p>\n<p>The foremost performer of his time, Ysa\u00ffe inspired composers like Franck, Debussy, Chausson and others to write some of their most important works for him. But he kept his own work as a composer much of a secret, even to the people close to him. The exception of course being the six sonatas for solo violin, who in turn are the most central works of modern violin repertoire. The newly discovered and reconstructed trios presented here reveal how Ysa\u00ffe, with his unique style of playing, explored and developed musical language, forms, counterpoint, and polyphonic part writing. With his musical ideas and knowledge of the instrument possibilities Ysa\u00ffe brought the genre of the string trio to a new level.<\/p>\n<p><!--more--><\/p>\n<p>Two world premiere recordings on this release with string trios by Eug\u00e8ne Ysa\u00ffe; the most important performer and composer for the development of modern violin technique. These works have been rediscovered and reconstructed from manuscripts by the Norwegian violinist and musicologist Tor Johan B\u00f8en.<\/p>\n<h4>Eug\u00e8ne Ysa\u00ffe (1858-1931) the composer<\/h4>\n<p>The foremost performer of his time, Ysa\u00ffe inspired composers like Franck, Debussy, Chausson and others to write some of their most important works for him. But he kept his own work as a composer much of a secret, even to the people close to him. The exception of course being the six sonatas for solo violin, who in turn are the most central works of modern violin repertoire. The newly discovered and reconstructed trios presented here reveal how Ysa\u00ffe, with his unique style of playing, explored and developed musical language, forms, counterpoint, and polyphonic part writing. With his musical ideas and knowledge of the instrument possibilities Ysa\u00ffe brought the genre of the string trio to a new level.<\/p>\n<h4>Three trios for strings \u2013 one of them premiered in Norway in 2008<\/h4>\n<p>The works on this CD were written in the years 1914-27, but only one of them were performed during Ysa\u00ffe\u2019s own lifetime. While Premier Trio de Concert (later named Le Chimay) was premiered in 1964, the 2eme Trio had to wait until the next millennium for its first performance. Never before published, it only existed in manuscript which formed the basis for the premiere in remote \u00c5s Old Church (Norway), 28 February 2008, by B\u00f8en, Jopling and Martens.<\/p>\n<h4>The restoration \u2013 searching for Ysa\u00ffe<\/h4>\n<p>Tor Johan B\u00f8en (1971) made his violin debut in 1993, after studies with Leif J\u00f8rgensen, Lars Anders Tomter, Camilla Wicks and Sergiu Luca. B\u00f8en started his search for the fragments of these fantastic string trios as his Doctorate project at Rice University in Houston, Texas. During this enormous puzzle with manuscripts and sketches, B\u00f8en has discovered, documented and registered how Ysa\u00ffe until the very end made fundamental revisions and improvements of his works, even after the parts had been written out. As a direct consequence of this research, the world now has the opportunity through editions and recording to come closer to the visions Ysa\u00ffe had for his own music.<\/p>\n<p><\/p>","protected":false},"excerpt":{"rendered":"<p>&#8211; The Simax label has something of a coup here [MusicWeb]<\/p>\n","protected":false},"featured_media":27702,"comment_status":"closed","ping_status":"open","template":"","meta":[],"product_brand":[],"product_cat":[180],"product_tag":[],"class_list":{"0":"post-473","1":"product","2":"type-product","3":"status-publish","4":"has-post-thumbnail","6":"product_cat-simax-classics","7":"product_shipping_class-cddvd-shipping","8":"uni_artist_tag-anders-nilsson","9":"uni_artist_tag-are-sandbakken","10":"uni_artist_tag-eugene-ysaye","11":"uni_artist_tag-johannes-martens","12":"uni_artist_tag-juliet-jopling","13":"uni_artist_tag-tony-harrison","14":"uni_artist_tag-tor-johan-boen","15":"uni_main_artist_tag-tor-johan-boen","16":"uni_artist_genre-chamber-music","17":"uni_artist_genre-strings","18":"uni_artist_genre-world-premiere-recording","20":"first","21":"instock","22":"taxable","23":"shipping-taxable","24":"purchasable","25":"product-type-simple"},"_links":{"self":[{"href":"https:\/\/grappa.no\/en\/wp-json\/wp\/v2\/product\/473","targetHints":{"allow":["GET"]}}],"collection":[{"href":"https:\/\/grappa.no\/en\/wp-json\/wp\/v2\/product"}],"about":[{"href":"https:\/\/grappa.no\/en\/wp-json\/wp\/v2\/types\/product"}],"replies":[{"embeddable":true,"href":"https:\/\/grappa.no\/en\/wp-json\/wp\/v2\/comments?post=473"}],"wp:featuredmedia":[{"embeddable":true,"href":"https:\/\/grappa.no\/en\/wp-json\/wp\/v2\/media\/27702"}],"wp:attachment":[{"href":"https:\/\/grappa.no\/en\/wp-json\/wp\/v2\/media?parent=473"}],"wp:term":[{"taxonomy":"product_brand","embeddable":true,"href":"https:\/\/grappa.no\/en\/wp-json\/wp\/v2\/product_brand?post=473"},{"taxonomy":"product_cat","embeddable":true,"href":"https:\/\/grappa.no\/en\/wp-json\/wp\/v2\/product_cat?post=473"},{"taxonomy":"product_tag","embeddable":true,"href":"https:\/\/grappa.no\/en\/wp-json\/wp\/v2\/product_tag?post=473"}],"curies":[{"name":"wp","href":"https:\/\/api.w.org\/{rel}","templated":true}]}}