{"id":465,"date":"2005-06-06T00:00:00","date_gmt":"2005-06-05T23:00:00","guid":{"rendered":"http:\/\/www.grappa.no\/albums\/uncategorized\/norwegian-heartland-the-romantic-orchestral-heritage\/"},"modified":"2024-07-08T08:27:27","modified_gmt":"2024-07-08T07:27:27","slug":"norwegian-heartland-the-romantic-orchestral-heritage","status":"publish","type":"product","link":"https:\/\/grappa.no\/en\/albums\/simax-classics\/norwegian-heartland-the-romantic-orchestral-heritage\/","title":{"rendered":"Norwegian Heartland \u2013 The Romantic Orchestral Heritage"},"content":{"rendered":"<p><\/p>\n<p>A beautiful collection<\/p>\n<p>Five different composers merging national and international inspiration in their music. This is the Heartland of the Norwegian classical orchestral tradition, presented in new and sparkling performances by one of the top orchestras in the world. These are five composers with strong individual profiles and characteristics \u2013 very different in their expression, but with this unmistakable Norwegian attribute as an inspirational driving force audible in their music. They all relate in one way or another to the Norwegian folk musical tradition. Incorporating and developing themes as Svendsen, Grieg and Halvorsen does, collecting and expanding tunes within and orchestral spectrum as does Tveitt, or hooking on to the very spirit behind the folk music in S\u00e6verud\u2019s fashion.<\/p>\n<p><!--more--><\/p>\n<p>What better way to celebrate the centenary of Norway in 2005 than to present the music written by our five greatest orchestral composers in the national romantic tradition. Five different composers merging national and international inspiration in their music. This is the Heartland of our classical orchestral tradition, presented in new and sparkling performances by one of the top orchestras in the world. Released as SACD Hybrid 5.1 surround\/stereo.<\/p>\n<h4>The core of Norwegian national romantic orchestral music<\/h4>\n<p>These are five composers with strong individual profiles and characteristics \u2013 very different in their expression, but with this unmistakable Norwegian attribute as an inspirational driving force audible in their music. They all relate in one way or another to the Norwegian folk musical tradition. Incorporating and developing themes as Svendsen, Grieg and Halvorsen does, collecting and expanding tunes within and orchestral spectrum as does Tveitt, or hooking on to the very spirit behind the folk music in S\u00e6verud\u2019s fashion. This music holds a multitude of different moods and experiences, just like the country itself.<\/p>\n<h4>The Oslo Philharmonics in their first Surround Sound release<\/h4>\n<p>It is an honour for the national orchestra of Norway to present this selection of the best there is of romantic orchestral music in the history of the young nation. Lead by maestro Michail Jurowski, one of the foremost conductors of our time and a strong profile in the Nordic repertory, the Oslo Philharmonic Orchestra sounds magnificent in this Surround Sound recording.<\/p>\n<h4>Soloists from the top shelf<\/h4>\n<p>Pianist Sigurd Sl\u00e5ttebrekk has had striking success with his two releases of piano music (Ravel and Schumann) and here he gives a reading of the Grieg piano concerto worthy of a centenary celebration! Inspired by Percy Grainger\u2019s notes from his meetings with Grieg and the edition he prepared with the composer\u2019s blessing, Sl\u00e5ttebrekk kindles some of the original \u00e9lan and freshness of this familiar concerto. Soprano Isa Katharina Gericke gives a moving performance as Solveig in S\u00e6verud\u2019s music to Peer Gynt. Arve Moen Bergset, renowned singer, violinist and Hardangerfiddler, performs the traditional stevs (songs) that Tveitt makes use of in his Hardanger tunes.<\/p>\n<p><\/p>","protected":false},"excerpt":{"rendered":"<p>This is an absolutely stunning collection, both interpretively and sonically [classicstoday.com]<\/p>\n","protected":false},"featured_media":27646,"comment_status":"closed","ping_status":"closed","template":"","meta":[],"product_brand":[],"product_cat":[180],"product_tag":[],"class_list":{"0":"post-465","1":"product","2":"type-product","3":"status-publish","4":"has-post-thumbnail","6":"product_cat-simax-classics","7":"product_shipping_class-cddvd-shipping","8":"uni_artist_tag-arve-moen-bergset","9":"uni_artist_tag-edvard-grieg","10":"uni_artist_tag-geirr-tveitt","11":"uni_artist_tag-harald-saeverud","12":"uni_artist_tag-isa-katharina-gericke","13":"uni_artist_tag-johan-halvorsen","14":"uni_artist_tag-johan-svendsen","15":"uni_artist_tag-michail-jurowski","16":"uni_artist_tag-oslo-philharmonic-orchestra","17":"uni_artist_tag-sigurd-slattebrekk","18":"uni_artist_tag-tony-harrison","19":"uni_main_artist_tag-oslo-philharmonic-orchestra","20":"uni_artist_genre-concerto","21":"uni_artist_genre-easy-listening","22":"uni_artist_genre-norwegian","23":"uni_artist_genre-orchestral","25":"first","26":"outofstock","27":"taxable","28":"shipping-taxable","29":"purchasable","30":"product-type-simple"},"_links":{"self":[{"href":"https:\/\/grappa.no\/en\/wp-json\/wp\/v2\/product\/465","targetHints":{"allow":["GET"]}}],"collection":[{"href":"https:\/\/grappa.no\/en\/wp-json\/wp\/v2\/product"}],"about":[{"href":"https:\/\/grappa.no\/en\/wp-json\/wp\/v2\/types\/product"}],"replies":[{"embeddable":true,"href":"https:\/\/grappa.no\/en\/wp-json\/wp\/v2\/comments?post=465"}],"wp:featuredmedia":[{"embeddable":true,"href":"https:\/\/grappa.no\/en\/wp-json\/wp\/v2\/media\/27646"}],"wp:attachment":[{"href":"https:\/\/grappa.no\/en\/wp-json\/wp\/v2\/media?parent=465"}],"wp:term":[{"taxonomy":"product_brand","embeddable":true,"href":"https:\/\/grappa.no\/en\/wp-json\/wp\/v2\/product_brand?post=465"},{"taxonomy":"product_cat","embeddable":true,"href":"https:\/\/grappa.no\/en\/wp-json\/wp\/v2\/product_cat?post=465"},{"taxonomy":"product_tag","embeddable":true,"href":"https:\/\/grappa.no\/en\/wp-json\/wp\/v2\/product_tag?post=465"}],"curies":[{"name":"wp","href":"https:\/\/api.w.org\/{rel}","templated":true}]}}