{"id":462,"date":"2004-08-02T00:00:00","date_gmt":"2004-08-01T23:00:00","guid":{"rendered":"http:\/\/www.grappa.no\/albums\/uncategorized\/antonin-dvorak-complete-piano-trios\/"},"modified":"2019-06-13T10:33:11","modified_gmt":"2019-06-13T09:33:11","slug":"antonin-dvorak-complete-piano-trios","status":"publish","type":"product","link":"https:\/\/grappa.no\/en\/albums\/simax-classics\/antonin-dvorak-complete-piano-trios\/","title":{"rendered":"Anton\u00edn Dvor\u00e1k: Complete Piano Trios"},"content":{"rendered":"<p><\/p>\n<p>Complete Dvorak from Grieg Trio<\/p>\n<p>Grieg Trio pays tribute to one of its favourite composers by releasing all of Dvorak\u2019s piano trios on this double disc. Dvorak\u2019s four works is central repertoire for a piano trio, and it is near at hand and heart for a trio with such successful recordings as the Grieg Trio. Dvorak of course started out as true to the classic formal principles. Though the four piano trios, however, it is possible to follow a composer developing from mastering the format in trio no. 1, and completely transcending the framework in the last trio Dumky. It is also worth mentioning that Dvorak\u2019s piano trios contain his perhaps most deeply felt and personal music. Perhaps this is the reason why his works have stayed with the Grieg Trio throughout its career, and that the recording we present today is, simply, phenomenal.<\/p>\n<p><!--more--><\/p>\n<p>In 2004 it is 100 years since the death of Antonin Dvorak. Grieg Trio pays tribute to one of its favourite composers by releasing all of Dvorak\u2019s piano trios on this double disc. One of Norway\u2019s most internationally acclaimed artists today, the Grieg Trio also invites to their first season as Artistic Leaders of International Chamber Music festival of Stavanger (ICMS) this year.<\/p>\n<h4>Artistic visions<\/h4>\n<p>When Grieg Trio in 2004 take over as Artistic Leader from Truls M\u00f8rk from the ICMS, this is a natural development for the trio. Ever since the start in 1987, S\u00f8lve Sigerland (violin) Ellen Flesj\u00f8 (cello) and Vebj\u00f8rn Anvik (piano) have had visions and ideas that exceed the day-to-day work of a piano trio. Also the Beethoven+ project, where all of Beethoven\u2019s piano trios is coupled with world premieres of new work from such composers as Maxwell Davies, Kaipainen and Thoresen on CD as well as in concert (Wigmore Hall, Berliner Konzerthaus and Amsterdam Concertgebouw)<\/p>\n<h4>The most deeply felt music<\/h4>\n<p>Dvorak of course started out as true to the classic formal principles. Though the four piano trios, however, it is possible to follow a composer developing from mastering the format in trio no. 1, and completely transcending the framework in the last trio Dumky. It is also worth mentioning that Dvorak\u2019s piano trios contain his perhaps most deeply felt and personal music. Perhaps this is the reason why his works have stayed with the Grieg Trio throughout its career, and that the recording we present today is, simply, phenomenal.<\/p>\n<h4><\/h4>\n<\/p>\n<p><\/p>","protected":false},"excerpt":{"rendered":"<p>\u2013 Grieg Trio seem to be in a class of their own. [International Record Review]<\/p>\n","protected":false},"featured_media":27641,"comment_status":"closed","ping_status":"open","template":"","meta":[],"product_brand":[],"product_cat":[180],"product_tag":[],"class_list":{"0":"post-462","1":"product","2":"type-product","3":"status-publish","4":"has-post-thumbnail","6":"product_cat-simax-classics","7":"product_shipping_class-cddvd-shipping","8":"uni_artist_tag-antonin-dvorak","9":"uni_artist_tag-grieg-trio","10":"uni_artist_tag-krzysztof-drab","11":"uni_main_artist_tag-grieg-trio","12":"uni_artist_genre-chamber-music","13":"uni_artist_genre-complete","14":"uni_artist_genre-strings","16":"first","17":"instock","18":"taxable","19":"shipping-taxable","20":"purchasable","21":"product-type-simple"},"_links":{"self":[{"href":"https:\/\/grappa.no\/en\/wp-json\/wp\/v2\/product\/462","targetHints":{"allow":["GET"]}}],"collection":[{"href":"https:\/\/grappa.no\/en\/wp-json\/wp\/v2\/product"}],"about":[{"href":"https:\/\/grappa.no\/en\/wp-json\/wp\/v2\/types\/product"}],"replies":[{"embeddable":true,"href":"https:\/\/grappa.no\/en\/wp-json\/wp\/v2\/comments?post=462"}],"wp:featuredmedia":[{"embeddable":true,"href":"https:\/\/grappa.no\/en\/wp-json\/wp\/v2\/media\/27641"}],"wp:attachment":[{"href":"https:\/\/grappa.no\/en\/wp-json\/wp\/v2\/media?parent=462"}],"wp:term":[{"taxonomy":"product_brand","embeddable":true,"href":"https:\/\/grappa.no\/en\/wp-json\/wp\/v2\/product_brand?post=462"},{"taxonomy":"product_cat","embeddable":true,"href":"https:\/\/grappa.no\/en\/wp-json\/wp\/v2\/product_cat?post=462"},{"taxonomy":"product_tag","embeddable":true,"href":"https:\/\/grappa.no\/en\/wp-json\/wp\/v2\/product_tag?post=462"}],"curies":[{"name":"wp","href":"https:\/\/api.w.org\/{rel}","templated":true}]}}