{"id":444,"date":"2010-05-31T00:00:00","date_gmt":"2010-05-30T23:00:00","guid":{"rendered":"http:\/\/www.grappa.no\/albums\/uncategorized\/organ-works-by-schumann-ritter-reger\/"},"modified":"2019-02-22T15:57:15","modified_gmt":"2019-02-22T14:57:15","slug":"organ-works-by-schumann-ritter-reger","status":"publish","type":"product","link":"https:\/\/grappa.no\/en\/albums\/simax-classics\/organ-works-by-schumann-ritter-reger\/","title":{"rendered":"Organ works by Schumann, Ritter &amp; Reger"},"content":{"rendered":"<p><\/p>\n<p>The organ breakes free from the church<\/p>\n<p>The German romantic organ tradition breaks free from the liturgical demands of the service. Grand scale works of Schumann, Ritter and Reger in this final release of Terje Winge\u2019s awarded series. Towards the middle of the 1800s several German composers continued to write large-scale works for the new gigantic organs that were being built at the time. The tonal profile of organs changed gradually from the slender, overtone-rich registers of the baroque era towards a darker, more orchestral sound. In his \u201cHaus und Lebensregeln\u201d Robert Schumann refers to the organ as a \u201csuper-personal\u201d instrument \u2013 indeed an inspiration.<\/p>\n<p>The previous release in the series Organum Norvegica, Vierne and Dupr\u00e9, was awarded the prestigious Diapason d\u2019Or in November 2009. Terje Winge was born in 1950, and has studied with Ludvig Nielsen in Trondheim, Arild Sandvold in Oslo, Prof. Dr. Jiri Reinberger in Prague and Gaston Litaize in Paris.<\/p>\n<p><!--more--><\/p>\n<p>The German romantic organ tradition breaks free from the liturgical demands of the service. Grand scale works of Schumann, Ritter and Reger in this final release of Terje Winge\u2019s awarded series.<\/p>\n<h4>Schumann and BACH<\/h4>\n<p>Robert Schumann\u2019s \u201cSechs Fugen \u00fcber BACH f\u00fcr Orgel oder Pedalfl\u00fcgel\u201d opus 60 were composed in 1845. The four-note motif has been used by numerous composers (not least by J.S. Bach himself) both before and after. For Schumann\u2019s part it might well be assumed that his studies of Bach\u2019s music and his admiration for the great master naturally led him to the idea for his work. The six fugues of opus 60 can be seen as a cycle of character pieces, and a complete performance therefore clarifies best each fugue\u2019s individual character.<\/p>\n<h4>Ritter (1811-1885) and Reger (1873-1916)<\/h4>\n<p>Ritter\u2019s Sonata no. 3 in A minor (of four) was written in 1855. This grandiose and virtuosic work was dedicated to Franz Liszt; the two knew each other well, and Liszt admired Ritter\u2019s organ playing. Max Reger, although a devout catholic, produced many chorale-inspired organ works. \u201cEin feste Burg\u201d was performed for the first time in September 1898 by Karl Straube, to whom the work is dedicated. With this masterpiece the twenty-five-year-old Max Reger entered music history.<\/p>\n<h4>Terje Winge<\/h4>\n<p>The previous release in the series Organum Norvegica, Vierne and Dupr\u00e9, was awarded the prestigious Diapason d\u2019Or in November 2009. Terje Winge was born in 1950, and has studied with Ludvig Nielsen in Trondheim, Arild Sandvold in Oslo, Prof. Dr. Jiri Reinberger in Prague and Gaston Litaize in Paris. He made his debut in Oslo in 1970 and has since developed an international career with repertoire ranging from baroque to contemporary music. In addition to his performing career Winge is a sought after pedagogue at the Norwegian Academy of Music.<\/p>\n<p><\/p>","protected":false},"excerpt":{"rendered":"<p>&#8211; Grand scale works of Schumann, Ritter and Reger in this final release of Terje Winge\u2019s awarded series.<\/p>\n","protected":false},"featured_media":27630,"comment_status":"closed","ping_status":"open","template":"","meta":[],"product_brand":[],"product_cat":[180],"product_tag":[],"class_list":{"0":"post-444","1":"product","2":"type-product","3":"status-publish","4":"has-post-thumbnail","6":"product_cat-simax-classics","7":"product_shipping_class-cddvd-shipping","8":"uni_artist_tag-august-gottfried-ritter","9":"uni_artist_tag-geoff-miles","10":"uni_artist_tag-max-reger","11":"uni_artist_tag-robert-schumann","12":"uni_artist_tag-terje-winge","13":"uni_main_artist_tag-terje-winge","14":"uni_artist_genre-organ","16":"first","17":"instock","18":"taxable","19":"shipping-taxable","20":"purchasable","21":"product-type-simple"},"_links":{"self":[{"href":"https:\/\/grappa.no\/en\/wp-json\/wp\/v2\/product\/444","targetHints":{"allow":["GET"]}}],"collection":[{"href":"https:\/\/grappa.no\/en\/wp-json\/wp\/v2\/product"}],"about":[{"href":"https:\/\/grappa.no\/en\/wp-json\/wp\/v2\/types\/product"}],"replies":[{"embeddable":true,"href":"https:\/\/grappa.no\/en\/wp-json\/wp\/v2\/comments?post=444"}],"wp:featuredmedia":[{"embeddable":true,"href":"https:\/\/grappa.no\/en\/wp-json\/wp\/v2\/media\/27630"}],"wp:attachment":[{"href":"https:\/\/grappa.no\/en\/wp-json\/wp\/v2\/media?parent=444"}],"wp:term":[{"taxonomy":"product_brand","embeddable":true,"href":"https:\/\/grappa.no\/en\/wp-json\/wp\/v2\/product_brand?post=444"},{"taxonomy":"product_cat","embeddable":true,"href":"https:\/\/grappa.no\/en\/wp-json\/wp\/v2\/product_cat?post=444"},{"taxonomy":"product_tag","embeddable":true,"href":"https:\/\/grappa.no\/en\/wp-json\/wp\/v2\/product_tag?post=444"}],"curies":[{"name":"wp","href":"https:\/\/api.w.org\/{rel}","templated":true}]}}