{"id":440,"date":"2011-03-11T00:00:00","date_gmt":"2011-03-10T23:00:00","guid":{"rendered":"http:\/\/www.grappa.no\/albums\/uncategorized\/thomas-d-a-tellefsen-the-complete-works-for-piano-solo\/"},"modified":"2019-02-22T15:56:50","modified_gmt":"2019-02-22T14:56:50","slug":"thomas-d-a-tellefsen-the-complete-works-for-piano-solo","status":"publish","type":"product","link":"https:\/\/grappa.no\/en\/albums\/simax-classics\/thomas-d-a-tellefsen-the-complete-works-for-piano-solo\/","title":{"rendered":"Thomas D. A. Tellefsen: The Complete Works for Piano Solo"},"content":{"rendered":"<p><\/p>\n<p>Chopin&#8217;s colleague and pupil<\/p>\n<p>The complete piano works of Chopin\u2019s only pupil! Norwegian piano nestor Einar Steen-N\u00f8kleberg has recorded the complete piano music of Grieg, S\u00e6verud and Kj\u00e6rulf in awarded reference recordings. He now adds T.D.A. Tellefsen to this impressive list, and the result is overwhelming.<\/p>\n<p>The majority of Tellefsen\u2019s piano works belong to the European piano tradition. One can nonetheless hear melodic figures which are closely linked to Norwegian folk music. National stylistic elements are most evident in the mazurkas, which must be considered as being some of the best music in his output. Tellefsen heard Liszt play on several occasions, and Liszt\u2019s influence is particularly evident in the magnificent, extrovert Grande Polonaise op. 18. In Th\u00e8me original et Fantaisie op. 12 and Ballade op. 28 Tellefsen demonstrates a musical earnestness and power that emphasizes his considerable compositional gift. Sonata op. 13 is a work of similar high standards.<\/p>\n<p><!--more--><\/p>\n<p>The complete piano works of Chopin\u2019s only pupil! Norwegian piano nestor Einar Steen-N\u00f8kleberg has recorded the complete piano music of Grieg, S\u00e6verud and Kj\u00e6rulf in awarded reference recordings. He now adds T.D.A. Tellefsen to this impressive list, and the result is overwhelming.<\/p>\n<h4>Chopin\u2019s only pupil<\/h4>\n<p>In Poland, Tellefsen is referred to as Chopin\u2019s only pupil, as the other \u2018pupils\u2019 were in fact nobility with money to spend, a necessity to finance Chopin\u2019s existence. Tellefsen was introduced to Chopin through Georges Sand, who was totally taken by the young Norwegian\u2019s artistic drive and passion for the arts. The relationship developed to that of friends and colleagues, and Tellefsen was moved and honoured by his friend and teacher\u2019s last wish in 1849: Chopin wanted Tellefsen to complete his piano tutorial series. Many of Chopin\u2019s \u2018students\u2019 continued to study with Tellefsen, at one time he had four princesses and a duchess among his pupils. \u201cI do not count the countesses!\u201d he wrote in a letter to his father.<\/p>\n<h4>The piano works \u2013 continental style with Norwegian inspiration<\/h4>\n<p>The majority of Tellefsen\u2019s piano works belong to the European piano tradition. One can nonetheless hear melodic figures which are closely linked to Norwegian folk music. National stylistic elements are most evident in the mazurkas, which must be considered as being some of the best music in his output. Tellefsen heard Liszt play on several occasions, and Liszt\u2019s influence is particularly evident in the magnificent, extrovert Grande Polonaise op. 18. In Th\u00e8me original et Fantaisie op. 12 and Ballade op. 28 Tellefsen demonstrates a musical earnestness and power that emphasizes his considerable compositional gift. Sonata op. 13 is a work of similar high standards.<\/p>\n<h4>The rediscovery of a living Norwegian tradition<\/h4>\n<p>N\u00f8kleberg\u2019s recordings of Tellefsen\u2019s piano concertos (PSC1232) and chamber works (PSC1226) in the last years have created much interest around this forgotten composer. Saying that Tellefsen before this was completely forgotten is however not true; there is an unbroken line through several performers down to N\u00f8kleberg \u2013 who had several of these pieces as a part of his repertoire as a student. So after 50 years with Tellefsen&#8217;s music, N\u00f8kleberg wants to bring this treasure out even further. Not only with the published works but also by recording the unpublished manuscripts \u2013 on an original Erard grand, Tellefsen&#8217;s favoured instrument. Here we find ourselves in the composer\u2019s study, eavesdropping as Tellefsen develops his style and composition technique with studies of baroque forms including both variations on hymns and fugues.<\/p>\n<p><\/p>","protected":false},"excerpt":{"rendered":"<p>His passion and abilities opened the doors to the best of them all \u2013 Chopin!<\/p>\n","protected":false},"featured_media":27623,"comment_status":"closed","ping_status":"open","template":"","meta":[],"product_brand":[],"product_cat":[180],"product_tag":[],"class_list":{"0":"post-440","1":"product","2":"type-product","3":"status-publish","4":"has-post-thumbnail","6":"product_cat-simax-classics","7":"product_shipping_class-cddvd-shipping","8":"uni_artist_tag-einar-steen-nokleberg","9":"uni_artist_tag-erik-gard-amundsen","10":"uni_artist_tag-thomas-d-a-tellefsen","11":"uni_main_artist_tag-einar-steen-nokleberg","12":"uni_artist_genre-classical","13":"uni_artist_genre-complete","14":"uni_artist_genre-norwegian","15":"uni_artist_genre-solo","16":"uni_artist_genre-world-premiere-recording","18":"first","19":"instock","20":"taxable","21":"shipping-taxable","22":"purchasable","23":"product-type-simple"},"_links":{"self":[{"href":"https:\/\/grappa.no\/en\/wp-json\/wp\/v2\/product\/440","targetHints":{"allow":["GET"]}}],"collection":[{"href":"https:\/\/grappa.no\/en\/wp-json\/wp\/v2\/product"}],"about":[{"href":"https:\/\/grappa.no\/en\/wp-json\/wp\/v2\/types\/product"}],"replies":[{"embeddable":true,"href":"https:\/\/grappa.no\/en\/wp-json\/wp\/v2\/comments?post=440"}],"wp:featuredmedia":[{"embeddable":true,"href":"https:\/\/grappa.no\/en\/wp-json\/wp\/v2\/media\/27623"}],"wp:attachment":[{"href":"https:\/\/grappa.no\/en\/wp-json\/wp\/v2\/media?parent=440"}],"wp:term":[{"taxonomy":"product_brand","embeddable":true,"href":"https:\/\/grappa.no\/en\/wp-json\/wp\/v2\/product_brand?post=440"},{"taxonomy":"product_cat","embeddable":true,"href":"https:\/\/grappa.no\/en\/wp-json\/wp\/v2\/product_cat?post=440"},{"taxonomy":"product_tag","embeddable":true,"href":"https:\/\/grappa.no\/en\/wp-json\/wp\/v2\/product_tag?post=440"}],"curies":[{"name":"wp","href":"https:\/\/api.w.org\/{rel}","templated":true}]}}