{"id":429,"date":"2009-01-19T00:00:00","date_gmt":"2009-01-18T23:00:00","guid":{"rendered":"http:\/\/www.grappa.no\/albums\/uncategorized\/tchaikovsky-%c2%b7-smetana-%c2%b7-grieg\/"},"modified":"2019-02-22T15:56:10","modified_gmt":"2019-02-22T14:56:10","slug":"tchaikovsky-%c2%b7-smetana-%c2%b7-grieg","status":"publish","type":"product","link":"https:\/\/grappa.no\/en\/albums\/simax-classics\/tchaikovsky-%c2%b7-smetana-%c2%b7-grieg\/","title":{"rendered":"Tchaikovsky \u00b7 Smetana \u00b7 Grieg"},"content":{"rendered":"<p><\/p>\n<p>Grieg Trio with Tchaikovsky, Smetana \u2026 and Grieg<\/p>\n<p>Since their record debut in 1991 Grieg Trio have established themselves amongst the leading ensembles in the world, with a number of highly acclaimed releases. Now the trio presents a double SACD with the great romantic masterpieces by Tchaikovsky and Smetana \u2013 and finally \u2013 the Griegs\u2019 own trio!<\/p>\n<p>In the beginning of their 21st year, the Grieg Trio corroborates their position with this release. Vebj\u00f8rn Anvik (piano), S\u00f8lve Sigerland (violin) and Ellen Margrete Flesj\u00f8 (cello) play with liberating freedom and accuracy \u2013 with a genuine understanding of the music. This recording was done in the magnificent acoustics of \u00d8stiden church (Fredrikstad, Norway and the post-production is done at Abbey Road Studios in London.<\/p>\n<p><!--more--><\/p>\n<p>Since their record debut in 1991 Grieg Trio have established themselves amongst the leading ensembles in the world, with a number of highly acclaimed releases. Now the trio presents a double SACD with the great romantic masterpieces by Tchaikovsky and Smetana \u2013 and finally \u2013 the Griegs\u2019 own trio!<\/p>\n<h4>Grieg and Smetana<\/h4>\n<p>Edvard Grieg\u2019s only essay in the genre was unknown and only posthumously published. Completed, according to the date on the manuscript, on 17 June 1878, the Andante con moto in C minor is a substantial piece apparently intended as the slow movement of a multi-movement piano trio, though in fact its contrasts of character and alternation of slow with faster tempi make it an effective single-movement work. It is certainly no sketch or draft but a fully-realized piece in every aspect, and of a quality comparable to Grieg\u2019s other, better known, chamber compositions.<\/p>\n<p>Bed\u0159ich Smetana asserted himself alongside with Anton\u00edn Dvo\u0159\u00e1k as one of the most prominent Czech national composers, inspired by the Prague Revolution and growing patriotism. The piano trio from 1855 is Smetana\u2019s first great chamber work \u2013 written in the memory of his daughter \u2018Frizi\u2019, who died of scarlet fever the same year. The work is spontaneous and rhapsodic in character, and this deeply personal music resembles the diary of a troubled soul.<\/p>\n<h4>THE romantic piano trio<\/h4>\n<p>Tchaikovsky\u2019s trio Op. 50 holds a special position. The catalyst for this work was the death of the pianist and pedagogue Nicolai Rubinstein. Tchaikovsky stated that it was \u201ca new form of music that I never have written before\u201d. Op. 50 is a highlight in the romantic literature, both in the pure musical sense and because of the fact that the whole piece lasts for more than 46 minutes. Grieg Trio received the Critics\u2019 Award in -93\/94 for their performance of this epic piano trio.<\/p>\n<h4>Grieg Trio<\/h4>\n<p>Grieg Trio perform in the great music metropolises all over the world, including Chatelet, Concertgebouw, Schauspielhaus, Salle Verdi and Weill Hall, Carnegie Hall and Lincoln Center. The 23th of February they play again in Wigmore Hall, London. Grieg Trio are the artistic directors of the International Chamber Music Festival in Stavanger.<\/p>\n<p><\/p>","protected":false},"excerpt":{"rendered":"<p>&#8211; The Grieg Trio identify totally with this music [Gramophone]<\/p>\n","protected":false},"featured_media":27677,"comment_status":"closed","ping_status":"open","template":"","meta":[],"product_brand":[],"product_cat":[180],"product_tag":[],"class_list":{"0":"post-429","1":"product","2":"type-product","3":"status-publish","4":"has-post-thumbnail","6":"product_cat-simax-classics","7":"product_shipping_class-cddvd-shipping","8":"uni_artist_tag-bedrich-smetana","9":"uni_artist_tag-edvard-grieg","10":"uni_artist_tag-grieg-trio","11":"uni_artist_tag-krzysztof-drab","12":"uni_artist_tag-peter-tchaikovsky","13":"uni_main_artist_tag-grieg-trio","14":"uni_artist_genre-chamber-music","15":"uni_artist_genre-strings","17":"first","18":"instock","19":"taxable","20":"shipping-taxable","21":"purchasable","22":"product-type-simple"},"_links":{"self":[{"href":"https:\/\/grappa.no\/en\/wp-json\/wp\/v2\/product\/429","targetHints":{"allow":["GET"]}}],"collection":[{"href":"https:\/\/grappa.no\/en\/wp-json\/wp\/v2\/product"}],"about":[{"href":"https:\/\/grappa.no\/en\/wp-json\/wp\/v2\/types\/product"}],"replies":[{"embeddable":true,"href":"https:\/\/grappa.no\/en\/wp-json\/wp\/v2\/comments?post=429"}],"wp:featuredmedia":[{"embeddable":true,"href":"https:\/\/grappa.no\/en\/wp-json\/wp\/v2\/media\/27677"}],"wp:attachment":[{"href":"https:\/\/grappa.no\/en\/wp-json\/wp\/v2\/media?parent=429"}],"wp:term":[{"taxonomy":"product_brand","embeddable":true,"href":"https:\/\/grappa.no\/en\/wp-json\/wp\/v2\/product_brand?post=429"},{"taxonomy":"product_cat","embeddable":true,"href":"https:\/\/grappa.no\/en\/wp-json\/wp\/v2\/product_cat?post=429"},{"taxonomy":"product_tag","embeddable":true,"href":"https:\/\/grappa.no\/en\/wp-json\/wp\/v2\/product_tag?post=429"}],"curies":[{"name":"wp","href":"https:\/\/api.w.org\/{rel}","templated":true}]}}