{"id":42292,"date":"2025-08-22T13:32:58","date_gmt":"2025-08-22T12:32:58","guid":{"rendered":"https:\/\/grappa.no\/?post_type=product&#038;p=42292"},"modified":"2025-09-01T09:50:30","modified_gmt":"2025-09-01T08:50:30","slug":"vi-sees","status":"publish","type":"product","link":"https:\/\/grappa.no\/en\/albums\/grappa\/vi-sees\/","title":{"rendered":"Vi sees"},"content":{"rendered":"<p class=\"qtranxs-available-languages-message qtranxs-available-languages-message-en\">Sorry, this entry is only available in <a href=\"https:\/\/grappa.no\/no\/wp-json\/wp\/v2\/product\/42292\" class=\"qtranxs-available-language-link qtranxs-available-language-link-no\" title=\"Norsk\">Norsk<\/a>.<\/p><p><\/p>\n<p><span class=\"TextRun Highlight MacChromeBold SCXW202893708 BCX0\" lang=\"NB-NO\" xml:lang=\"NB-NO\" data-contrast=\"none\"><span class=\"NormalTextRun SCXW202893708 BCX0\">Tiril Heide-Steen med norske gjentolkninger av jazzklassikere p\u00e5 albumet &#8220;Vi sees&#8221;.\u00a0 <\/span><\/span><span data-contrast=\"none\">Tiril Heide-Steen slipper sine absolutte favoritt jazzstandarder, i ny norsk forpakning. Gjendiktningene er tro mot originalen, og gir nytt liv til klassikerne. Tiril er vokst opp i et hjem preget av musikk og kultur, og jazz var definerende fra ung alder. Med pappa Harald Heide Steen Jr som var lidenskapelig opptatt av jazz, ble hun tidlig introdusert for ulike standardl\u00e5ter. Tiril forteller:<\/span><span data-ccp-props=\"{}\">\u00a0<\/span><\/p>\n<p><i><span data-contrast=\"none\">&#8211; Min far tok meg med p\u00e5 jazzkonserter da jeg var liten, og da jeg ble eldre ok han meg med som duettpartner da han skulle synge med storband. Min bror Frikk og jeg fikk ogs\u00e5 synge hver v\u00e5r duett med han p\u00e5 hans siste jazzalbum &#8220;Musikalske Minner&#8221;, som ble spilt inn da han var d\u00f8dssyk. Alt var standardl\u00e5ter.\u202f<\/span><\/i><span data-ccp-props=\"{}\">\u00a0<\/span><\/p>\n<p><span data-contrast=\"none\">Tiril har i samarbeid med singer-songwriter Karen Mus\u00e6us gjort gjendiktning. Prossessen med \u00e5 oversette til norsk kan ta lang tid, og noen av l\u00e5tene har blitt jobbet med over flere \u00e5r. Tiril forteller at det er viktig \u00e5 lete frem en muntlig tone i spr\u00e5ket som samtidig kan v\u00e6re poetisk og fonetisk riktig musikalsk.\u202f<\/span><span data-ccp-props=\"{&quot;134233117&quot;:false,&quot;134233118&quot;:true,&quot;201341983&quot;:2,&quot;335559738&quot;:240,&quot;335559740&quot;:360}\">\u00a0<\/span><\/p>\n<p><i><span data-contrast=\"none\">&#8211; For at jeg skal ville gjendikte l\u00e5ter m\u00e5 jeg f\u00f8le noe for enten teksten eller melodien- helst begge som i dette tilfellet. Det kan v\u00e6re utfordrende til tider og n\u00e5r man skal synge en standardl\u00e5t p\u00e5 norsk som man er vant til \u00e5 synge p\u00e5 engelsk blir det automatisk mer nakent. P\u00e5 godt og vondt.\u202f\u202f<\/span><\/i><span data-ccp-props=\"{&quot;134233117&quot;:false,&quot;134233118&quot;:true,&quot;201341983&quot;:2,&quot;335559738&quot;:240,&quot;335559740&quot;:360}\"><i>Jeg er s\u00e5 lykkelig over \u00e5 endelig f\u00e5 vise frem det jeg har jobbet med s\u00e5 lenge.<\/i><\/span><\/p>\n<p><span data-contrast=\"none\">Ved \u00e5 oversette jazzklassikerne til norsk, vil hun gi de som har forhold til musikken et nytt og friskt perspektiv, og samtidig introdusere nye lyttere til en sjanger som st\u00e5r hennes hjerte n\u00e6rt. <\/span><\/p>","protected":false},"excerpt":{"rendered":"<p class=\"qtranxs-available-languages-message qtranxs-available-languages-message-en\">Sorry, this entry is only available in <a href=\"https:\/\/grappa.no\/no\/wp-json\/wp\/v2\/product\/42292\" class=\"qtranxs-available-language-link qtranxs-available-language-link-no\" title=\"Norsk\">Norsk<\/a>.<\/p>\n<p><span class=\"TextRun Highlight MacChromeBold SCXW202893708 BCX0\" lang=\"NB-NO\" xml:lang=\"NB-NO\" data-contrast=\"none\"><span class=\"NormalTextRun SCXW202893708 BCX0\">Tiril Heide-Steen med norske gjentolkninger av jazzklassikere p\u00e5 albumet &#8220;Vi sees&#8221;.\u00a0<\/span><\/span><span data-contrast=\"none\">Gjendiktningene er tro mot originalen, og gir nytt liv til klassikerne. Tiril er vokst opp i et hjem preget av musikk og kultur, og jazz var definerende fra ung alder. Med pappa Harald Heide Steen Jr som var lidenskapelig opptatt av jazz, ble hun tidlig introdusert for ulike standardl\u00e5ter. Tiril har i samarbeid med singer-songwriter Karen Mus\u00e6us gjort gjendiktning. Prossessen med \u00e5 oversette til norsk kan ta lang tid, og noen av l\u00e5tene har blitt jobbet med over flere \u00e5r. Tiril forteller at det er viktig \u00e5 lete frem en muntlig tone i spr\u00e5ket som samtidig kan v\u00e6re poetisk og fonetisk riktig musikalsk.\u202f<\/span><\/p>\n","protected":false},"featured_media":42293,"comment_status":"open","ping_status":"closed","template":"","meta":[],"product_brand":[],"product_cat":[6],"product_tag":[40,8119],"class_list":{"0":"post-42292","1":"product","2":"type-product","3":"status-publish","4":"has-post-thumbnail","6":"product_cat-grappa","7":"product_tag-jazz","8":"product_tag-tiril-heide-steen","9":"product_shipping_class-vinyl-shipping","10":"uni_artist_tag-tiril-heide-steen","11":"uni_main_artist_tag-tiril-heide-steen","12":"uni_artist_genre-jazz","13":"uni_artist_genre-romantic-jazz","15":"first","16":"instock","17":"taxable","18":"shipping-taxable","19":"purchasable","20":"product-type-variable"},"_links":{"self":[{"href":"https:\/\/grappa.no\/en\/wp-json\/wp\/v2\/product\/42292","targetHints":{"allow":["GET"]}}],"collection":[{"href":"https:\/\/grappa.no\/en\/wp-json\/wp\/v2\/product"}],"about":[{"href":"https:\/\/grappa.no\/en\/wp-json\/wp\/v2\/types\/product"}],"replies":[{"embeddable":true,"href":"https:\/\/grappa.no\/en\/wp-json\/wp\/v2\/comments?post=42292"}],"wp:featuredmedia":[{"embeddable":true,"href":"https:\/\/grappa.no\/en\/wp-json\/wp\/v2\/media\/42293"}],"wp:attachment":[{"href":"https:\/\/grappa.no\/en\/wp-json\/wp\/v2\/media?parent=42292"}],"wp:term":[{"taxonomy":"product_brand","embeddable":true,"href":"https:\/\/grappa.no\/en\/wp-json\/wp\/v2\/product_brand?post=42292"},{"taxonomy":"product_cat","embeddable":true,"href":"https:\/\/grappa.no\/en\/wp-json\/wp\/v2\/product_cat?post=42292"},{"taxonomy":"product_tag","embeddable":true,"href":"https:\/\/grappa.no\/en\/wp-json\/wp\/v2\/product_tag?post=42292"}],"curies":[{"name":"wp","href":"https:\/\/api.w.org\/{rel}","templated":true}]}}