{"id":42069,"date":"2025-02-11T16:24:03","date_gmt":"2025-02-11T15:24:03","guid":{"rendered":"https:\/\/grappa.no\/?post_type=product&#038;p=42069"},"modified":"2025-02-11T16:24:03","modified_gmt":"2025-02-11T15:24:03","slug":"harpedam","status":"publish","type":"product","link":"https:\/\/grappa.no\/en\/albums\/heilo\/harpedam\/","title":{"rendered":"Harped\u00e5m"},"content":{"rendered":"<p>Det har g\u00e5tt 40 \u00e5r siden Tone Hulb\u00e6kmo ga ut albumet \u00b4K\u00e5mm\u00e5 no\u00b4 med folkemusikk fra \u00d8sterdalen, den f\u00f8rste plateinnspillingen med norsk harpe! &#8220;Sm\u00e5tt historisk!&#8221;, sier Tone Hulb\u00e6kmo. Den gangen ble harpa brukt som akkompagnement til sang, i samspill med fl\u00f8yter, fele og gitar. Den 14.februar er Tone Hulb\u00e6kmo aktuell med sitt nye album &#8220;Harped\u00e5m&#8221;, der hun g\u00e5r tilbake til sine r\u00f8tter i \u00d8sterdalen, i form av en ren instrumentalplate med solo norsk harpe &#8211; noe som ogs\u00e5 kan sies \u00e5 v\u00e6re sm\u00e5tt historisk. <!--more-->Tone forteller:<br \/>\n&#8211; Dette er s\u00e5vidt meg bekjent det f\u00f8rste albumet i sitt slag! \u00d8nsket om \u00e5 lage ei slik plate, der jeg musikalsk g\u00e5r inn i landskapet jeg kommer fra, b\u00e5de det fysiske og det kulturelle, f\u00e5r sitt utl\u00f8p her. Nord-\u00d8sterdalens \u00e5pne vide fjellverden er mitt landskap og har preget meg. Jeg har plukket materiale fra familietradisjonen min, toner jeg har l\u00e6rt etter mor og far min. Det er ogs\u00e5 stoff jeg har samlet sj\u00f8l i voksen alder og l\u00e6rt av gamle folk n\u00e5r jeg har reist p\u00e5 innsamlingsturer i bygder og setermarker rundt i Nord-\u00d8sterdalen. I tillegg har jeg komponert nytt materiale inspirert av tradisjonen, landskapet og livet.<br \/>\n&#8220;Harped\u00e5m&#8221; er spilt inn i Tolga kirke, ei vakker \u00e5ttekanta t\u00f8mmerkirke, et stort, godt rom med ei nydelig atmosf\u00e6re for plateinnspilling. Tone Hulb\u00e6kmo har et sterkt forhold til dette rommet, og mange sterke minner knyttet til da hennes far Alf Hulb\u00e6kmo var organist der. Det har v\u00e6rt et viktig rom i livet hennes som har fulgt henne i sorg og glede og ikke minst musikk.<br \/>\nTones f\u00f8rste m\u00f8te med harpa var en skjellsettende opplevelse. Da hun begynte studiet p\u00e5 Musikkvitenskapelig institutt i Oslo i 1978, traff hun Sverre Jensen, flamencogitarist, tidligmusiker og ikke minst instrumentmaker og ekspert p\u00e5 gamle instrumenter. Det varte ikke lenge f\u00f8r hun ble med i middelaldermusikkgruppa hans Kalenda Maya. Jensen hadde bygd en kopi av en av harpene som er bevart fra den gamle utd\u00f8dde norske harpetradisjonen. Tone fikk denne harpa, noe som skulle bli definerende for hennes musikalske vei:<br \/>\n&#8211; Jeg ble \u00f8yeblikkelig forelsket og fortapt i harpeklangen. Noe lignende hadde jeg aldri h\u00f8rt, en helt ny klangverden som f\u00f8rte tankene hen bakover i tida, nedover i Europa, men likevel var norsk. N\u00e5r jeg s\u00e5 fikk h\u00f8re at \u00d8sterdalen var av de omr\u00e5dene tradisjonen hadde levd lengst, var jeg totalt solgt. Jeg fikk overta harpa, den f\u00f8rste som ble bygd i moderne tid, og siden har vi to, harpa og jeg, v\u00e6rt sammen i tykt og tynt.<br \/>\nFortsatt er det mange som ikke vet at det faktisk har eksistert en folkelig harpetradisjon i Norge. Det er bevart ni harper, de fleste av dem fra \u00d8sterdalen, Fjellregionen og omegn, men ogs\u00e5 ellers i Tr\u00f8ndelag og p\u00e5 Sunnm\u00f8re. Sverre Jensen hadde laget en kopi av harpa fra Selbu og det er den Tone Hulb\u00e6kmo spiller p\u00e5 den dag i dag.<br \/>\nDet fins beskrivelser av harpespill i Nord\u00f8sterdalen fra f\u00f8rste halvdel av 1800-tallet, men tradisjonen var s\u00e5 godt som utd\u00f8dd allerede i midten av \u00e5rhundret. Egentlig har vi ingen eksakte kilder til tradisjonen, hva de spilte, hvordan l\u00f8d det, hvordan stemte de harpa. Hulb\u00e6kmo ser p\u00e5 dette som en spennende utfordring til \u00e5 bedrive kreativt forskningsarbeid. En oppfordring til \u00e5 \u00absp\u00f8rre harpa\u00bb: Hva er mulig \u00e5 gj\u00f8re med deg? Tone har utforsket mulighetene n\u00e5r det gjelder stemming, ulike skalaer, rytmefigurer og ostinater. Det at vi ikke vet eksakt hvordan harpa ble spilt, gir rom for tolkning og frihet til \u00e5 teste ut metoder. Fra f\u00f8rste stund har Tone derfor skapt en egen spillestil, en egen teknikk, en egen tradisjon.Opp gjennom \u00e5ra har Hulb\u00e6kmo brukt harpa i mange sammenhenger. Harpa har v\u00e6rt med p\u00e5 turn\u00e9er og konserter rundt om i alle verdensdeler.<br \/>\nTone har brukt harpa p\u00e5 ulike vis i en \u00e5rrekke som om det var et \u00b4hvilket som helst instrument\u00b4 med sine egne karakteristiske egenskaper som kan utforskes. Hun har brukt den til \u00e5 spille innen mange sjangre, viser, i singer\/songwritertradisjon, i verdensmusikksammenheng, middelaldermusikk. Hun har skrevet instrumentalstykker og brukt den mye til vokal-akkompagnement.<\/p>\n<p style=\"font-weight: 400;\">Tone avslutter:<\/p>\n<p style=\"font-weight: 400;\"><em>&#8211; N\u00e5 var tida inne til \u00e5 slutte ringen og g\u00e5 tilbake til utganspunktet, til kildene og skape et personlig gjenh\u00f8r med dem anno 2025!<\/em><\/p>\n","protected":false},"excerpt":{"rendered":"<p>Tone Hulb\u00e6kmo returns to her musical roots. On &#8220;Harped\u00e5m,&#8221; the Norwegian harp truly shines!<\/p>\n","protected":false},"featured_media":42070,"comment_status":"open","ping_status":"closed","template":"","meta":[],"product_brand":[],"product_cat":[35],"product_tag":[8100],"class_list":{"0":"post-42069","1":"product","2":"type-product","3":"status-publish","4":"has-post-thumbnail","6":"product_cat-heilo","7":"product_tag-tone-hulbaekmo","8":"product_shipping_class-cddvd-shipping","9":"uni_artist_tag-tone-hulbaekmo","10":"uni_main_artist_tag-tone-hulbaekmo","11":"uni_artist_genre-folkemusikk","13":"first","14":"instock","15":"taxable","16":"shipping-taxable","17":"purchasable","18":"product-type-simple"},"_links":{"self":[{"href":"https:\/\/grappa.no\/en\/wp-json\/wp\/v2\/product\/42069","targetHints":{"allow":["GET"]}}],"collection":[{"href":"https:\/\/grappa.no\/en\/wp-json\/wp\/v2\/product"}],"about":[{"href":"https:\/\/grappa.no\/en\/wp-json\/wp\/v2\/types\/product"}],"replies":[{"embeddable":true,"href":"https:\/\/grappa.no\/en\/wp-json\/wp\/v2\/comments?post=42069"}],"wp:featuredmedia":[{"embeddable":true,"href":"https:\/\/grappa.no\/en\/wp-json\/wp\/v2\/media\/42070"}],"wp:attachment":[{"href":"https:\/\/grappa.no\/en\/wp-json\/wp\/v2\/media?parent=42069"}],"wp:term":[{"taxonomy":"product_brand","embeddable":true,"href":"https:\/\/grappa.no\/en\/wp-json\/wp\/v2\/product_brand?post=42069"},{"taxonomy":"product_cat","embeddable":true,"href":"https:\/\/grappa.no\/en\/wp-json\/wp\/v2\/product_cat?post=42069"},{"taxonomy":"product_tag","embeddable":true,"href":"https:\/\/grappa.no\/en\/wp-json\/wp\/v2\/product_tag?post=42069"}],"curies":[{"name":"wp","href":"https:\/\/api.w.org\/{rel}","templated":true}]}}