{"id":41943,"date":"2024-11-26T15:39:58","date_gmt":"2024-11-26T14:39:58","guid":{"rendered":"https:\/\/grappa.no\/?post_type=product&#038;p=41943"},"modified":"2025-06-13T12:14:05","modified_gmt":"2025-06-13T11:14:05","slug":"prov-a-si-noe-til-meg-na-nummeret-oransje-vinyl","status":"publish","type":"product","link":"https:\/\/grappa.no\/en\/albums\/heilo\/prov-a-si-noe-til-meg-na-nummeret-oransje-vinyl\/","title":{"rendered":"Pr\u00f8v \u00e5 si noe til meg n\u00e5  &#8211; Nummeret oransje vinyl!"},"content":{"rendered":"<div><\/div>\n<div>\n<p><\/p>\n<p>REPRESS IN LIMITED NUMBERED ORANGE VINYL!<br \/>\nValkyrien does no longer use the name \u201dAllstars\u201d, but maintain their distinctive sound on this new release. \u201dpr\u00f8v \u00e5 si noe til meg n\u00e5\u201d is a compact album, where almost all the music and lyrics are written by Valkyrien themselves. You can still hear the traditional sound the band is known for, but this time the audience will be served tradition on a bed of acoustic pop music \u2013 with not insignificant amounts of synth. One can even dance to it without having to take a dance course. \u201dpr\u00f8v \u00e5 si noe til meg n\u00e5\u201d is Valkyrien\u2019s fifth album.<\/p>\n<p>&nbsp;<\/p>\n<h4>A band in flux<\/h4>\n<p>From when Valkyrien released their self-titled debut album in 2007, an album that quickly sold to gold, they\u2019ve continued to explore and challenge the use of traditional instrument and old Norwegian music in a contemporary expression. The band has been unusually active and they have, after over 10 years of touring, evolved into a solid and playful live act that never plays two similar concerts. Valkyrien is a band in flux. What began as a mere fiddle trio, has developed into something that simply is a little hard to describe \u2013 it must be experienced.<\/p>\n<h4><\/h4>\n<p><\/p>\n<\/div>","protected":false},"excerpt":{"rendered":"<p>NYTT OPPLAG I BEGRENSET NUMMERET ORANSJE VINYL!<\/p>\n","protected":false},"featured_media":41945,"comment_status":"open","ping_status":"closed","template":"","meta":[],"product_brand":[],"product_cat":[35],"product_tag":[8088],"class_list":{"0":"post-41943","1":"product","2":"type-product","3":"status-publish","4":"has-post-thumbnail","6":"product_cat-heilo","7":"product_tag-valkyrien","8":"product_shipping_class-vinyl-shipping","9":"uni_artist_tag-valkyrien","10":"uni_main_artist_tag-valkyrien","11":"uni_artist_genre-folk-music","12":"uni_artist_genre-folkemusikk","13":"uni_artist_genre-pop","15":"first","16":"instock","17":"taxable","18":"shipping-taxable","19":"purchasable","20":"product-type-simple"},"_links":{"self":[{"href":"https:\/\/grappa.no\/en\/wp-json\/wp\/v2\/product\/41943","targetHints":{"allow":["GET"]}}],"collection":[{"href":"https:\/\/grappa.no\/en\/wp-json\/wp\/v2\/product"}],"about":[{"href":"https:\/\/grappa.no\/en\/wp-json\/wp\/v2\/types\/product"}],"replies":[{"embeddable":true,"href":"https:\/\/grappa.no\/en\/wp-json\/wp\/v2\/comments?post=41943"}],"wp:featuredmedia":[{"embeddable":true,"href":"https:\/\/grappa.no\/en\/wp-json\/wp\/v2\/media\/41945"}],"wp:attachment":[{"href":"https:\/\/grappa.no\/en\/wp-json\/wp\/v2\/media?parent=41943"}],"wp:term":[{"taxonomy":"product_brand","embeddable":true,"href":"https:\/\/grappa.no\/en\/wp-json\/wp\/v2\/product_brand?post=41943"},{"taxonomy":"product_cat","embeddable":true,"href":"https:\/\/grappa.no\/en\/wp-json\/wp\/v2\/product_cat?post=41943"},{"taxonomy":"product_tag","embeddable":true,"href":"https:\/\/grappa.no\/en\/wp-json\/wp\/v2\/product_tag?post=41943"}],"curies":[{"name":"wp","href":"https:\/\/api.w.org\/{rel}","templated":true}]}}