{"id":41926,"date":"2024-11-18T11:53:41","date_gmt":"2024-11-18T10:53:41","guid":{"rendered":"https:\/\/grappa.no\/?post_type=product&#038;p=41926"},"modified":"2025-12-04T22:00:34","modified_gmt":"2025-12-04T21:00:34","slug":"sigurd-lie-complete-chamber-music","status":"publish","type":"product","link":"https:\/\/grappa.no\/en\/albums\/simax-classics\/sigurd-lie-complete-chamber-music\/","title":{"rendered":"Sigurd Lie &#8211; Complete Chamber Music"},"content":{"rendered":"<p><\/span><\/p>\n<p><span data-contrast=\"auto\">Sigurd Lie has long been a forgotten gem in Norwegian music history but has received renewed attention in recent years. Now, his complete chamber music works are finally available, recorded by some of Norway\u2019s finest musicians: Jonas B\u00e5tstrand, J\u00f8rn Fossheim, Lars Lunde, Kjell \u00c5ge Stoveland, and Ariel De Wolf.<\/span><span data-ccp-props=\"{}\">\u00a0<\/span><\/p>\n<p>&nbsp;<\/p>\n<p><b><span data-contrast=\"auto\">Sigurd Lie<\/span><\/b><span data-contrast=\"auto\"> (1871\u20131904) <\/span><span data-contrast=\"auto\">was a Norwegian composer and violinist, born into a musical family in Drammen. His family soon moved to Kristiansand, where he was brought up.<\/span><span data-contrast=\"auto\">. His father, Frederik Gill Lie, was an active figure in the city\u2019s music scene, leading choirs and a vocal quartet. Sigurd showed early musical talent, receiving lessons in violin and piano. After completing secondary school at Katedralskolen in Kristiania, he began university studies but simultaneously studied music at Lindeman\u2019s Music School. Ultimately, he decided to fully pursue music and went to Leipzig for further studies.<\/span><span data-ccp-props=\"{}\">\u00a0<\/span><span data-contrast=\"auto\">In Leipzig, Sigurd studied composition under Carl Reinecke and counterpoint with Wilhelm Rust. During his studies, he composed several works, including a string quartet and a piano quintet. After his studies, he worked as a violinist in Norway and continued composing. His most well-known piece from this period is his Piano Quintet, which was well-received by critics and audiences alike.<\/span><span data-ccp-props=\"{}\">\u00a0<\/span><span data-contrast=\"auto\">In addition to composing, Sigurd worked as a violinist and conductor. However, his health was a persistent issue, as he suffered from pulmonary tuberculosis, which frequently affected his ability to work. Despite this, he composed several significant pieces, including a symphony and numerous songs. Sigurd Lie died young, at just 33, but his music and contributions to Norwegian music history endure.<\/span><span data-ccp-props=\"{}\">\u00a0<\/span><\/p>\n<p>&nbsp;<\/p>\n<p><span data-contrast=\"auto\">J\u00f8rn Fossheim shares:\u00a0<\/span><span data-ccp-props=\"{&quot;469777462&quot;:[6210],&quot;469777927&quot;:[0],&quot;469777928&quot;:[1]}\">\u00a0<\/span><\/p>\n<p><span data-contrast=\"auto\">It is gratifying that Sigurd Lie\u2019s music appears to be gaining new life in the modern day. The symphony, several of his other orchestral works and a complete collection of his songs are already available on CD. This recording of his collected chamber music is now joining the others, and it is hoped that it will serve as an inspiration for musicians and arrangers to include Sigurd Lie\u2019s works in future concert programmes.\u00a0<\/span><span data-ccp-props=\"{}\">\u00a0<\/span><\/p>","protected":false},"excerpt":{"rendered":"<p>Sigurd Lie has long been a forgotten gem in Norwegian music history but has received renewed attention in recent years. Now, his complete chamber music works are finally available, recorded by some of Norway\u2019s finest musicians: Jonas B\u00e5tstrand, J\u00f8rn Fossheim, Lars Lunde, Kjell \u00c5ge Stoveland, and Ariel De Wolf.<\/p>\n","protected":false},"featured_media":41927,"comment_status":"open","ping_status":"closed","template":"","meta":[],"product_brand":[],"product_cat":[180],"product_tag":[8087,8076],"class_list":{"0":"post-41926","1":"product","2":"type-product","3":"status-publish","4":"has-post-thumbnail","6":"product_cat-simax-classics","7":"product_tag-chamber-music","8":"product_tag-classical","9":"product_shipping_class-cddvd-shipping","10":"uni_artist_tag-ariel-de-wolf","11":"uni_artist_tag-jonas-batstrand","12":"uni_artist_tag-jorn-fossheim","13":"uni_artist_tag-kjell-age-stoveland","14":"uni_artist_tag-lars-lunde","15":"uni_artist_tag-sigurd-lie","16":"uni_main_artist_tag-jonas-batstrand","17":"uni_main_artist_tag-jorn-fossheim","18":"uni_artist_genre-chamber-music","19":"uni_artist_genre-classical","20":"uni_artist_genre-early-music","22":"first","23":"instock","24":"taxable","25":"shipping-taxable","26":"purchasable","27":"product-type-simple"},"_links":{"self":[{"href":"https:\/\/grappa.no\/en\/wp-json\/wp\/v2\/product\/41926","targetHints":{"allow":["GET"]}}],"collection":[{"href":"https:\/\/grappa.no\/en\/wp-json\/wp\/v2\/product"}],"about":[{"href":"https:\/\/grappa.no\/en\/wp-json\/wp\/v2\/types\/product"}],"replies":[{"embeddable":true,"href":"https:\/\/grappa.no\/en\/wp-json\/wp\/v2\/comments?post=41926"}],"wp:featuredmedia":[{"embeddable":true,"href":"https:\/\/grappa.no\/en\/wp-json\/wp\/v2\/media\/41927"}],"wp:attachment":[{"href":"https:\/\/grappa.no\/en\/wp-json\/wp\/v2\/media?parent=41926"}],"wp:term":[{"taxonomy":"product_brand","embeddable":true,"href":"https:\/\/grappa.no\/en\/wp-json\/wp\/v2\/product_brand?post=41926"},{"taxonomy":"product_cat","embeddable":true,"href":"https:\/\/grappa.no\/en\/wp-json\/wp\/v2\/product_cat?post=41926"},{"taxonomy":"product_tag","embeddable":true,"href":"https:\/\/grappa.no\/en\/wp-json\/wp\/v2\/product_tag?post=41926"}],"curies":[{"name":"wp","href":"https:\/\/api.w.org\/{rel}","templated":true}]}}