{"id":41854,"date":"2024-10-25T15:30:55","date_gmt":"2024-10-25T14:30:55","guid":{"rendered":"https:\/\/grappa.no\/?post_type=product&#038;p=41854"},"modified":"2024-12-14T11:51:08","modified_gmt":"2024-12-14T10:51:08","slug":"kjaerlighet-aerlighet-1-3-cd-boks-nummerert-og-signert","status":"publish","type":"product","link":"https:\/\/grappa.no\/en\/albums\/grappa\/kjaerlighet-aerlighet-1-3-cd-boks-nummerert-og-signert\/","title":{"rendered":"Kj\u00e6rlighet &#038; \u00c6rlighet 1-3 CD boks NUMMERERT og SIGNERT!"},"content":{"rendered":"<p class=\"qtranxs-available-languages-message qtranxs-available-languages-message-en\">Sorry, this entry is only available in <a href=\"https:\/\/grappa.no\/no\/wp-json\/wp\/v2\/product\/41854\" class=\"qtranxs-available-language-link qtranxs-available-language-link-no\" title=\"Norsk\">Norsk<\/a>.<\/p><p><\/p>\n<p><strong>SIGNERT og NUMMERERT boks i meget begrenset opplag!<br \/>\n<\/strong>Boksen inneholder 6 CDer, 4 postkort og en 86-siders booklet!<\/p>\n<p>Med trilogien <i>Kj\u00e6rlighet &amp; \u00c6rlighet<\/i> serverer Jan Eggum 60 nye l\u00e5ter i 2011, som ogs\u00e5 var \u00e5ret han selv fylte 60.<\/p>\n<p>Nok en gang makter Eggums bitters\u00f8te penn \u00e5 tonesette og ordlegge tiden vi lever i, der han betrakter oss i smug fra sitt faste caf\u00e9bord. Men denne gang er han faktisk rausere og varmere med oss enn vi er vant til.\u00a0<i>Kj\u00e6rlighet &amp; \u00c6rlighet 1<\/i>\u00a0inneholder nemlig b\u00e5de skarpe og vare sanger &#8211; l\u00e5ter som uansett Eggums sinnsstemning tar det moderne, kontakts\u00f8kende, ensomme mennesket p\u00e5 kornet.<\/p>","protected":false},"excerpt":{"rendered":"<p class=\"qtranxs-available-languages-message qtranxs-available-languages-message-en\">Sorry, this entry is only available in <a href=\"https:\/\/grappa.no\/no\/wp-json\/wp\/v2\/product\/41854\" class=\"qtranxs-available-language-link qtranxs-available-language-link-no\" title=\"Norsk\">Norsk<\/a>.<\/p>\n<p><strong>SIGNERT og NUMMERERT boks i meget begrenset opplag!<br \/>\n<\/strong>Boksen inneholder 6 CDer, 4 postkort og en 86-siders booklet!<\/p>\n<p>Med trilogien <i>Kj\u00e6rlighet &amp; \u00c6rlighet<\/i> serverer Jan Eggum 60 nye l\u00e5ter i 2011, som ogs\u00e5 var \u00e5ret han selv fylte 60.<\/p>\n<p>Nok en gang makter Eggums bitters\u00f8te penn \u00e5 tonesette og ordlegge tiden vi lever i, der han betrakter oss i smug fra sitt faste caf\u00e9bord. Men denne gang er han faktisk rausere og varmere med oss enn vi er vant til.\u00a0<i>Kj\u00e6rlighet &amp; \u00c6rlighet 1<\/i>\u00a0inneholder nemlig b\u00e5de skarpe og vare sanger &#8211; l\u00e5ter som uansett Eggums sinnsstemning tar det moderne, kontakts\u00f8kende, ensomme mennesket p\u00e5 kornet.<\/p>\n","protected":false},"featured_media":41855,"comment_status":"open","ping_status":"closed","template":"","meta":[],"product_brand":[],"product_cat":[6],"product_tag":[8068],"class_list":{"0":"post-41854","1":"product","2":"type-product","3":"status-publish","4":"has-post-thumbnail","6":"product_cat-grappa","7":"product_tag-jan-eggum","8":"product_shipping_class-cddvd-shipping","9":"uni_artist_tag-jan-eggum","10":"uni_main_artist_tag-jan-eggum","11":"uni_artist_genre-viser","13":"first","14":"instock","15":"taxable","16":"shipping-taxable","17":"purchasable","18":"product-type-simple"},"_links":{"self":[{"href":"https:\/\/grappa.no\/en\/wp-json\/wp\/v2\/product\/41854","targetHints":{"allow":["GET"]}}],"collection":[{"href":"https:\/\/grappa.no\/en\/wp-json\/wp\/v2\/product"}],"about":[{"href":"https:\/\/grappa.no\/en\/wp-json\/wp\/v2\/types\/product"}],"replies":[{"embeddable":true,"href":"https:\/\/grappa.no\/en\/wp-json\/wp\/v2\/comments?post=41854"}],"wp:featuredmedia":[{"embeddable":true,"href":"https:\/\/grappa.no\/en\/wp-json\/wp\/v2\/media\/41855"}],"wp:attachment":[{"href":"https:\/\/grappa.no\/en\/wp-json\/wp\/v2\/media?parent=41854"}],"wp:term":[{"taxonomy":"product_brand","embeddable":true,"href":"https:\/\/grappa.no\/en\/wp-json\/wp\/v2\/product_brand?post=41854"},{"taxonomy":"product_cat","embeddable":true,"href":"https:\/\/grappa.no\/en\/wp-json\/wp\/v2\/product_cat?post=41854"},{"taxonomy":"product_tag","embeddable":true,"href":"https:\/\/grappa.no\/en\/wp-json\/wp\/v2\/product_tag?post=41854"}],"curies":[{"name":"wp","href":"https:\/\/api.w.org\/{rel}","templated":true}]}}