{"id":41722,"date":"2024-09-24T14:06:59","date_gmt":"2024-09-24T13:06:59","guid":{"rendered":"https:\/\/grappa.no\/?post_type=product&#038;p=41722"},"modified":"2024-11-15T16:12:36","modified_gmt":"2024-11-15T15:12:36","slug":"jag-etter-vind-chasing-the-wind","status":"publish","type":"product","link":"https:\/\/grappa.no\/en\/albums\/simax-classics\/jag-etter-vind-chasing-the-wind\/","title":{"rendered":"Jag etter vind \/ Chasing the Wind"},"content":{"rendered":"<p style=\"font-weight: 400;\"><strong>Den 10. Februar 2024 ble Ketil Bj\u00f8rnstads \u00abJag etter vind\u00bb uroppf\u00f8rt i en fullsatt Oslo domkirke, med et kor p\u00e5 over hundre sangere akkompagnert av et stjernelag av musikere. Teksten er en bearbeidet versjon av Bibelens \u00abForkynneren\u00bb, en filosofering rundt temaet meningen med livet, eller fortolket: den manglende meningen med livet. En tekst som er like aktuell i dag, som da den ble nedtegnet. Konserten fikk str\u00e5lende mottagelse, og den 18.10.2024 er den tilgjengelig p\u00e5 en dobbel-CD som inneholder konsertopptaket og Bj\u00f8rnstads piano-skisser av verket. <\/strong><\/p>\n<p style=\"font-weight: 400;\">I 1992 komponerte Ketil Bj\u00f8rnstad \u00abMesse for en s\u00e5ret jord\u00bb. Den ble uroppf\u00f8rt \u202fi Frogner kirke, og Erik Hillestad og KKV ga ut albumet. Hillestad skrev teksten til messen.<\/p>\n<p style=\"font-weight: 400;\">I \u00e5rene etterp\u00e5 tenkte Bj\u00f8rnstad ofte p\u00e5 \u00abForkynneren\u00bb, med en viss forbauselse over at de fantastiske og eksistensielle tekstene ikke hadde fanget interessen til\u202fkor, festivaler eller konsertarrang\u00f8rer tidligere. Var de for kraftige? For n\u00e5del\u00f8se?<\/p>\n<p style=\"font-weight: 400;\">I 2019 kom muligheten, da Catharina Jacobsen, Bj\u00f8rnstads ektefelle, spurte om Ketil kunne komponere noe nytt for hennes eget kor, Nordstrand Musikkselskaps kor. Da hadde de begge h\u00f8rt baryton-sangeren Brynjar Ons\u00f8ien i Vaughan Williams\u2019\u202f\u00abSongs of Travel\u00bb under en julekonsert med koret, og stemmen og formidlingen hans gjorde sterkt inntrykk. Hverken Catharina eller Ketil glemte Brynjars maktfulle baryton, og da koronaen kom for alvor til Norge, satte Catharina seg ned og redigerte teksten til \u00abForkynneren\u00bb i Det gamle testamentet, med fokus p\u00e5 det eksistensielle. Ketil forteller:<\/p>\n<p style=\"font-weight: 400;\"><em>&#8211; Da hun viste meg hva hun hadde gjort, var det en stor inspirasjon \u00e5 lese tekstens blanding av n\u00e6rhet, advarsler, tr\u00f8st og monumentalitet. Jeg hadde fortsatt Herbert Blomstedt og Oslo-filharmoniens oppf\u00f8ring av Bachs Johannespasjonen\u202fi hodet, blandet med Prokofievs femte symfoni, og\u202f uten \u00e5 kunne glemme disse sterke inspirasjonskildene tok kantaten \u00abJag etter vind\u00bb form, som en dialog mellom Forkynneren og menneskene.\u00a0<\/em><\/p>\n<p style=\"font-weight: 400;\">I august 2023 gikk Bj\u00f8rnstad til produsent og tekniker Mike Hartung i Propeller Studio. Han spilte gjennom hele verket p\u00e5 Bechstein-flygelet. Piano-skissene fungerte senere som st\u00f8tte for sangerne og musikerne under inn\u00f8vingen.. Skissene fikk en helt egen dynamikk, og er inkludert p\u00e5 del 2 av \u00abJag etter vind\u00bb.<\/p>\n<p style=\"font-weight: 400;\">Med Nordstrand Musikkselskaps kor som basiskor, ble nye sangere invitert med til et utvidet prosjektkor p\u00e5 over hundre stykker, gjennom Norges Korforbund Oslo-Akershus, som ogs\u00e5 st\u00f8ttet prosjektet \u00f8konomisk og praktisk. Bj\u00f8rnstad henvendte seg til musikere han tidligere har jobbet med, og nye som han var nysgjerrig p\u00e5.<\/p>\n<p style=\"font-weight: 400;\">\u00a0Ketil avslutter:<\/p>\n<p style=\"font-weight: 400;\"><em>&#8211; Vi uroppf\u00f8rte \u00b4Jag etter vind\u00b4 i en fullsatt Oslo domkirke 10. februar i\u202f\u00e5r. Brynjar sto p\u00e5 prekestolen. Det mektige koret, med sangere i alle aldre, fra\u202f\u00e5tte til\u202f\u00e5tti\u202f\u00e5r, fylte kirkerommet foran alteret. Det var kaldt utenfor. Verden var i krig p\u00e5 flere fronter, og tekstene traff b\u00e5de som en knyttneve og som en tr\u00f8st:<\/em><\/p>\n<p style=\"font-weight: 400;\"><strong><em>&#8211; Alt har sin tid. Alt har sin faste tid.\u202fEn tid til\u202f\u00e5\u202fdrepe, en tid til\u202f\u00e5\u202flege, en tid til\u202f\u00e5\u202frive, en til\u202f\u00e5 bygge.\u00a0<\/em><\/strong><\/p>\n","protected":false},"excerpt":{"rendered":"<p style=\"font-weight: 400;\"><strong>Den 10. Februar 2024 ble Ketil Bj\u00f8rnstads \u00abJag etter vind\u00bb uroppf\u00f8rt i en fullsatt Oslo domkirke, med et kor p\u00e5 over hundre sangere akkompagnert av et stjernelag av musikere. Teksten er en bearbeidet versjon av Bibelens \u00abForkynneren\u00bb, en filosofering rundt temaet meningen med livet, eller fortolket: den manglende meningen med livet. En tekst som er like aktuell i dag, som da den ble nedtegnet. Konserten fikk str\u00e5lende mottagelse, og den 18.10.2024 er den tilgjengelig p\u00e5 en dobbel-CD som inneholder konsertopptaket og Bj\u00f8rnstads piano-skisser av verket.<\/strong><\/p>\n","protected":false},"featured_media":41723,"comment_status":"open","ping_status":"closed","template":"","meta":[],"product_brand":[],"product_cat":[180],"product_tag":[8036],"class_list":{"0":"post-41722","1":"product","2":"type-product","3":"status-publish","4":"has-post-thumbnail","6":"product_cat-simax-classics","7":"product_tag-ketil-bjornstad","8":"product_shipping_class-cddvd-shipping","9":"uni_artist_tag-ketil-bjornstad","10":"uni_main_artist_tag-ketil-bjornstad","11":"uni_artist_genre-klassisk","13":"first","14":"instock","15":"taxable","16":"shipping-taxable","17":"purchasable","18":"product-type-simple"},"_links":{"self":[{"href":"https:\/\/grappa.no\/en\/wp-json\/wp\/v2\/product\/41722","targetHints":{"allow":["GET"]}}],"collection":[{"href":"https:\/\/grappa.no\/en\/wp-json\/wp\/v2\/product"}],"about":[{"href":"https:\/\/grappa.no\/en\/wp-json\/wp\/v2\/types\/product"}],"replies":[{"embeddable":true,"href":"https:\/\/grappa.no\/en\/wp-json\/wp\/v2\/comments?post=41722"}],"wp:featuredmedia":[{"embeddable":true,"href":"https:\/\/grappa.no\/en\/wp-json\/wp\/v2\/media\/41723"}],"wp:attachment":[{"href":"https:\/\/grappa.no\/en\/wp-json\/wp\/v2\/media?parent=41722"}],"wp:term":[{"taxonomy":"product_brand","embeddable":true,"href":"https:\/\/grappa.no\/en\/wp-json\/wp\/v2\/product_brand?post=41722"},{"taxonomy":"product_cat","embeddable":true,"href":"https:\/\/grappa.no\/en\/wp-json\/wp\/v2\/product_cat?post=41722"},{"taxonomy":"product_tag","embeddable":true,"href":"https:\/\/grappa.no\/en\/wp-json\/wp\/v2\/product_tag?post=41722"}],"curies":[{"name":"wp","href":"https:\/\/api.w.org\/{rel}","templated":true}]}}