{"id":41686,"date":"2024-09-05T11:23:03","date_gmt":"2024-09-05T10:23:03","guid":{"rendered":"https:\/\/grappa.no\/?post_type=product&#038;p=41686"},"modified":"2025-06-13T12:45:48","modified_gmt":"2025-06-13T11:45:48","slug":"18-september","status":"publish","type":"product","link":"https:\/\/grappa.no\/en\/albums\/grappa\/18-september\/","title":{"rendered":"18. september"},"content":{"rendered":"<p><\/p>\n<p>In 2024, it will be 50 years since Trond Ingebretsen started the band Bj\u00f8lsen Valsem\u00f8lle! This anniversary is being celebrated in several ways, but primarily with a new album. Over five decades, Bj\u00f8lsen has delivered urban rock with lyrics inspired by Oslo and events in the city.<\/p>\n<p>Bj\u00f8lsen Valsem\u00f8lle&#8217;s new album consists of 12 songs from the band&#8217;s songwriter, Trond Ingebretsen. Musically, the melodic rock style remains, and the stories Trond gives us are rooted in solidarity.<\/p>\n<p>The title of the album, &#8220;September 18th,&#8221; comes from four dramatic events in Trond&#8217;s life, all of which happened on this date. Trond explains:<\/p>\n<p>&#8211;<em> In my life, the date September 18th holds a very special place: On this date, a much-loved musician, whom I saw play his very last concert just a few days before, passed away. Some years later, on September 18th, a church in East Oslo burned down. That event is forever connected to me as a person and a songwriter. On the same date, two dramatic events also happened in my family. That date is forever etched in my heart!<\/em><\/p>\n<p>Thematically, the album is varied and addresses everything from friendship to political criticism, always with Ingebretsen&#8217;s values as a foundation. In songs like &#8220;Vanlige folks tur&#8221; (Ordinary People\u2019s Turn), he sings about broken promises from politicians and the government to ordinary people in tight and difficult times. In songs like &#8220;Der byen faller ned&#8221; (Where the City Falls Down), Trond takes us to one of his favorite places, Egner&#8217;s Place at Kampen in Oslo. Everyday heroes are in focus, and Ingebretsen always conveys with a twinkle in his eye.<\/p>\n<p>The new album was fittingly recorded at Bj\u00f8lsen in Oslo, at Amper Tone studio with Johnny Skalleberg as the producer. The studio process has been very positive, with the whole band involved in arranging the new music. Much of it was recorded live in the studio. With a close collaboration with producer Skalleberg, the result is an album the band is very proud of! Guest artists such as Finn Tore Tokle (bass), Hege Rimestad (fiddle), and Hans Cato Kristiansen (chorus) contribute to elevate the production.<\/p>\n<p>The band lineup consists of Trond Ingebretsen (vocals and guitar), Leif Ottesen (guitar and vocals), Endre Christiansen (piano and organ), and Even Finsrud (drums and vocals). In addition, the newest member, Morten Str\u00f8m, has now joined the group permanently as the bassist.<\/p>\n<p>Bj\u00f8lsen Valsem\u00f8lle continues to deliver relevant urban rock, after 50 years in the service of music!<\/p>","protected":false},"excerpt":{"rendered":"<p class=\"qtranxs-available-languages-message qtranxs-available-languages-message-en\">Sorry, this entry is only available in <a href=\"https:\/\/grappa.no\/no\/wp-json\/wp\/v2\/product\/41686\" class=\"qtranxs-available-language-link qtranxs-available-language-link-no\" title=\"Norsk\">Norsk<\/a>.<\/p>\n<p><strong>I 2024 er det 50 \u00e5r siden Trond Ingebretsen startet bandet Bj\u00f8lsen Valsem\u00f8lle! <\/strong><strong>Det feires p\u00e5 flere m\u00e5ter, men f\u00f8rst og fremst med det nye albumet &#8220;18.september&#8221;. Gjennom fem ti\u00e5r har Bj\u00f8lsen levert storbyrock med tekster inspirert av Oslo og hendelser i byen.<\/strong><\/p>\n","protected":false},"featured_media":41687,"comment_status":"open","ping_status":"closed","template":"","meta":[],"product_brand":[],"product_cat":[6],"product_tag":[8069],"class_list":{"0":"post-41686","1":"product","2":"type-product","3":"status-publish","4":"has-post-thumbnail","6":"product_cat-grappa","7":"product_tag-bjolsen-valsemolle","8":"product_shipping_class-cddvd-shipping","9":"uni_artist_tag-bjolsen-valsemolle","10":"uni_main_artist_tag-bjolsen-valsemolle","11":"uni_artist_genre-folk-rock","12":"uni_artist_genre-pop","13":"uni_artist_genre-rock","14":"uni_artist_genre-singer-songwriter","16":"first","17":"instock","18":"taxable","19":"shipping-taxable","20":"purchasable","21":"product-type-simple"},"_links":{"self":[{"href":"https:\/\/grappa.no\/en\/wp-json\/wp\/v2\/product\/41686","targetHints":{"allow":["GET"]}}],"collection":[{"href":"https:\/\/grappa.no\/en\/wp-json\/wp\/v2\/product"}],"about":[{"href":"https:\/\/grappa.no\/en\/wp-json\/wp\/v2\/types\/product"}],"replies":[{"embeddable":true,"href":"https:\/\/grappa.no\/en\/wp-json\/wp\/v2\/comments?post=41686"}],"wp:featuredmedia":[{"embeddable":true,"href":"https:\/\/grappa.no\/en\/wp-json\/wp\/v2\/media\/41687"}],"wp:attachment":[{"href":"https:\/\/grappa.no\/en\/wp-json\/wp\/v2\/media?parent=41686"}],"wp:term":[{"taxonomy":"product_brand","embeddable":true,"href":"https:\/\/grappa.no\/en\/wp-json\/wp\/v2\/product_brand?post=41686"},{"taxonomy":"product_cat","embeddable":true,"href":"https:\/\/grappa.no\/en\/wp-json\/wp\/v2\/product_cat?post=41686"},{"taxonomy":"product_tag","embeddable":true,"href":"https:\/\/grappa.no\/en\/wp-json\/wp\/v2\/product_tag?post=41686"}],"curies":[{"name":"wp","href":"https:\/\/api.w.org\/{rel}","templated":true}]}}