{"id":41657,"date":"2024-08-22T10:51:15","date_gmt":"2024-08-22T09:51:15","guid":{"rendered":"https:\/\/grappa.no\/?post_type=product&#038;p=41657"},"modified":"2025-06-13T12:19:42","modified_gmt":"2025-06-13T11:19:42","slug":"hovdingen-live-fra-glenghuset","status":"publish","type":"product","link":"https:\/\/grappa.no\/en\/albums\/grappa\/hovdingen-live-fra-glenghuset\/","title":{"rendered":"H\u00f8vdingen &#8211; Live fra Glenghuset"},"content":{"rendered":"<p class=\"qtranxs-available-languages-message qtranxs-available-languages-message-en\">Sorry, this entry is only available in <a href=\"https:\/\/grappa.no\/no\/wp-json\/wp\/v2\/product\/41657\" class=\"qtranxs-available-language-link qtranxs-available-language-link-no\" title=\"Norsk\">Norsk<\/a>.<\/p><p> <strong>Albumet kommer med 2 CD\u00b4er; en med kun musikk og en med hele konserten.\u00a0<\/strong><\/p>\n<p><b><span data-contrast=\"none\">Et \u00e5r etter Ackles tragiske bortgang h\u00f8sten 2023, slippes albumet &#8220;H\u00f8vdingen&#8221; &#8211; en plate artisten hadde \u00f8nsker om \u00e5 slippe lenge og ved hjelp av hans n\u00e6rmeste venner og st\u00f8ttespillere, ble prosjektet fullf\u00f8rt. Albumet best\u00e5r av livefremf\u00f8ringer gjort av Stephen Ackles i 2020. Hans utvalgte favoritt Erik Bye-viser: der den ekte lidenskapen skinner gjennom, og den folkekj\u00e6re artisten brilijerer en siste gang som fremragende formidler.\u202f<\/span><\/b><span data-ccp-props=\"{}\">\u00a0<\/span><\/p>\n<p><span data-contrast=\"auto\">Stephen Ackles feiret i 2020 hele 40 \u00e5r som artist, og en rekke konserter over hele landet var planlagt og i gang. Dette var en forestilling som Stephen jobbet mye med og var veldig stolt av. Erik Bye showene rakk s\u00e5 vidt \u00e5 bes\u00f8ke noen f\u00e5 byer f\u00f8r Covid-19 traff verden, og Norge stengte ned i mars. Etter dette kom ikke turneen i gang igjen. Innspillingen ble gjort p\u00e5 Glenghuset i Sarpsborg 7 mars 2020 rett f\u00f8r nedstengingen.\u202f <\/span><span data-contrast=\"auto\">&#8220;H\u00f8vdingen&#8221; er ute et \u00e5r etter den folkekj\u00e6re artistens bortgang.<\/span><\/p>\n<p>&nbsp;<\/p>\n<p><span data-contrast=\"auto\">Albumet best\u00e5r av en live forestilling med Erik Bye viser &#8211; tolket av Stephen Ackles. Tolkningene fanger den ekte lidenskapen til Stephen som artist og viser hans kj\u00e6rlighet for Bye sine viser. Stephens mange\u00e5rige venner og st\u00f8ttespillere Tommy Jeppsson, Folke Myrvang og Jeroen Kerstjens \u00f8nsket \u00e5 fullf\u00f8re prosjektet, og tok sammen opp kontakten med plateselskapet for \u00e5 s\u00f8rge for at det siste \u00f8nske fra en god venn ble virkelighet.<\/span><strong>\u00a0<\/strong><span class=\"TextRun SCXW98402385 BCX0\" lang=\"NB-NO\" xml:lang=\"NB-NO\" data-contrast=\"auto\"><span class=\"NormalTextRun SCXW98402385 BCX0\">Forholdet Stephen hadde til Bye, g\u00e5r langt tilbake til hans barndom da han slet med stamming. Sangen ble uttrykksm\u00e5ten hans. Stephen stod p\u00e5 benker og s\u00f8ppelkasser, sang av full hals om skipsklokker og Anna Lovinda, som den uvanlige <\/span><span class=\"NormalTextRun SCXW98402385 BCX0\">fire\u00e5ringen han var. Seinere ble han faktisk kjent med Erik Bye, og fikk ogs\u00e5 gleden av \u00e5 gj\u00f8re noen forestillinger med han mot slutten av Bye sin karriere.<\/span><\/span><span class=\"EOP SCXW98402385 BCX0\" data-ccp-props=\"{&quot;134233118&quot;:true,&quot;201341983&quot;:2,&quot;335559738&quot;:240,&quot;335559740&quot;:360}\">\u00a0<\/span><\/p>\n<p>&nbsp;<\/p>\n<p><span class=\"TextRun SCXW9604132 BCX0\" lang=\"NB-NO\" xml:lang=\"NB-NO\" data-contrast=\"auto\"><span class=\"NormalTextRun SCXW9604132 BCX0\">Stephen tar oss med inn i Eriks verden p\u00e5 en m\u00e5te som forteller oss at han har gjort mer enn bare \u00e5 h\u00f8re p\u00e5 platene. Han snakker om Eriks kreative sider og hvordan han fant inspirasjon og hvordan han oppfattet Eriks tankesett. B\u00e5de Erik og Stephen hadde sterke b\u00e5nd til Amerika og hadde mye \u00e5 snakke om. Forestillingen er p\u00e5 70 minutter, og fanger stemning, fortellingene og de fengslende fremf\u00f8ringene. <\/span><span class=\"SpellingError SCXW9604132 BCX0\">Musikerene<\/span><span class=\"NormalTextRun SCXW9604132 BCX0\"> han hadde med seg var Dagfin Hjorth Hovind p\u00e5 gitarer, bass, munnspill og tromme, og p\u00e5 piano Tom <\/span><span class=\"SpellingError SCXW9604132 BCX0\">R\u00f8nningsveen<\/span><span class=\"NormalTextRun SCXW9604132 BCX0\"> som gikk bort 4. September 2022.<\/span><\/span><\/p>\n<p>&nbsp;<\/p>\n<p><span data-contrast=\"auto\">Innspilling er gjort av Dagfin Hjorth Hovind og Tom R\u00f8nningsveen, mikset av Stian Haslie og mastret av Magnus Gulbrandsen, ved Jel\u00f8y Mastering. <\/span><span data-contrast=\"none\">Albumet kommer i to versjoner; en med kun musikk og en med hele konserten.<\/span><span data-ccp-props=\"{&quot;134233118&quot;:true,&quot;201341983&quot;:2,&quot;335559738&quot;:240,&quot;335559740&quot;:360}\">\u00a0<\/span><span data-contrast=\"auto\">Platen utgis til minne om Tom R\u00f8nningsveen og Stephen Ackles. Eventuelle inntekter fra platesalget vil g\u00e5 til Stephens familie.<\/span><span data-ccp-props=\"{}\">\u00a0<\/span><\/p>","protected":false},"excerpt":{"rendered":"<p class=\"qtranxs-available-languages-message qtranxs-available-languages-message-en\">Sorry, this entry is only available in <a href=\"https:\/\/grappa.no\/no\/wp-json\/wp\/v2\/product\/41657\" class=\"qtranxs-available-language-link qtranxs-available-language-link-no\" title=\"Norsk\">Norsk<\/a>.<\/p>\n<p>Et \u00e5r etter Stephen Ackles tragiske bortgang h\u00f8sten 2023, slippes albumet &#8220;H\u00f8vdingen&#8221; &#8211; en plate artisten hadde \u00f8nsker om \u00e5 slippe lenge og ved hjelp av hans n\u00e6rmeste venner og st\u00f8ttespillere, ble prosjektet fullf\u00f8rt. Albumet best\u00e5r av livefremf\u00f8ringer gjort av Stephen Ackles i 2020. Hans utvalgte favoritt Erik Bye-viser: der den ekte lidenskapen skinner gjennom, og den folkekj\u00e6re artisten brilijerer en siste gang som fremragende formidler.<\/p>\n","protected":false},"featured_media":41654,"comment_status":"open","ping_status":"closed","template":"","meta":[],"product_brand":[],"product_cat":[6],"product_tag":[8064,8063],"class_list":{"0":"post-41657","1":"product","2":"type-product","3":"status-publish","4":"has-post-thumbnail","6":"product_cat-grappa","7":"product_tag-erik-bye","8":"product_tag-stephen-ackles","9":"product_shipping_class-cddvd-shipping","10":"uni_artist_tag-stephen-ackles","11":"uni_main_artist_tag-stephen-ackles","12":"uni_artist_genre-norsk","13":"uni_artist_genre-norwegian-lyrics","14":"uni_artist_genre-singer-songwriter","15":"uni_artist_genre-vise","16":"uni_artist_genre-viser","18":"first","19":"instock","20":"taxable","21":"shipping-taxable","22":"purchasable","23":"product-type-simple"},"_links":{"self":[{"href":"https:\/\/grappa.no\/en\/wp-json\/wp\/v2\/product\/41657","targetHints":{"allow":["GET"]}}],"collection":[{"href":"https:\/\/grappa.no\/en\/wp-json\/wp\/v2\/product"}],"about":[{"href":"https:\/\/grappa.no\/en\/wp-json\/wp\/v2\/types\/product"}],"replies":[{"embeddable":true,"href":"https:\/\/grappa.no\/en\/wp-json\/wp\/v2\/comments?post=41657"}],"wp:featuredmedia":[{"embeddable":true,"href":"https:\/\/grappa.no\/en\/wp-json\/wp\/v2\/media\/41654"}],"wp:attachment":[{"href":"https:\/\/grappa.no\/en\/wp-json\/wp\/v2\/media?parent=41657"}],"wp:term":[{"taxonomy":"product_brand","embeddable":true,"href":"https:\/\/grappa.no\/en\/wp-json\/wp\/v2\/product_brand?post=41657"},{"taxonomy":"product_cat","embeddable":true,"href":"https:\/\/grappa.no\/en\/wp-json\/wp\/v2\/product_cat?post=41657"},{"taxonomy":"product_tag","embeddable":true,"href":"https:\/\/grappa.no\/en\/wp-json\/wp\/v2\/product_tag?post=41657"}],"curies":[{"name":"wp","href":"https:\/\/api.w.org\/{rel}","templated":true}]}}