{"id":41603,"date":"2024-07-22T13:00:15","date_gmt":"2024-07-22T12:00:15","guid":{"rendered":"https:\/\/grappa.no\/?post_type=product&#038;p=41603"},"modified":"2025-06-13T12:19:55","modified_gmt":"2025-06-13T11:19:55","slug":"toget-gar","status":"publish","type":"product","link":"https:\/\/grappa.no\/en\/albums\/grappa\/toget-gar\/","title":{"rendered":"Toget g\u00e5r"},"content":{"rendered":"<p><\/p>\n<p>Toget er et band som spiller kul gitarmusikk for barn. Her f\u00e5r du b\u00e5de musikk du garantert har h\u00f8rt f\u00f8r, blandet med musikk du ikke har h\u00f8rt tidligere. Navnet \u00abToget\u00bb, som henspiller p\u00e5 l\u00e5ta \u00abFreight Train\u00bb fra 1906 av Elisabeth Cotton, gir en god pekepinn p\u00e5 musikken vi f\u00e5r h\u00f8re. Dette toget stopper p\u00e5 stasjoner langs musikkhistorien, fra tidlig p\u00e5 1900-tallet og fremover. Ta plass p\u00e5 toget og bli med og syng, klapp, knips og dans! Toget slentrer st\u00f8dig og taktfast langs skinnene og tar deg trygt gjennom kjente og ukjente landskap.<\/p>\n<p>Toget er en trio som har spilt sammen lenge, med musikere som ogs\u00e5 kjenner hverandre godt fra andre sammenhenger. P\u00e5 deres f\u00f8rste barneplate \u00abToget g\u00e5r\u00bb som er ute 2.august, vil gruppa presentere publikum for ukjent musikk og gjemte musikkskatter. Ved \u00e5 knytte det ukjente opp mot kjente sanger, f\u00e5r vi en r\u00f8d tr\u00e5d som \u00e5pner d\u00f8ra til helt nye musikalske bekjentskaper.<\/p>\n<p>Trioen har allerede v\u00e6rt p\u00e5 bes\u00f8k og spilt p\u00e5 flere barneskoler, og da f\u00e5r de ofte h\u00f8re at musikken treffer godt og bredt, og ikke minst at barna blir i veldig godt hum\u00f8r av opplevelsen. \u201cDe nynnet p\u00e5 sangene den dagen. Veldig kult at dere har gjort om barnesangene p\u00e5 den m\u00e5ten, og at dere inkluderte barna i konserten deres. Ingenting vi tenker kunne v\u00e6rt bedre!&#8221; forteller l\u00e6rerne etter et bes\u00f8k av Toget.<\/p>\n<p>&#8211; Dette er f\u00f8rste gong me pr\u00f8ver \u00e5 lage barnemusikk, men me syns det er utruleg artig og kjekt \u00e5 bruke mange av desse songane som me kan s\u00e5 godt og gi dei ei litt ny drakt. M\u00e5let med musikken har vore \u00e5 gi borna musikk som er spelt inn live i studio med ekte instrumenter og som kan utfordra dei litt, avslutter Klovning<\/p>","protected":false},"excerpt":{"rendered":"<p class=\"qtranxs-available-languages-message qtranxs-available-languages-message-en\">Sorry, this entry is only available in <a href=\"https:\/\/grappa.no\/no\/wp-json\/wp\/v2\/product\/41603\" class=\"qtranxs-available-language-link qtranxs-available-language-link-no\" title=\"Norsk\">Norsk<\/a>.<\/p>\n<p>Toget er et band som spiller kul gitarmusikk for barn. Her f\u00e5r du b\u00e5de musikk du garantert har h\u00f8rt f\u00f8r, blandet med musikk du ikke har h\u00f8rt tidligere. Navnet \u00abToget\u00bb, som henspiller p\u00e5 l\u00e5ta \u00abFreight Train\u00bb fra 1906 av Elisabeth Cotton, gir en god pekepinn p\u00e5 musikken vi f\u00e5r h\u00f8re. Dette toget stopper p\u00e5 stasjoner langs musikkhistorien, fra tidlig p\u00e5 1900-tallet og fremover. Ta plass p\u00e5 toget og bli med og syng, klapp, knips og dans! Toget slentrer st\u00f8dig og taktfast langs skinnene og tar deg trygt gjennom kjente og ukjente landskap.<\/p>\n","protected":false},"featured_media":41604,"comment_status":"open","ping_status":"closed","template":"","meta":[],"product_brand":[],"product_cat":[6],"product_tag":[8049,8048,8050,8047],"class_list":{"0":"post-41603","1":"product","2":"type-product","3":"status-publish","4":"has-post-thumbnail","6":"product_cat-grappa","7":"product_tag-edvard-mjanger","8":"product_tag-marius-hirth-klovning","9":"product_tag-mats-maeland-jensen","10":"product_tag-toget-gar","11":"product_shipping_class-cddvd-shipping","12":"uni_artist_tag-toget","13":"uni_main_artist_tag-toget","14":"uni_artist_genre-children","15":"uni_artist_genre-childrens-music","17":"first","18":"instock","19":"taxable","20":"shipping-taxable","21":"purchasable","22":"product-type-simple"},"_links":{"self":[{"href":"https:\/\/grappa.no\/en\/wp-json\/wp\/v2\/product\/41603","targetHints":{"allow":["GET"]}}],"collection":[{"href":"https:\/\/grappa.no\/en\/wp-json\/wp\/v2\/product"}],"about":[{"href":"https:\/\/grappa.no\/en\/wp-json\/wp\/v2\/types\/product"}],"replies":[{"embeddable":true,"href":"https:\/\/grappa.no\/en\/wp-json\/wp\/v2\/comments?post=41603"}],"wp:featuredmedia":[{"embeddable":true,"href":"https:\/\/grappa.no\/en\/wp-json\/wp\/v2\/media\/41604"}],"wp:attachment":[{"href":"https:\/\/grappa.no\/en\/wp-json\/wp\/v2\/media?parent=41603"}],"wp:term":[{"taxonomy":"product_brand","embeddable":true,"href":"https:\/\/grappa.no\/en\/wp-json\/wp\/v2\/product_brand?post=41603"},{"taxonomy":"product_cat","embeddable":true,"href":"https:\/\/grappa.no\/en\/wp-json\/wp\/v2\/product_cat?post=41603"},{"taxonomy":"product_tag","embeddable":true,"href":"https:\/\/grappa.no\/en\/wp-json\/wp\/v2\/product_tag?post=41603"}],"curies":[{"name":"wp","href":"https:\/\/api.w.org\/{rel}","templated":true}]}}