{"id":41369,"date":"2024-02-22T12:32:56","date_gmt":"2024-02-22T11:32:56","guid":{"rendered":"https:\/\/grappa.no\/?post_type=product&#038;p=41369"},"modified":"2024-04-10T13:56:07","modified_gmt":"2024-04-10T12:56:07","slug":"one-voices","status":"publish","type":"product","link":"https:\/\/grappa.no\/en\/albums\/simax-classics\/one-voices\/","title":{"rendered":"One Voices"},"content":{"rendered":"<p><\/p>\n<p>On International Women&#8217;s Day, March 8th, we are proud to present Ruth Wilhelmine Meyer&#8217;s new album, &#8220;One Voices&#8221;. An album that invites you into a unique sound universe created solely by Ruth Wilhelmine&#8217;s unprocessed voice in real time, without loops. Ruth Wilhelmine has crafted an entirely analog and acoustic vocal universe with ultra-precise vocal articulations, seductive melodic lines, breath textures, and acoustic structures in an intuitive flow. The music has a crystal-clear artistic vision,and at times it doesn&#8217;t sound like voices, but more like a vocal orchestral work. A unique production that makes one wonder if the voice has any limits at all. Experience an unreal world created by a real voice on &#8220;One Voices&#8221;.<\/p>","protected":false},"excerpt":{"rendered":"<p class=\"qtranxs-available-languages-message qtranxs-available-languages-message-en\">Sorry, this entry is only available in <a href=\"https:\/\/grappa.no\/no\/wp-json\/wp\/v2\/product\/41369\" class=\"qtranxs-available-language-link qtranxs-available-language-link-no\" title=\"Norsk\">Norsk<\/a>.<\/p>\n<p>P\u00e5 kvinnedagen, den 8.mars, er vi stolte av \u00e5 presentere Ruth Wilhelmine Meyers nye album, &#8220;One Voices&#8221;. Et album som inviterer til et helt eget lydunivers skapt av kun av Ruth Wilhelmines umanipulerte stemme i sann tid, uten loops. Ruth Wilhelmine har skapt et analogt og akustisk stemmeunivers med ultrapresise vokale artikulasjoner, forf\u00f8rende melodiske linjer, pusteteksturer og akustiske strukturer i en intuitiv flyt. Musikken har en krystallklar kunstnerisk visjon, som til tider ikke l\u00e5ter som stemmer, men mer som et vokalt orkesterverk. En unik produksjon hvor man kan undre seg p\u00e5 om stemmen i det hele tatt har noen grenser. Opplev en uvirkelig verden skapt av en virkelig stemme p\u00e5 &#8220;One Voices&#8221;.<\/p>\n","protected":false},"featured_media":41370,"comment_status":"open","ping_status":"closed","template":"","meta":[],"product_brand":[],"product_cat":[180],"product_tag":[7979,7980],"class_list":{"0":"post-41369","1":"product","2":"type-product","3":"status-publish","4":"has-post-thumbnail","6":"product_cat-simax-classics","7":"product_tag-one-voices","8":"product_tag-ruth-wilhelmine-meyer","9":"product_shipping_class-cddvd-shipping","10":"uni_artist_tag-ruth-wilhelmine-meyer","11":"uni_main_artist_tag-ruth-wilhelmine-meyer","12":"uni_artist_genre-classical","13":"uni_artist_genre-contemporary-music","14":"uni_artist_genre-vocal-music","16":"first","17":"instock","18":"taxable","19":"shipping-taxable","20":"purchasable","21":"product-type-variable"},"_links":{"self":[{"href":"https:\/\/grappa.no\/en\/wp-json\/wp\/v2\/product\/41369","targetHints":{"allow":["GET"]}}],"collection":[{"href":"https:\/\/grappa.no\/en\/wp-json\/wp\/v2\/product"}],"about":[{"href":"https:\/\/grappa.no\/en\/wp-json\/wp\/v2\/types\/product"}],"replies":[{"embeddable":true,"href":"https:\/\/grappa.no\/en\/wp-json\/wp\/v2\/comments?post=41369"}],"wp:featuredmedia":[{"embeddable":true,"href":"https:\/\/grappa.no\/en\/wp-json\/wp\/v2\/media\/41370"}],"wp:attachment":[{"href":"https:\/\/grappa.no\/en\/wp-json\/wp\/v2\/media?parent=41369"}],"wp:term":[{"taxonomy":"product_brand","embeddable":true,"href":"https:\/\/grappa.no\/en\/wp-json\/wp\/v2\/product_brand?post=41369"},{"taxonomy":"product_cat","embeddable":true,"href":"https:\/\/grappa.no\/en\/wp-json\/wp\/v2\/product_cat?post=41369"},{"taxonomy":"product_tag","embeddable":true,"href":"https:\/\/grappa.no\/en\/wp-json\/wp\/v2\/product_tag?post=41369"}],"curies":[{"name":"wp","href":"https:\/\/api.w.org\/{rel}","templated":true}]}}