{"id":41339,"date":"2024-02-16T12:08:40","date_gmt":"2024-02-16T11:08:40","guid":{"rendered":"https:\/\/grappa.no\/?post_type=product&#038;p=41339"},"modified":"2024-02-16T12:30:11","modified_gmt":"2024-02-16T11:30:11","slug":"paris-oslo","status":"publish","type":"product","link":"https:\/\/grappa.no\/en\/albums\/curling-legs\/paris-oslo\/","title":{"rendered":"Paris\/Oslo"},"content":{"rendered":"<p><\/p>\n<p>Paris\/Oslo is a project that arose out of the fact that Petter decided to tear up his roots, change scenery and move to Paris March 1st 2020.  Although separated by approximately 1700 km, rehearsals were held and concerts given throughout the entire Covid period. This specific recording is the result of the last of 4 concerts given in Oslo in 2021. As a result of that, &#8220;Paris\/Oslo&#8221; works as the logical backdrop for this project.<br \/>\nAnders Aarum, Jens Fossum and Hermund Nyg\u00e5rd constitute one of the absolute strongest rhythmsections Norway has to offer. They have played hundreds of concerts together both as a trio, but also as backing band for national and international artists. On several occasions they have also served as a rythmsection for a diverse string of Petter Wettre&#8217;s projects.<\/p>","protected":false},"excerpt":{"rendered":"<p>Paris \/Oslo er et resultat av Petter Wettre&#8217;s beslutning om \u00e5 flytte til Paris i 2020 for \u00e5 la seg inspirere, utveksle id\u00e9er og utvikle sin musikalske horisont, men samtidig opprettholde bandet som ble igjen i Oslo. Med medlemmer basert i henholdsvis Oslo og Paris f\u00f8les det naturlig \u00e5 benytte navnene til disse metropolene som backdrop for prosjektet.<\/p>\n","protected":false},"featured_media":41340,"comment_status":"open","ping_status":"closed","template":"","meta":[],"product_brand":[],"product_cat":[7730],"product_tag":[7962,7963],"class_list":{"0":"post-41339","1":"product","2":"type-product","3":"status-publish","4":"has-post-thumbnail","6":"product_cat-curling-legs","7":"product_tag-paris-oslo","8":"product_tag-petter-wettre","9":"product_shipping_class-vinyl-shipping","10":"uni_artist_tag-anders-aarum","11":"uni_artist_tag-hermund-nygard","12":"uni_artist_tag-jens-fossum","13":"uni_artist_tag-paris-oslo","14":"uni_artist_tag-petter-wettre","15":"uni_main_artist_tag-paris-oslo","16":"uni_artist_genre-jazz","17":"uni_artist_genre-romantic-jazz","19":"first","20":"instock","21":"taxable","22":"shipping-taxable","23":"purchasable","24":"product-type-simple"},"_links":{"self":[{"href":"https:\/\/grappa.no\/en\/wp-json\/wp\/v2\/product\/41339","targetHints":{"allow":["GET"]}}],"collection":[{"href":"https:\/\/grappa.no\/en\/wp-json\/wp\/v2\/product"}],"about":[{"href":"https:\/\/grappa.no\/en\/wp-json\/wp\/v2\/types\/product"}],"replies":[{"embeddable":true,"href":"https:\/\/grappa.no\/en\/wp-json\/wp\/v2\/comments?post=41339"}],"wp:featuredmedia":[{"embeddable":true,"href":"https:\/\/grappa.no\/en\/wp-json\/wp\/v2\/media\/41340"}],"wp:attachment":[{"href":"https:\/\/grappa.no\/en\/wp-json\/wp\/v2\/media?parent=41339"}],"wp:term":[{"taxonomy":"product_brand","embeddable":true,"href":"https:\/\/grappa.no\/en\/wp-json\/wp\/v2\/product_brand?post=41339"},{"taxonomy":"product_cat","embeddable":true,"href":"https:\/\/grappa.no\/en\/wp-json\/wp\/v2\/product_cat?post=41339"},{"taxonomy":"product_tag","embeddable":true,"href":"https:\/\/grappa.no\/en\/wp-json\/wp\/v2\/product_tag?post=41339"}],"curies":[{"name":"wp","href":"https:\/\/api.w.org\/{rel}","templated":true}]}}