{"id":413,"date":"2002-09-05T00:00:00","date_gmt":"2002-09-04T23:00:00","guid":{"rendered":"http:\/\/www.grappa.no\/albums\/uncategorized\/ludvig-irgens-jensen-japanisher-fruhling\/"},"modified":"2025-02-27T09:52:08","modified_gmt":"2025-02-27T08:52:08","slug":"ludvig-irgens-jensen-japanisher-fruhling","status":"publish","type":"product","link":"https:\/\/grappa.no\/en\/albums\/simax-classics\/ludvig-irgens-jensen-japanisher-fruhling\/","title":{"rendered":"Ludvig Irgens-Jensen: Japanisher Fr\u00fchling"},"content":{"rendered":"<p><\/p>\n<p>Heiland S\u00f8rensen and Bergen Philharmonic Orchestra with outstanding readings of Irgens-Jensen<\/p>\n<p>The song cycle Japanischer Fr\u00fchling captures both the young and the mature Irgens-Jensen. His op.2 in 1920, the piano version went through many stages before it reached the present final orchestral version from 1957, in may ways representing the music of afterthought. Ragnhild Heiland S\u00f8rensen\u2019s soprano is wonderfully suited to this rich yet transparent music.<\/p>\n<p>If there is one Nowegian orchestral piece that might be said to have a wide international audience and recognition, it has to be Irgens-Jensen\u2019s Passacaglia from 1927. As a result of an enthusiastic Carl Nielsen the work became infamous before anyone had heard anything of it; even winning a prize in the big Schubert competition in 1928. After the premi\u00e8re in 1929 the piece travelled fast in Europe and USA through two of the Oslo Philharmonic\u2019s conductors: Gr\u00fcner-Hegge and Dobrowen. The latter even perfomed the Passacaglia with Toscanini\u2019s New York Philharmonic in a nation wide broadcast in 1932. The formal basis of the work is Introduction \u2014 Passacaglia I \u2014 Fuge \u2014 Passacaglia II \u2014 Coda. The mastery of the technical craftmanship makes the Passacaglia reach both the heart and the mind of the music lover.<\/p>\n<p><!--more--><\/p>\n<h4><\/h4>\n<h4><\/h4>\n<h4><\/h4>\n<p><\/p>","protected":false},"excerpt":{"rendered":"<p class=\"qtranxs-available-languages-message qtranxs-available-languages-message-en\">Sorry, this entry is only available in <a href=\"https:\/\/grappa.no\/no\/wp-json\/wp\/v2\/product\/413\" class=\"qtranxs-available-language-link qtranxs-available-language-link-no\" title=\"Norsk\">Norsk<\/a>.<\/p>\n<p>Er det et norsk orkesterverk som kan sies \u00e5 virkelig ha internasjonal utbredelse og anerkjennelse, m\u00e5 det v\u00e6re Irgens-Jensens Passacaglia fra 1927.<\/p>\n","protected":false},"featured_media":27566,"comment_status":"closed","ping_status":"closed","template":"","meta":[],"product_brand":[],"product_cat":[180],"product_tag":[],"class_list":{"0":"post-413","1":"product","2":"type-product","3":"status-publish","4":"has-post-thumbnail","6":"product_cat-simax-classics","7":"product_shipping_class-cddvd-shipping","8":"uni_artist_tag-bergen-philharmonic-orchestra","9":"uni_artist_tag-eivind-aadland","10":"uni_artist_tag-jorn-pedersen","11":"uni_artist_tag-ludvig-irgens-jensen","12":"uni_artist_tag-ragnhild-heiland-sorensen","13":"uni_main_artist_tag-ragnhild-heiland-sorensen","14":"uni_artist_genre-norwegian","15":"uni_artist_genre-orchestral","16":"uni_artist_genre-song-with-orchestra","18":"first","19":"outofstock","20":"taxable","21":"shipping-taxable","22":"purchasable","23":"product-type-simple"},"_links":{"self":[{"href":"https:\/\/grappa.no\/en\/wp-json\/wp\/v2\/product\/413","targetHints":{"allow":["GET"]}}],"collection":[{"href":"https:\/\/grappa.no\/en\/wp-json\/wp\/v2\/product"}],"about":[{"href":"https:\/\/grappa.no\/en\/wp-json\/wp\/v2\/types\/product"}],"replies":[{"embeddable":true,"href":"https:\/\/grappa.no\/en\/wp-json\/wp\/v2\/comments?post=413"}],"wp:featuredmedia":[{"embeddable":true,"href":"https:\/\/grappa.no\/en\/wp-json\/wp\/v2\/media\/27566"}],"wp:attachment":[{"href":"https:\/\/grappa.no\/en\/wp-json\/wp\/v2\/media?parent=413"}],"wp:term":[{"taxonomy":"product_brand","embeddable":true,"href":"https:\/\/grappa.no\/en\/wp-json\/wp\/v2\/product_brand?post=413"},{"taxonomy":"product_cat","embeddable":true,"href":"https:\/\/grappa.no\/en\/wp-json\/wp\/v2\/product_cat?post=413"},{"taxonomy":"product_tag","embeddable":true,"href":"https:\/\/grappa.no\/en\/wp-json\/wp\/v2\/product_tag?post=413"}],"curies":[{"name":"wp","href":"https:\/\/api.w.org\/{rel}","templated":true}]}}