{"id":41283,"date":"2024-01-24T06:02:30","date_gmt":"2024-01-24T05:02:30","guid":{"rendered":"https:\/\/grappa.no\/?post_type=product&#038;p=41283"},"modified":"2024-11-26T11:24:15","modified_gmt":"2024-11-26T10:24:15","slug":"norwegian-recordings","status":"publish","type":"product","link":"https:\/\/grappa.no\/en\/albums\/grappa\/norwegian-recordings\/","title":{"rendered":"Norwegian Recordings  SIGNERT UTGAVE LP &#038; CD!"},"content":{"rendered":"<p><\/p>\n<p>With over 2.5 million albums sold, she is the best-selling Danish female artist of all time. For over 30 years, Hanne Boel, the award-winning artist with an unmistakable soulful voice, has been at the top of the Danish soul-pop scene. Including BLACK WOLF, her 1988 debut, she has released a staggering 21 albums. And she shows no signs of slowing down. Album number 22, entitled NORWEGIAN RECORDINGS breaks new ground in the storied career of the Danish icon, and she is the first to share that it\u2019s anything but \u201ctraditional\u201d when seen in context with the rest of her body of work. After a recent tour in Norway with her regular trio &#8211; together with guitarists Jacob Funch and Jens Runge &#8211; the plan was to make a new studio album in precisely the traditional sense. But after hearing some recordings from live concerts they had played, it was clear to everyone that the material was too good not to release. S.o here is Norwegian Recordings<\/p>","protected":false},"excerpt":{"rendered":"<p class=\"qtranxs-available-languages-message qtranxs-available-languages-message-en\">Sorry, this entry is only available in <a href=\"https:\/\/grappa.no\/no\/wp-json\/wp\/v2\/product\/41283\" class=\"qtranxs-available-language-link qtranxs-available-language-link-no\" title=\"Norsk\">Norsk<\/a>.<\/p>\n<p>&#8220;Norwegian Recordings&#8221; er Hanne Boels 22.album. Med over 2,5 millioner solgte album er Hanne Boel den bestselgende kvinnelige danske artist gjennom tidene. I over 30 \u00e5r har den prisbel\u00f8nte artisten med den sjelfulle vokalen st\u00e5tt p\u00e5 toppen av den danske soulpop-scenen, og siden debuten med &#8220;Black Wolf&#8221; i 1988, har hun utgitt hele 21 albumutgivelser..<\/p>\n","protected":false},"featured_media":41937,"comment_status":"open","ping_status":"closed","template":"","meta":[],"product_brand":[],"product_cat":[6],"product_tag":[7955,7954,7956],"class_list":{"0":"post-41283","1":"product","2":"type-product","3":"status-publish","4":"has-post-thumbnail","6":"product_cat-grappa","7":"product_tag-hanne-boel","8":"product_tag-hanne-boel-the-trio","9":"product_tag-noregian-recordings","10":"product_shipping_class-cddvd-shipping","11":"uni_artist_tag-hann","12":"uni_artist_tag-hanne-boel","13":"uni_artist_tag-hanne-boel-the-trio","14":"uni_artist_tag-jacob-funch","15":"uni_artist_tag-jens-runge","16":"uni_main_artist_tag-hanne-boel-the-trio","17":"uni_artist_genre-pop","18":"uni_artist_genre-soul","20":"first","21":"instock","22":"taxable","23":"shipping-taxable","24":"purchasable","25":"product-type-variable"},"_links":{"self":[{"href":"https:\/\/grappa.no\/en\/wp-json\/wp\/v2\/product\/41283","targetHints":{"allow":["GET"]}}],"collection":[{"href":"https:\/\/grappa.no\/en\/wp-json\/wp\/v2\/product"}],"about":[{"href":"https:\/\/grappa.no\/en\/wp-json\/wp\/v2\/types\/product"}],"replies":[{"embeddable":true,"href":"https:\/\/grappa.no\/en\/wp-json\/wp\/v2\/comments?post=41283"}],"wp:featuredmedia":[{"embeddable":true,"href":"https:\/\/grappa.no\/en\/wp-json\/wp\/v2\/media\/41937"}],"wp:attachment":[{"href":"https:\/\/grappa.no\/en\/wp-json\/wp\/v2\/media?parent=41283"}],"wp:term":[{"taxonomy":"product_brand","embeddable":true,"href":"https:\/\/grappa.no\/en\/wp-json\/wp\/v2\/product_brand?post=41283"},{"taxonomy":"product_cat","embeddable":true,"href":"https:\/\/grappa.no\/en\/wp-json\/wp\/v2\/product_cat?post=41283"},{"taxonomy":"product_tag","embeddable":true,"href":"https:\/\/grappa.no\/en\/wp-json\/wp\/v2\/product_tag?post=41283"}],"curies":[{"name":"wp","href":"https:\/\/api.w.org\/{rel}","templated":true}]}}