{"id":41058,"date":"2023-11-15T15:29:22","date_gmt":"2023-11-15T14:29:22","guid":{"rendered":"https:\/\/grappa.no\/?post_type=product&#038;p=41058"},"modified":"2024-11-08T12:44:33","modified_gmt":"2024-11-08T11:44:33","slug":"tredje-sangbok","status":"publish","type":"product","link":"https:\/\/grappa.no\/en\/albums\/grappa\/tredje-sangbok\/","title":{"rendered":"Tredje Sangbok &#8211; SIGNERT UTGAVE!"},"content":{"rendered":"<p><\/p>\n<p>Maj Britt Andersen, Lars Saabye Christensen og Geir Holmsen slipper avsluttende kapittel i KORK-trilogien og deres unike samarbeid<\/p>\n<p><!--more--><\/p>\n<div id=\"pageContainer1\" class=\"_3DaXQB8TXp page\" data-index=\"0\">\n<p>Maj Britt Andersen, Lars Saabye Christensen og Geir Holmsen gir ut det etterlengtede siste kapittelet i deres KORK-Trilogi. Etter \u00e5 ha gitt ut &#8220;Et Stille Sted&#8221; i 2018 og &#8220;Et snev av evig&#8221; i 2021, mottok de med god grunn flere spellemannsnominasjoner. Den 17.november kommer &#8220;Tredje Sangbok&#8221; som avslutter et fantastisk og unikt samarbeid. Med Andersens nydelige stemme og formidlingsevne, Christensen sine formidable spr\u00e5klige bilder og Holmsen sine vidunderlige komposisjoner; er det ingen tvil om at dette samarbeidet g\u00e5r rett inn i historieb\u00f8kene.<\/p>\n<\/div>\n<p><\/p>","protected":false},"excerpt":{"rendered":"<p>Maj Britt Andersen, Lars Saabye Christensen og Geir Holmsen slipper avsluttende kapittel i KORK-trilogien og deres unike samarbeid<\/p>\n","protected":false},"featured_media":41059,"comment_status":"open","ping_status":"closed","template":"","meta":[],"product_brand":[],"product_cat":[6],"product_tag":[],"class_list":{"0":"post-41058","1":"product","2":"type-product","3":"status-publish","4":"has-post-thumbnail","6":"product_cat-grappa","7":"product_shipping_class-cddvd-shipping","8":"uni_main_artist_tag-maj-britt-andersen","9":"uni_artist_genre-norsk-pop","10":"uni_artist_genre-pop","11":"uni_artist_genre-viser","13":"first","14":"instock","15":"taxable","16":"shipping-taxable","17":"purchasable","18":"product-type-simple"},"_links":{"self":[{"href":"https:\/\/grappa.no\/en\/wp-json\/wp\/v2\/product\/41058","targetHints":{"allow":["GET"]}}],"collection":[{"href":"https:\/\/grappa.no\/en\/wp-json\/wp\/v2\/product"}],"about":[{"href":"https:\/\/grappa.no\/en\/wp-json\/wp\/v2\/types\/product"}],"replies":[{"embeddable":true,"href":"https:\/\/grappa.no\/en\/wp-json\/wp\/v2\/comments?post=41058"}],"wp:featuredmedia":[{"embeddable":true,"href":"https:\/\/grappa.no\/en\/wp-json\/wp\/v2\/media\/41059"}],"wp:attachment":[{"href":"https:\/\/grappa.no\/en\/wp-json\/wp\/v2\/media?parent=41058"}],"wp:term":[{"taxonomy":"product_brand","embeddable":true,"href":"https:\/\/grappa.no\/en\/wp-json\/wp\/v2\/product_brand?post=41058"},{"taxonomy":"product_cat","embeddable":true,"href":"https:\/\/grappa.no\/en\/wp-json\/wp\/v2\/product_cat?post=41058"},{"taxonomy":"product_tag","embeddable":true,"href":"https:\/\/grappa.no\/en\/wp-json\/wp\/v2\/product_tag?post=41058"}],"curies":[{"name":"wp","href":"https:\/\/api.w.org\/{rel}","templated":true}]}}