{"id":40894,"date":"2023-09-22T10:03:24","date_gmt":"2023-09-22T09:03:24","guid":{"rendered":"https:\/\/grappa.no\/?post_type=product&#038;p=40894"},"modified":"2025-06-13T12:22:00","modified_gmt":"2025-06-13T11:22:00","slug":"hest-i-huset-2","status":"publish","type":"product","link":"https:\/\/grappa.no\/en\/albums\/grappa\/hest-i-huset-2\/","title":{"rendered":"Hest i Huset"},"content":{"rendered":"<p><\/p>\n<p>Nytt spennende univers skapt av \u00abHest i huset\u00bb: Gustav Lorentzens dikt f\u00e5r nytt liv i form av enest\u00e5ende musikk<\/p>\n<p><!--more--><\/p>\n<div id=\"pageContainer1\" class=\"_3DaXQB8TXp page\" data-index=\"0\">\n<p>Hest i huset, best\u00e5ende av det talentfulle ensemblet Elisabeth Vannebo, Christine Sandtorv, Tone Hulb\u00e6kmo og \u00d8yvind Skarb\u00f8, tar deg med p\u00e5 en reise inn i et helt nytt og fortryllende univers. Dette unike prosjektet gir liv til de fantastiske tekstene til Gustav Lorentzen, ledsaget av gripende melodier skapt av Elisabeth Vannebo.<\/p>\n<\/div>\n<p><\/p>","protected":false},"excerpt":{"rendered":"<p>Hest i huset, best\u00e5ende av det talentfulle ensemblet Elisabeth Vannebo, Christine Sandtorv, Tone Hulb\u00e6kmo og \u00d8yvind Skarb\u00f8, tar deg med p\u00e5 en reise inn i et helt nytt og fortryllende univers. Dette unike prosjektet gir liv til de fantastiske tekstene til Gustav Lorentzen, ledsaget av gripende melodier skapt av Elisabeth Vannebo.<\/p>\n","protected":false},"featured_media":40893,"comment_status":"open","ping_status":"closed","template":"","meta":[],"product_brand":[],"product_cat":[6],"product_tag":[],"class_list":{"0":"post-40894","1":"product","2":"type-product","3":"status-publish","4":"has-post-thumbnail","6":"product_cat-grappa","7":"product_shipping_class-cddvd-shipping","8":"uni_artist_tag-hest-i-huset","9":"uni_main_artist_tag-hest-i-huset","10":"uni_artist_genre-barnemusikk","12":"first","13":"instock","14":"taxable","15":"shipping-taxable","16":"purchasable","17":"product-type-simple"},"_links":{"self":[{"href":"https:\/\/grappa.no\/en\/wp-json\/wp\/v2\/product\/40894","targetHints":{"allow":["GET"]}}],"collection":[{"href":"https:\/\/grappa.no\/en\/wp-json\/wp\/v2\/product"}],"about":[{"href":"https:\/\/grappa.no\/en\/wp-json\/wp\/v2\/types\/product"}],"replies":[{"embeddable":true,"href":"https:\/\/grappa.no\/en\/wp-json\/wp\/v2\/comments?post=40894"}],"wp:featuredmedia":[{"embeddable":true,"href":"https:\/\/grappa.no\/en\/wp-json\/wp\/v2\/media\/40893"}],"wp:attachment":[{"href":"https:\/\/grappa.no\/en\/wp-json\/wp\/v2\/media?parent=40894"}],"wp:term":[{"taxonomy":"product_brand","embeddable":true,"href":"https:\/\/grappa.no\/en\/wp-json\/wp\/v2\/product_brand?post=40894"},{"taxonomy":"product_cat","embeddable":true,"href":"https:\/\/grappa.no\/en\/wp-json\/wp\/v2\/product_cat?post=40894"},{"taxonomy":"product_tag","embeddable":true,"href":"https:\/\/grappa.no\/en\/wp-json\/wp\/v2\/product_tag?post=40894"}],"curies":[{"name":"wp","href":"https:\/\/api.w.org\/{rel}","templated":true}]}}